{"id":916,"date":"2017-12-01T01:27:35","date_gmt":"2017-12-01T00:27:35","guid":{"rendered":"https:\/\/www.vivantdecorations.com\/?page_id=916"},"modified":"2026-03-26T11:49:13","modified_gmt":"2026-03-26T10:49:13","slug":"fruhling-sommer","status":"publish","type":"page","link":"https:\/\/www.vivantdecorations.com\/de\/fruhling-sommer\/","title":{"rendered":"Fr\u00fchling\/Sommer"},"content":{"rendered":"<p>[et_pb_section fb_built=&#8221;1&#8243; admin_label=&#8221;Sectie&#8221; _builder_version=&#8221;4.27.4&#8243; background_image=&#8221;https:\/\/www.vivantdecorations.com\/wp-content\/uploads\/2025\/10\/Header-spring-summer.jpg&#8221; global_colors_info=&#8221;{}&#8221;][et_pb_row _builder_version=&#8221;4.16&#8243; custom_margin=&#8221;0px|||&#8221; custom_padding=&#8221;0px|||&#8221; global_colors_info=&#8221;{}&#8221;][et_pb_column type=&#8221;4_4&#8243; _builder_version=&#8221;4.16&#8243; custom_padding=&#8221;|||&#8221; global_colors_info=&#8221;{}&#8221; custom_padding__hover=&#8221;|||&#8221;][et_pb_text admin_label=&#8221;Paginatitel&#8221; _builder_version=&#8221;4.27.5&#8243; background_color=&#8221;rgba(0,0,0,0.3)&#8221; text_orientation=&#8221;center&#8221; background_layout=&#8221;dark&#8221; module_alignment=&#8221;center&#8221; custom_padding=&#8221;20px|20px|10px|20px&#8221; hover_enabled=&#8221;0&#8243; global_colors_info=&#8221;{}&#8221; sticky_enabled=&#8221;0&#8243;]<\/p>\n<h1><em>LENTE \/ ZOMER COLLECTIE<\/em><\/h1>\n<p>[\/et_pb_text][\/et_pb_column][\/et_pb_row][\/et_pb_section][et_pb_section fb_built=&#8221;1&#8243; _builder_version=&#8221;4.16&#8243; global_colors_info=&#8221;{}&#8221;][et_pb_row _builder_version=&#8221;4.16&#8243; background_size=&#8221;initial&#8221; background_position=&#8221;top_left&#8221; background_repeat=&#8221;repeat&#8221; global_colors_info=&#8221;{}&#8221;][et_pb_column type=&#8221;4_4&#8243; _builder_version=&#8221;4.16&#8243; custom_padding=&#8221;|||&#8221; global_colors_info=&#8221;{}&#8221; custom_padding__hover=&#8221;|||&#8221;][et_pb_text admin_label=&#8221;Tekst&#8221; _builder_version=&#8221;4.25.1&#8243; global_colors_info=&#8221;{}&#8221;]<\/p>\n<p><strong>Fr\u00fchjahr\/Sommer-Kollektion<\/strong><\/p>\n<p>Hier erhalten Sie einen ersten Eindruck von der Fr\u00fchjahrs- und Sommerkollektion von Vivant. Einmal im Jahr erstellen wir eine neue Kollektion mit den neuesten Trends und Entwicklungen bei Stoffen, B\u00e4ndern, Kordeln, Luxusverpackungen und Partydekorationen.<\/p>\n<p>Entdecken Sie unser breites Sortiment an Fr\u00fchlings-\/Sommerartikeln, darunter Papiergirlanden, Osterzweigdekoration, Luxusschokoladenschachteln mit Foliendruck, bedrucktes Drahtband, aber auch zum Beispiel Luxuskordeln als Dekorationsmaterial. Vivant Decorations ist auch die richtige Adresse f\u00fcr Schaufenstermaterialien f\u00fcr Fr\u00fchling und Sommer f\u00fcr Gro\u00dfh\u00e4ndler, Kaufh\u00e4user, Gartencenter und den Einzelhandel.<\/p>\n<p><strong>Neueste Trends und Entwicklungen bei der saisonalen Dekoration<\/strong><\/p>\n<p>Unsere Fr\u00fchjahr\/Sommer-Kollektion umfasst jedes Jahr eine Reihe von Themen. Die nachstehende \u00dcbersicht zeigt eine Auswahl. In den Produktgruppen und in unserer Fr\u00fchjahr\/Sommer-Brosch\u00fcre finden Sie noch mehr Dekorationsartikel, die zu jedem Thema passen. Da wir uns eng an den neuesten Trends in der Mode und Inneneinrichtung orientieren, ist unsere Kollektion immer auf dem neuesten Stand.<\/p>\n<p>Bei Fragen nehmen Sie bitte Kontakt mit uns auf oder senden Sie uns das Formular f\u00fcr Verkaufsanfragen.<\/p>\n<p>[\/et_pb_text][\/et_pb_column][\/et_pb_row][et_pb_row column_structure=&#8221;1_3,1_3,1_3&#8243; use_custom_gutter=&#8221;on&#8221; gutter_width=&#8221;2&#8243; module_class=&#8221;dmm_fp_producten&#8221; _builder_version=&#8221;4.16&#8243; global_colors_info=&#8221;{}&#8221;][et_pb_column type=&#8221;1_3&#8243; _builder_version=&#8221;4.16&#8243; background_position=&#8221;top_left&#8221; custom_padding=&#8221;|||&#8221; global_colors_info=&#8221;{}&#8221; custom_padding__hover=&#8221;|||&#8221;][et_pb_image src=&#8221;https:\/\/www.vivantdecorations.com\/wp-content\/uploads\/2025\/10\/tegel-beau-botanique.jpg&#8221; alt=&#8221;SS23 Spring joy theme &#8221; title_text=&#8221;tegel beau botanique&#8221; url=&#8221;https:\/\/www.vivantdecorations.com\/lente-zomer\/festivefun\/&#8221; use_overlay=&#8221;on&#8221; hover_icon=&#8221;&#xe050;||divi||400&#8243; show_bottom_space=&#8221;off&#8221; force_fullwidth=&#8221;on&#8221; align_tablet=&#8221;center&#8221; align_phone=&#8221;&#8221; align_last_edited=&#8221;on|desktop&#8221; admin_label=&#8221;Afbeelding&#8221; module_class=&#8221;dmm_fp_blockimage&#8221; _builder_version=&#8221;4.27.4&#8243; animation=&#8221;off&#8221; sticky=&#8221;on&#8221; global_colors_info=&#8221;{}&#8221;][\/et_pb_image][et_pb_blurb title=&#8221;beau botanique&#8221; url=&#8221;https:\/\/www.vivantdecorations.com\/lente-zomer\/festivefun\/&#8221; admin_label=&#8221;Blurb&#8221; _builder_version=&#8221;4.27.5&#8243; text_orientation=&#8221;center&#8221; max_width_tablet=&#8221;50px&#8221; hover_enabled=&#8221;0&#8243; global_colors_info=&#8221;{}&#8221; sticky_enabled=&#8221;0&#8243;]<\/p>\n<p class=\"p1\"><span>Omarm de rust van de natuur met botanische prints, luchtige tule en natuurlijke materialen.<\/span><\/p>\n<p>[\/et_pb_blurb][\/et_pb_column][et_pb_column type=&#8221;1_3&#8243; _builder_version=&#8221;4.16&#8243; background_position=&#8221;top_left&#8221; custom_padding=&#8221;|||&#8221; global_colors_info=&#8221;{}&#8221; custom_padding__hover=&#8221;|||&#8221;][et_pb_image src=&#8221;https:\/\/www.vivantdecorations.com\/wp-content\/uploads\/2025\/10\/tegel-be-loved.jpg&#8221; alt=&#8221;Flower foison trend theme for spring summer 2023&#8243; title_text=&#8221;tegel be loved&#8221; url=&#8221;https:\/\/www.vivantdecorations.com\/lente-zomer\/pureperfection\/&#8221; use_overlay=&#8221;on&#8221; hover_icon=&#8221;&#xe050;||divi||400&#8243; show_bottom_space=&#8221;off&#8221; force_fullwidth=&#8221;on&#8221; align_tablet=&#8221;center&#8221; align_phone=&#8221;&#8221; align_last_edited=&#8221;on|desktop&#8221; admin_label=&#8221;Afbeelding&#8221; module_class=&#8221;dmm_fp_blockimage&#8221; _builder_version=&#8221;4.27.4&#8243; global_colors_info=&#8221;{}&#8221;][\/et_pb_image][et_pb_blurb title=&#8221;be-loved&#8221; url=&#8221;https:\/\/www.vivantdecorations.com\/lente-zomer\/pureperfection\/&#8221; _builder_version=&#8221;4.27.5&#8243; text_orientation=&#8221;center&#8221; max_width_tablet=&#8221;50px&#8221; hover_enabled=&#8221;0&#8243; global_colors_info=&#8221;{}&#8221; sticky_enabled=&#8221;0&#8243;]<\/p>\n<p class=\"p1\">Versier elk cadeau met hartjes, rozen in bloei en zachte kanten strikjes.<\/p>\n<p>[\/et_pb_blurb][\/et_pb_column][et_pb_column type=&#8221;1_3&#8243; _builder_version=&#8221;4.16&#8243; background_position=&#8221;top_left&#8221; custom_padding=&#8221;|||&#8221; global_colors_info=&#8221;{}&#8221; custom_padding__hover=&#8221;|||&#8221;][et_pb_image src=&#8221;https:\/\/www.vivantdecorations.com\/wp-content\/uploads\/2025\/10\/tegel-splendid-spring.jpg&#8221; alt=&#8221;Sweet appeal trend theme for SS23&#8243; title_text=&#8221;tegel splendid spring&#8221; url=&#8221;https:\/\/www.vivantdecorations.com\/lente-zomer\/emballishedeaster\/&#8221; use_overlay=&#8221;on&#8221; hover_icon=&#8221;&#xe050;||divi||400&#8243; show_bottom_space=&#8221;off&#8221; force_fullwidth=&#8221;on&#8221; align_tablet=&#8221;center&#8221; align_phone=&#8221;&#8221; align_last_edited=&#8221;on|desktop&#8221; admin_label=&#8221;Afbeelding&#8221; module_class=&#8221;dmm_fp_blockimage&#8221; _builder_version=&#8221;4.27.4&#8243; global_colors_info=&#8221;{}&#8221;][\/et_pb_image][et_pb_blurb title=&#8221;splendid spring&#8221; url=&#8221;https:\/\/www.vivantdecorations.com\/lente-zomer\/emballishedeaster\/&#8221; _builder_version=&#8221;4.27.5&#8243; text_orientation=&#8221;center&#8221; max_width_tablet=&#8221;50px&#8221; hover_enabled=&#8221;0&#8243; global_colors_info=&#8221;{}&#8221; sticky_enabled=&#8221;0&#8243;]<\/p>\n<p class=\"p1\"><span>De lente kleurt je huis vrolijk met folkloreprints, paastakken en frisse tulpen.<\/span><\/p>\n<p>[\/et_pb_blurb][\/et_pb_column][\/et_pb_row][et_pb_row column_structure=&#8221;1_3,1_3,1_3&#8243; use_custom_gutter=&#8221;on&#8221; gutter_width=&#8221;2&#8243; module_class=&#8221;dmm_fp_producten&#8221; _builder_version=&#8221;4.16&#8243; global_colors_info=&#8221;{}&#8221;][et_pb_column type=&#8221;1_3&#8243; _builder_version=&#8221;4.16&#8243; background_position=&#8221;top_left&#8221; custom_padding=&#8221;|||&#8221; global_colors_info=&#8221;{}&#8221; custom_padding__hover=&#8221;|||&#8221;][et_pb_image src=&#8221;https:\/\/www.vivantdecorations.com\/wp-content\/uploads\/2025\/10\/tegel-summer-cheer.jpg&#8221; alt=&#8221;Spring Summer trend theme Coastal oasis&#8221; title_text=&#8221;tegel summer cheer&#8221; url=&#8221;https:\/\/www.vivantdecorations.com\/lente-zomer\/nostalgic-nature\/&#8221; use_overlay=&#8221;on&#8221; hover_icon=&#8221;&#xe050;||divi||400&#8243; show_bottom_space=&#8221;off&#8221; force_fullwidth=&#8221;on&#8221; align_tablet=&#8221;center&#8221; align_phone=&#8221;&#8221; align_last_edited=&#8221;on|desktop&#8221; admin_label=&#8221;Afbeelding&#8221; module_class=&#8221;dmm_fp_blockimage&#8221; _builder_version=&#8221;4.27.4&#8243; global_colors_info=&#8221;{}&#8221;][\/et_pb_image][et_pb_blurb title=&#8221;summer cheer&#8221; url=&#8221;https:\/\/www.vivantdecorations.com\/lente-zomer\/nostalgic-nature\/&#8221; admin_label=&#8221;Blurb&#8221; _builder_version=&#8221;4.27.5&#8243; header_text_align=&#8221;center&#8221; hover_enabled=&#8221;0&#8243; global_colors_info=&#8221;{}&#8221; sticky_enabled=&#8221;0&#8243;]<\/p>\n<p class=\"p1\" style=\"text-align: center;\">Haal de zomerse sfeer in huis met felle, kleurrijke bloemen die elke kamer vullen met een vleugje vrolijkheid.<\/p>\n<p>[\/et_pb_blurb][\/et_pb_column][et_pb_column type=&#8221;1_3&#8243; _builder_version=&#8221;4.16&#8243; background_position=&#8221;top_left&#8221; custom_padding=&#8221;|||&#8221; global_colors_info=&#8221;{}&#8221; custom_padding__hover=&#8221;|||&#8221;][\/et_pb_column][et_pb_column type=&#8221;1_3&#8243; _builder_version=&#8221;4.16&#8243; background_position=&#8221;top_left&#8221; custom_padding=&#8221;|||&#8221; global_colors_info=&#8221;{}&#8221; custom_padding__hover=&#8221;|||&#8221;][\/et_pb_column][\/et_pb_row][\/et_pb_section][et_pb_section fb_built=&#8221;1&#8243; _builder_version=&#8221;4.16&#8243; custom_padding=&#8221;0px|||&#8221; global_colors_info=&#8221;{}&#8221;][et_pb_row _builder_version=&#8221;4.16&#8243; background_size=&#8221;initial&#8221; background_position=&#8221;top_left&#8221; background_repeat=&#8221;repeat&#8221; global_colors_info=&#8221;{}&#8221;][et_pb_column type=&#8221;4_4&#8243; _builder_version=&#8221;4.16&#8243; custom_padding=&#8221;|||&#8221; global_colors_info=&#8221;{}&#8221; custom_padding__hover=&#8221;|||&#8221;][et_pb_text _builder_version=&#8221;4.27.5&#8243; text_orientation=&#8221;center&#8221; module_alignment=&#8221;center&#8221; hover_enabled=&#8221;0&#8243; global_colors_info=&#8221;{}&#8221; sticky_enabled=&#8221;0&#8243;]<\/p>\n<h2>meer weten over deze collectie?<\/h2>\n<p>[\/et_pb_text][et_pb_button button_url=&#8221;\/informatie-aanvragen&#8221; button_text=&#8221;neem contact met ons op&#8221; button_alignment=&#8221;center&#8221; _builder_version=&#8221;4.27.5&#8243; background_layout=&#8221;dark&#8221; hover_enabled=&#8221;0&#8243; global_colors_info=&#8221;{}&#8221; button_text_size__hover_enabled=&#8221;off&#8221; button_one_text_size__hover_enabled=&#8221;off&#8221; button_two_text_size__hover_enabled=&#8221;off&#8221; button_text_color__hover_enabled=&#8221;off&#8221; button_one_text_color__hover_enabled=&#8221;off&#8221; button_two_text_color__hover_enabled=&#8221;off&#8221; button_border_width__hover_enabled=&#8221;off&#8221; button_one_border_width__hover_enabled=&#8221;off&#8221; button_two_border_width__hover_enabled=&#8221;off&#8221; button_border_color__hover_enabled=&#8221;off&#8221; button_one_border_color__hover_enabled=&#8221;off&#8221; button_two_border_color__hover_enabled=&#8221;off&#8221; button_border_radius__hover_enabled=&#8221;off&#8221; button_one_border_radius__hover_enabled=&#8221;off&#8221; button_two_border_radius__hover_enabled=&#8221;off&#8221; button_letter_spacing__hover_enabled=&#8221;off&#8221; button_one_letter_spacing__hover_enabled=&#8221;off&#8221; button_two_letter_spacing__hover_enabled=&#8221;off&#8221; button_bg_color__hover_enabled=&#8221;off&#8221; button_one_bg_color__hover_enabled=&#8221;off&#8221; button_two_bg_color__hover_enabled=&#8221;off&#8221; sticky_enabled=&#8221;0&#8243;][\/et_pb_button][\/et_pb_column][\/et_pb_row][\/et_pb_section]<\/p>","protected":false},"excerpt":{"rendered":"<p>LENTE \/ ZOMER COLLECTIELente \/ zomer collectie Hier krijgt u een eerste indruk van Vivant&#8217;s voorjaar en zomer collectie. Een keer per jaar maken wij een nieuwe collectie met de nieuwste trends en ontwikkelingen op het gebied van stoffen, lint, koorden luxe verpakkingen en feest decoraties. Ontdek ons ruim assortiment in lente \/ zomer artikelen [&hellip;]<\/p>","protected":false},"author":3,"featured_media":0,"parent":0,"menu_order":72,"comment_status":"closed","ping_status":"closed","template":"","meta":{"_et_pb_use_builder":"on","_et_pb_old_content":"","_et_gb_content_width":"","footnotes":""},"dipi_cpt_category":[],"class_list":["post-916","page","type-page","status-publish","hentry"],"yoast_head":"<!-- This site is optimized with the Yoast SEO plugin v26.6 - https:\/\/yoast.com\/wordpress\/plugins\/seo\/ -->\n<title>Nieuwste lente \/ zomer collectie van Vivant Decorations.<\/title>\n<meta name=\"description\" content=\"Hier vindt u de nieuwste trends en ontwikkelingen in onze lente \/ zomer collectie met decoraties en verpakkingen van Vivant\" \/>\n<meta name=\"robots\" content=\"index, follow, max-snippet:-1, max-image-preview:large, max-video-preview:-1\" \/>\n<link rel=\"canonical\" href=\"https:\/\/www.vivantdecorations.com\/de\/fruhling-sommer\/\" \/>\n<meta property=\"og:locale\" content=\"de_DE\" \/>\n<meta property=\"og:type\" content=\"article\" \/>\n<meta property=\"og:title\" content=\"Nieuwste lente \/ zomer collectie van Vivant Decorations.\" \/>\n<meta property=\"og:description\" content=\"Hier vindt u de nieuwste trends en ontwikkelingen in onze lente \/ zomer collectie met decoraties en verpakkingen van Vivant\" \/>\n<meta property=\"og:url\" content=\"https:\/\/www.vivantdecorations.com\/de\/fruhling-sommer\/\" \/>\n<meta property=\"og:site_name\" content=\"Vivant\" \/>\n<meta property=\"article:modified_time\" content=\"2026-03-26T10:49:13+00:00\" \/>\n<meta name=\"twitter:card\" content=\"summary_large_image\" \/>\n<meta name=\"twitter:label1\" content=\"Gesch\u00e4tzte Lesezeit\" \/>\n\t<meta name=\"twitter:data1\" content=\"6\u00a0Minuten\" \/>\n<script type=\"application\/ld+json\" class=\"yoast-schema-graph\">{\"@context\":\"https:\/\/schema.org\",\"@graph\":[{\"@type\":\"WebPage\",\"@id\":\"https:\/\/www.vivantdecorations.com\/lente-zomer\/\",\"url\":\"https:\/\/www.vivantdecorations.com\/lente-zomer\/\",\"name\":\"Nieuwste lente \/ zomer collectie van Vivant Decorations.\",\"isPartOf\":{\"@id\":\"https:\/\/www.vivantdecorations.com\/#website\"},\"datePublished\":\"2017-12-01T00:27:35+00:00\",\"dateModified\":\"2026-03-26T10:49:13+00:00\",\"description\":\"Hier vindt u de nieuwste trends en ontwikkelingen in onze lente \/ zomer collectie met decoraties en verpakkingen van Vivant\",\"breadcrumb\":{\"@id\":\"https:\/\/www.vivantdecorations.com\/lente-zomer\/#breadcrumb\"},\"inLanguage\":\"de\",\"potentialAction\":[{\"@type\":\"ReadAction\",\"target\":[\"https:\/\/www.vivantdecorations.com\/lente-zomer\/\"]}]},{\"@type\":\"BreadcrumbList\",\"@id\":\"https:\/\/www.vivantdecorations.com\/lente-zomer\/#breadcrumb\",\"itemListElement\":[{\"@type\":\"ListItem\",\"position\":1,\"name\":\"Home\",\"item\":\"https:\/\/www.vivantdecorations.com\/\"},{\"@type\":\"ListItem\",\"position\":2,\"name\":\"Lente \/ zomer\"}]},{\"@type\":\"WebSite\",\"@id\":\"https:\/\/www.vivantdecorations.com\/#website\",\"url\":\"https:\/\/www.vivantdecorations.com\/\",\"name\":\"Vivant\",\"description\":\"Decoration products and luxury packaging\",\"publisher\":{\"@id\":\"https:\/\/www.vivantdecorations.com\/#organization\"},\"potentialAction\":[{\"@type\":\"SearchAction\",\"target\":{\"@type\":\"EntryPoint\",\"urlTemplate\":\"https:\/\/www.vivantdecorations.com\/?s={search_term_string}\"},\"query-input\":{\"@type\":\"PropertyValueSpecification\",\"valueRequired\":true,\"valueName\":\"search_term_string\"}}],\"inLanguage\":\"de\"},{\"@type\":\"Organization\",\"@id\":\"https:\/\/www.vivantdecorations.com\/#organization\",\"name\":\"Vivant\",\"url\":\"https:\/\/www.vivantdecorations.com\/\",\"logo\":{\"@type\":\"ImageObject\",\"inLanguage\":\"de\",\"@id\":\"https:\/\/www.vivantdecorations.com\/#\/schema\/logo\/image\/\",\"url\":\"https:\/\/www.vivantdecorations.com\/wp-content\/uploads\/2017\/10\/vivant-logo-210x60px.png\",\"contentUrl\":\"https:\/\/www.vivantdecorations.com\/wp-content\/uploads\/2017\/10\/vivant-logo-210x60px.png\",\"width\":210,\"height\":60,\"caption\":\"Vivant\"},\"image\":{\"@id\":\"https:\/\/www.vivantdecorations.com\/#\/schema\/logo\/image\/\"}}]}<\/script>\n<!-- \/ Yoast SEO plugin. -->","yoast_head_json":{"title":"Die neueste Fr\u00fchjahr\/Sommer-Kollektion von Vivant Decorations.","description":"Hier finden Sie die neuesten Trends und Entwicklungen in unserer Fr\u00fchjahr\/Sommer-Kollektion mit Dekorationen und Verpackungen von Vivant","robots":{"index":"index","follow":"follow","max-snippet":"max-snippet:-1","max-image-preview":"max-image-preview:large","max-video-preview":"max-video-preview:-1"},"canonical":"https:\/\/www.vivantdecorations.com\/de\/fruhling-sommer\/","og_locale":"de_DE","og_type":"article","og_title":"Nieuwste lente \/ zomer collectie van Vivant Decorations.","og_description":"Hier vindt u de nieuwste trends en ontwikkelingen in onze lente \/ zomer collectie met decoraties en verpakkingen van Vivant","og_url":"https:\/\/www.vivantdecorations.com\/de\/fruhling-sommer\/","og_site_name":"Vivant","article_modified_time":"2026-03-26T10:49:13+00:00","twitter_card":"summary_large_image","twitter_misc":{"Gesch\u00e4tzte Lesezeit":"6\u00a0Minuten"},"schema":{"@context":"https:\/\/schema.org","@graph":[{"@type":"WebPage","@id":"https:\/\/www.vivantdecorations.com\/lente-zomer\/","url":"https:\/\/www.vivantdecorations.com\/lente-zomer\/","name":"Die neueste Fr\u00fchjahr\/Sommer-Kollektion von Vivant Decorations.","isPartOf":{"@id":"https:\/\/www.vivantdecorations.com\/#website"},"datePublished":"2017-12-01T00:27:35+00:00","dateModified":"2026-03-26T10:49:13+00:00","description":"Hier finden Sie die neuesten Trends und Entwicklungen in unserer Fr\u00fchjahr\/Sommer-Kollektion mit Dekorationen und Verpackungen von Vivant","breadcrumb":{"@id":"https:\/\/www.vivantdecorations.com\/lente-zomer\/#breadcrumb"},"inLanguage":"de","potentialAction":[{"@type":"ReadAction","target":["https:\/\/www.vivantdecorations.com\/lente-zomer\/"]}]},{"@type":"BreadcrumbList","@id":"https:\/\/www.vivantdecorations.com\/lente-zomer\/#breadcrumb","itemListElement":[{"@type":"ListItem","position":1,"name":"Home","item":"https:\/\/www.vivantdecorations.com\/"},{"@type":"ListItem","position":2,"name":"Lente \/ zomer"}]},{"@type":"WebSite","@id":"https:\/\/www.vivantdecorations.com\/#website","url":"https:\/\/www.vivantdecorations.com\/","name":"Vivant","description":"Dekorationsartikel und Luxusverpackungen","publisher":{"@id":"https:\/\/www.vivantdecorations.com\/#organization"},"potentialAction":[{"@type":"SearchAction","target":{"@type":"EntryPoint","urlTemplate":"https:\/\/www.vivantdecorations.com\/?s={search_term_string}"},"query-input":{"@type":"PropertyValueSpecification","valueRequired":true,"valueName":"search_term_string"}}],"inLanguage":"de"},{"@type":"Organization","@id":"https:\/\/www.vivantdecorations.com\/#organization","name":"Vivant","url":"https:\/\/www.vivantdecorations.com\/","logo":{"@type":"ImageObject","inLanguage":"de","@id":"https:\/\/www.vivantdecorations.com\/#\/schema\/logo\/image\/","url":"https:\/\/www.vivantdecorations.com\/wp-content\/uploads\/2017\/10\/vivant-logo-210x60px.png","contentUrl":"https:\/\/www.vivantdecorations.com\/wp-content\/uploads\/2017\/10\/vivant-logo-210x60px.png","width":210,"height":60,"caption":"Vivant"},"image":{"@id":"https:\/\/www.vivantdecorations.com\/#\/schema\/logo\/image\/"}}]}},"_links":{"self":[{"href":"https:\/\/www.vivantdecorations.com\/de\/wp-json\/wp\/v2\/pages\/916","targetHints":{"allow":["GET"]}}],"collection":[{"href":"https:\/\/www.vivantdecorations.com\/de\/wp-json\/wp\/v2\/pages"}],"about":[{"href":"https:\/\/www.vivantdecorations.com\/de\/wp-json\/wp\/v2\/types\/page"}],"author":[{"embeddable":true,"href":"https:\/\/www.vivantdecorations.com\/de\/wp-json\/wp\/v2\/users\/3"}],"replies":[{"embeddable":true,"href":"https:\/\/www.vivantdecorations.com\/de\/wp-json\/wp\/v2\/comments?post=916"}],"version-history":[{"count":180,"href":"https:\/\/www.vivantdecorations.com\/de\/wp-json\/wp\/v2\/pages\/916\/revisions"}],"predecessor-version":[{"id":26787,"href":"https:\/\/www.vivantdecorations.com\/de\/wp-json\/wp\/v2\/pages\/916\/revisions\/26787"}],"wp:attachment":[{"href":"https:\/\/www.vivantdecorations.com\/de\/wp-json\/wp\/v2\/media?parent=916"}],"wp:term":[{"taxonomy":"dipi_cpt_category","embeddable":true,"href":"https:\/\/www.vivantdecorations.com\/de\/wp-json\/wp\/v2\/dipi_cpt_category?post=916"}],"curies":[{"name":"wp","href":"https:\/\/api.w.org\/{rel}","templated":true}]}}