{"id":810,"date":"2017-11-30T18:29:12","date_gmt":"2017-11-30T17:29:12","guid":{"rendered":"https:\/\/www.vivantdecorations.com\/?page_id=810"},"modified":"2026-04-07T11:26:33","modified_gmt":"2026-04-07T09:26:33","slug":"partei","status":"publish","type":"page","link":"https:\/\/www.vivantdecorations.com\/de\/partei\/","title":{"rendered":"Party"},"content":{"rendered":"<p>[et_pb_section fb_built=&#8221;1&#8243; _builder_version=&#8221;4.27.5&#8243; background_image=&#8221;https:\/\/www.vivantdecorations.com\/wp-content\/uploads\/2026\/03\/Herfst-smal-lang.jpg&#8221; global_colors_info=&#8221;{}&#8221;][et_pb_row _builder_version=&#8221;4.16&#8243; custom_margin=&#8221;0px|||&#8221; custom_padding=&#8221;0px|||&#8221; global_colors_info=&#8221;{}&#8221;][et_pb_column type=&#8221;4_4&#8243; _builder_version=&#8221;4.16&#8243; custom_padding=&#8221;|||&#8221; global_colors_info=&#8221;{}&#8221; custom_padding__hover=&#8221;|||&#8221;][et_pb_text admin_label=&#8221;Paginatitel&#8221; _builder_version=&#8221;4.16&#8243; background_color=&#8221;rgba(0,0,0,0.3)&#8221; text_orientation=&#8221;center&#8221; background_layout=&#8221;dark&#8221; module_alignment=&#8221;center&#8221; custom_padding=&#8221;20px|20px|10px|20px&#8221; global_colors_info=&#8221;{}&#8221;]<\/p>\n<h1>FEEST<\/h1>\n<p>[\/et_pb_text][\/et_pb_column][\/et_pb_row][\/et_pb_section][et_pb_section fb_built=&#8221;1&#8243; _builder_version=&#8221;4.16&#8243; global_colors_info=&#8221;{}&#8221;][et_pb_row _builder_version=&#8221;4.16&#8243; background_size=&#8221;initial&#8221; background_position=&#8221;top_left&#8221; background_repeat=&#8221;repeat&#8221; global_colors_info=&#8221;{}&#8221;][et_pb_column type=&#8221;4_4&#8243; _builder_version=&#8221;4.16&#8243; custom_padding=&#8221;|||&#8221; global_colors_info=&#8221;{}&#8221; custom_padding__hover=&#8221;|||&#8221;][et_pb_text _builder_version=&#8221;4.16&#8243; global_colors_info=&#8221;{}&#8221;]<\/p>\n<p class=\"p1\"><strong>Partydekorationen f\u00fcr jeden besonderen Anlass<\/strong><\/p>\n<p class=\"p1\">Bei Vivant sind Sie an der richtigen Adresse f\u00fcr luxuri\u00f6ses Geschenkpapier, Geschenkt\u00fcten, Pralinenschachteln und Weinbeutel, um Geschenke wie Pralinen, Blumen oder eine Flasche Wein festlich und stilvoll zu verpacken. In der Vivant-Kollektion f\u00fcr Partybedarf finden Sie Dekoration und Schmuck f\u00fcr jeden besonderen Anlass.<\/p>\n<p class=\"p1\">Denken Sie an Tischdekorationen wie Tischl\u00e4ufer und Untersetzer f\u00fcr den perfekten Oster- oder Weihnachtstisch. Auch Dekorationen und anderer Geschenkschmuck, um Ihrem Geschenk den perfekten Schliff zu geben, wie Quasten, Anh\u00e4nger oder eine passende goldene Kordel. Ob Sie nun gro\u00dfe champagnerfarbene Schleifen f\u00fcr die Dekoration Ihres Ladens zum Thema Hochzeit oder die richtigen Tischsets f\u00fcr die weihnachtliche Atmosph\u00e4re in Ihrem Restaurant suchen... in unserer Kollektion finden Sie das perfekte Dekorationsmaterial f\u00fcr jeden besonderen Anlass oder Event. Denken Sie auch an Nikolausb\u00e4nder, Girlanden, Valentinstagsdekorationen oder selbstklebende Schleifen f\u00fcr Ihre Taufe.<\/p>\n<p>[\/et_pb_text][\/et_pb_column][\/et_pb_row][et_pb_row column_structure=&#8221;1_3,1_3,1_3&#8243; use_custom_gutter=&#8221;on&#8221; gutter_width=&#8221;2&#8243; module_class=&#8221;dmm_fp_producten&#8221; _builder_version=&#8221;4.16&#8243; global_colors_info=&#8221;{}&#8221;][et_pb_column type=&#8221;1_3&#8243; _builder_version=&#8221;4.16&#8243; background_position=&#8221;top_left&#8221; custom_padding=&#8221;|||&#8221; global_colors_info=&#8221;{}&#8221; custom_padding__hover=&#8221;|||&#8221;][et_pb_image src=&#8221;https:\/\/www.vivantdecorations.com\/wp-content\/uploads\/2026\/03\/Verjaardag-1-foto.jpg&#8221; alt=&#8221;Birthday decoration and party ribbons&#8221; title_text=&#8221;Verjaardag 1 foto&#8221; url=&#8221;\/feest\/verjaardag\/&#8221; use_overlay=&#8221;on&#8221; hover_icon=&#8221;&#xe050;||divi||400&#8243; show_bottom_space=&#8221;off&#8221; force_fullwidth=&#8221;on&#8221; align_tablet=&#8221;center&#8221; align_phone=&#8221;&#8221; align_last_edited=&#8221;on|desktop&#8221; module_class=&#8221;dmm_fp_blockimage&#8221; _builder_version=&#8221;4.27.5&#8243; animation_direction=&#8221;off&#8221; animation=&#8221;off&#8221; sticky=&#8221;on&#8221; always_center_on_mobile=&#8221;on&#8221; global_colors_info=&#8221;{}&#8221;][\/et_pb_image][et_pb_blurb title=&#8221;verjaardag&#8221; url=&#8221;\/feest\/verjaardag&#8221; _builder_version=&#8221;4.25.1&#8243; text_orientation=&#8221;center&#8221; max_width_tablet=&#8221;50px&#8221; global_colors_info=&#8221;{}&#8221;]<\/p>\n<p>Zu einem Geburtstag geh\u00f6ren Girlanden und ein sch\u00f6n verpacktes Geschenk. Schauen Sie sich unsere Auswahl f\u00fcr eine schicke Geburtstagsparty an!<\/p>\n<p>[\/et_pb_blurb][et_pb_image src=&#8221;https:\/\/www.vivantdecorations.com\/wp-content\/uploads\/2026\/03\/Geboorte-1.foto-1.jpg&#8221; alt=&#8221;Babylinten voor geboorte en doopfeest baptism en babyshower&#8221; title_text=&#8221;Geboorte 1.foto 1&#8243; url=&#8221;\/feest\/geboorte\/&#8221; use_overlay=&#8221;on&#8221; hover_icon=&#8221;&#xe050;||divi||400&#8243; show_bottom_space=&#8221;off&#8221; force_fullwidth=&#8221;on&#8221; align_tablet=&#8221;center&#8221; align_phone=&#8221;&#8221; align_last_edited=&#8221;on|desktop&#8221; admin_label=&#8221;Afbeelding&#8221; module_class=&#8221;dmm_fp_blockimage&#8221; _builder_version=&#8221;4.27.5&#8243; global_colors_info=&#8221;{}&#8221;][\/et_pb_image][et_pb_blurb title=&#8221;geboorte&#8221; url=&#8221;\/feest\/geboorte\/&#8221; _builder_version=&#8221;4.27.5&#8243; text_orientation=&#8221;center&#8221; max_width_tablet=&#8221;50px&#8221; global_colors_info=&#8221;{}&#8221;]<\/p>\n<p>Unsere Auswahl an Dekorationen zur Geburt umfasst festliche Girlanden, Zuckert\u00fcten zur Taufe, Schachteln, Schleifen und Kordeln.<\/p>\n<p>[\/et_pb_blurb][\/et_pb_column][et_pb_column type=&#8221;1_3&#8243; _builder_version=&#8221;4.16&#8243; background_position=&#8221;top_left&#8221; custom_padding=&#8221;|||&#8221; global_colors_info=&#8221;{}&#8221; custom_padding__hover=&#8221;|||&#8221;][et_pb_image src=&#8221;https:\/\/www.vivantdecorations.com\/wp-content\/uploads\/2026\/03\/Pasen-1-foto.jpg&#8221; alt=&#8221;Easter brunch thema met nieuwe paasartikelen&#8221; title_text=&#8221;Pasen 1 foto&#8221; url=&#8221;\/feest\/pasen\/&#8221; use_overlay=&#8221;on&#8221; hover_icon=&#8221;&#xe050;||divi||400&#8243; show_bottom_space=&#8221;off&#8221; force_fullwidth=&#8221;on&#8221; align_tablet=&#8221;center&#8221; align_phone=&#8221;&#8221; align_last_edited=&#8221;on|desktop&#8221; module_class=&#8221;dmm_fp_blockimage&#8221; _builder_version=&#8221;4.27.5&#8243; global_colors_info=&#8221;{}&#8221;][\/et_pb_image][et_pb_blurb title=&#8221;pasen&#8221; url=&#8221;\/feest\/pasen\/&#8221; _builder_version=&#8221;4.25.1&#8243; text_orientation=&#8221;center&#8221; max_width_tablet=&#8221;50px&#8221; global_colors_info=&#8221;{}&#8221;]<\/p>\n<p>Ein klassisches Osterfest oder Ostern mit einem trendigen Twist? Sehen Sie sich unsere originellen und traditionellen Osterdekorationen und -verpackungen an.<\/p>\n<p>[\/et_pb_blurb][et_pb_image src=&#8221;https:\/\/www.vivantdecorations.com\/wp-content\/uploads\/2026\/04\/huwelijk-1-foto.jpg&#8221; alt=&#8221;Linten&#8221; title_text=&#8221;huwelijk 1 foto&#8221; url=&#8221;\/feest\/huwelijk\/&#8221; use_overlay=&#8221;on&#8221; hover_icon=&#8221;&#xe050;||divi||400&#8243; show_bottom_space=&#8221;off&#8221; force_fullwidth=&#8221;on&#8221; align_tablet=&#8221;center&#8221; align_phone=&#8221;&#8221; align_last_edited=&#8221;on|desktop&#8221; module_class=&#8221;dmm_fp_blockimage&#8221; _builder_version=&#8221;4.27.5&#8243; hover_enabled=&#8221;0&#8243; global_colors_info=&#8221;{}&#8221; sticky_enabled=&#8221;0&#8243;][\/et_pb_image][et_pb_blurb title=&#8221;huwelijk&#8221; url=&#8221;\/feest\/huwelijk\/&#8221; _builder_version=&#8221;4.25.1&#8243; text_orientation=&#8221;center&#8221; max_width_tablet=&#8221;50px&#8221; global_colors_info=&#8221;{}&#8221;]<\/p>\n<p>Wei\u00df, Champagner oder Silber?  Die Hochzeitsdekoration von Vivant verwandelt den Veranstaltungsort in ein M\u00e4rchen.<\/p>\n<p>[\/et_pb_blurb][\/et_pb_column][et_pb_column type=&#8221;1_3&#8243; _builder_version=&#8221;4.16&#8243; background_position=&#8221;top_left&#8221; custom_padding=&#8221;|||&#8221; global_colors_info=&#8221;{}&#8221; custom_padding__hover=&#8221;|||&#8221;][et_pb_image src=&#8221;https:\/\/www.vivantdecorations.com\/wp-content\/uploads\/2026\/03\/kerstmis.jpg&#8221; alt=&#8221;Magic manifest trend theme for Fall winter collection&#8221; title_text=&#8221;kerstmis&#8221; url=&#8221;\/feest\/kerstmis\/&#8221; use_overlay=&#8221;on&#8221; hover_icon=&#8221;&#xe050;||divi||400&#8243; show_bottom_space=&#8221;off&#8221; force_fullwidth=&#8221;on&#8221; align_tablet=&#8221;center&#8221; align_phone=&#8221;&#8221; align_last_edited=&#8221;on|desktop&#8221; module_class=&#8221;dmm_fp_blockimage&#8221; _builder_version=&#8221;4.27.5&#8243; global_colors_info=&#8221;{}&#8221;][\/et_pb_image][et_pb_blurb title=&#8221;kerstmis&#8221; url=&#8221;\/feest\/kerstmis\/&#8221; _builder_version=&#8221;4.25.1&#8243; text_orientation=&#8221;center&#8221; max_width_tablet=&#8221;50px&#8221; global_colors_info=&#8221;{}&#8221;]<\/p>\n<p>Vivant macht Weihnachten zu einem gem\u00fctlichen Fest mit sch\u00f6nen Weihnachtsb\u00e4ndern, luxuri\u00f6sem Tischschmuck und Schleifen f\u00fcr den Baum.<\/p>\n<p>[\/et_pb_blurb][et_pb_image src=&#8221;https:\/\/www.vivantdecorations.com\/wp-content\/uploads\/2026\/03\/valentijn.jpg&#8221; alt=&#8221;Linten&#8221; title_text=&#8221;valentijn&#8221; url=&#8221;\/feest\/valentijn\/&#8221; use_overlay=&#8221;on&#8221; hover_icon=&#8221;&#xe050;||divi||400&#8243; show_bottom_space=&#8221;off&#8221; force_fullwidth=&#8221;on&#8221; align_tablet=&#8221;center&#8221; align_phone=&#8221;&#8221; align_last_edited=&#8221;on|desktop&#8221; module_class=&#8221;dmm_fp_blockimage&#8221; _builder_version=&#8221;4.27.5&#8243; global_colors_info=&#8221;{}&#8221;][\/et_pb_image][et_pb_blurb title=&#8221;valentijn&#8221; url=&#8221;\/feest\/valentijn\/&#8221; _builder_version=&#8221;4.25.1&#8243; text_orientation=&#8221;center&#8221; max_width_tablet=&#8221;50px&#8221; global_colors_info=&#8221;{}&#8221;]<\/p>\n<p>Machen Sie Ihre Valentinsgeschenke zu etwas Besonderem, indem Sie romantische Produkte aus unserem Valentinsangebot kombinieren.<\/p>\n<p>[\/et_pb_blurb][\/et_pb_column][\/et_pb_row][\/et_pb_section][et_pb_section fb_built=&#8221;1&#8243; _builder_version=&#8221;4.16&#8243; custom_padding=&#8221;0px|||&#8221; global_colors_info=&#8221;{}&#8221;][et_pb_row _builder_version=&#8221;4.16&#8243; background_size=&#8221;initial&#8221; background_position=&#8221;top_left&#8221; background_repeat=&#8221;repeat&#8221; global_colors_info=&#8221;{}&#8221;][et_pb_column type=&#8221;4_4&#8243; _builder_version=&#8221;4.16&#8243; custom_padding=&#8221;|||&#8221; global_colors_info=&#8221;{}&#8221; custom_padding__hover=&#8221;|||&#8221;][et_pb_text _builder_version=&#8221;4.16&#8243; text_orientation=&#8221;center&#8221; module_alignment=&#8221;center&#8221; global_colors_info=&#8221;{}&#8221;]<\/p>\n<h2>meer weten over deze collectie?<\/h2>\n<p>[\/et_pb_text][et_pb_button button_url=&#8221;\/informatie-aanvragen&#8221; button_text=&#8221;neem contact met ons op&#8221; button_alignment=&#8221;center&#8221; _builder_version=&#8221;4.27.5&#8243; background_layout=&#8221;dark&#8221; global_colors_info=&#8221;{}&#8221; button_text_size__hover_enabled=&#8221;off&#8221; button_one_text_size__hover_enabled=&#8221;off&#8221; button_two_text_size__hover_enabled=&#8221;off&#8221; button_text_color__hover_enabled=&#8221;off&#8221; button_one_text_color__hover_enabled=&#8221;off&#8221; button_two_text_color__hover_enabled=&#8221;off&#8221; button_border_width__hover_enabled=&#8221;off&#8221; button_one_border_width__hover_enabled=&#8221;off&#8221; button_two_border_width__hover_enabled=&#8221;off&#8221; button_border_color__hover_enabled=&#8221;off&#8221; button_one_border_color__hover_enabled=&#8221;off&#8221; button_two_border_color__hover_enabled=&#8221;off&#8221; button_border_radius__hover_enabled=&#8221;off&#8221; button_one_border_radius__hover_enabled=&#8221;off&#8221; button_two_border_radius__hover_enabled=&#8221;off&#8221; button_letter_spacing__hover_enabled=&#8221;off&#8221; button_one_letter_spacing__hover_enabled=&#8221;off&#8221; button_two_letter_spacing__hover_enabled=&#8221;off&#8221; button_bg_color__hover_enabled=&#8221;off&#8221; button_one_bg_color__hover_enabled=&#8221;off&#8221; button_two_bg_color__hover_enabled=&#8221;off&#8221;][\/et_pb_button][\/et_pb_column][\/et_pb_row][\/et_pb_section]<\/p>","protected":false},"excerpt":{"rendered":"<p>FEESTFeestversiering voor elke speciale gelegenheid Bij Vivant bent u aan het juist adres voor luxe inpakpapier, cadeautasjes, chocoladedozen en wijntassen om\u00a0cadeaus zoals chocolade, bloemen of een fles wijn feestelijk en stijlvol te verpakken.\u00a0Onder Vivant&#8217;s collectie in feestartikelen vindt u decoratie en aankleding voor elke speciale gelegenheid. Denk bijvoorbeeld aan tafelaankleding zoals tafellopers en onderleggers voor [&hellip;]<\/p>","protected":false},"author":3,"featured_media":0,"parent":0,"menu_order":1593,"comment_status":"closed","ping_status":"closed","template":"","meta":{"_et_pb_use_builder":"on","_et_pb_old_content":"","_et_gb_content_width":"","footnotes":""},"dipi_cpt_category":[],"class_list":["post-810","page","type-page","status-publish","hentry"],"yoast_head":"<!-- This site is optimized with the Yoast SEO plugin v26.6 - https:\/\/yoast.com\/wordpress\/plugins\/seo\/ -->\n<title>FEEST \u2013 Vivants feestcollectie met mooie slingers en feestversiering<\/title>\n<meta name=\"description\" content=\"Versieren en verpakken met de mooiste linten, slingers, cadeaupapier, tafellopers en andere feestversiering uit de Feestcollectie van Vivant.\" \/>\n<meta name=\"robots\" content=\"index, follow, max-snippet:-1, max-image-preview:large, max-video-preview:-1\" \/>\n<link rel=\"canonical\" href=\"https:\/\/www.vivantdecorations.com\/de\/partei\/\" \/>\n<meta property=\"og:locale\" content=\"de_DE\" \/>\n<meta property=\"og:type\" content=\"article\" \/>\n<meta property=\"og:title\" content=\"FEEST \u2013 Vivants feestcollectie met mooie slingers en feestversiering\" \/>\n<meta property=\"og:description\" content=\"Versieren en verpakken met de mooiste linten, slingers, cadeaupapier, tafellopers en andere feestversiering uit de Feestcollectie van Vivant.\" \/>\n<meta property=\"og:url\" content=\"https:\/\/www.vivantdecorations.com\/de\/partei\/\" \/>\n<meta property=\"og:site_name\" content=\"Vivant\" \/>\n<meta property=\"article:modified_time\" content=\"2026-04-07T09:26:33+00:00\" \/>\n<meta name=\"twitter:card\" content=\"summary_large_image\" \/>\n<meta name=\"twitter:label1\" content=\"Gesch\u00e4tzte Lesezeit\" \/>\n\t<meta name=\"twitter:data1\" content=\"6\u00a0Minuten\" \/>\n<script type=\"application\/ld+json\" class=\"yoast-schema-graph\">{\"@context\":\"https:\/\/schema.org\",\"@graph\":[{\"@type\":\"WebPage\",\"@id\":\"https:\/\/www.vivantdecorations.com\/feest\/\",\"url\":\"https:\/\/www.vivantdecorations.com\/feest\/\",\"name\":\"FEEST \u2013 Vivants feestcollectie met mooie slingers en feestversiering\",\"isPartOf\":{\"@id\":\"https:\/\/www.vivantdecorations.com\/#website\"},\"datePublished\":\"2017-11-30T17:29:12+00:00\",\"dateModified\":\"2026-04-07T09:26:33+00:00\",\"description\":\"Versieren en verpakken met de mooiste linten, slingers, cadeaupapier, tafellopers en andere feestversiering uit de Feestcollectie van Vivant.\",\"breadcrumb\":{\"@id\":\"https:\/\/www.vivantdecorations.com\/feest\/#breadcrumb\"},\"inLanguage\":\"de\",\"potentialAction\":[{\"@type\":\"ReadAction\",\"target\":[\"https:\/\/www.vivantdecorations.com\/feest\/\"]}]},{\"@type\":\"BreadcrumbList\",\"@id\":\"https:\/\/www.vivantdecorations.com\/feest\/#breadcrumb\",\"itemListElement\":[{\"@type\":\"ListItem\",\"position\":1,\"name\":\"Home\",\"item\":\"https:\/\/www.vivantdecorations.com\/\"},{\"@type\":\"ListItem\",\"position\":2,\"name\":\"Feest\"}]},{\"@type\":\"WebSite\",\"@id\":\"https:\/\/www.vivantdecorations.com\/#website\",\"url\":\"https:\/\/www.vivantdecorations.com\/\",\"name\":\"Vivant\",\"description\":\"Decoration products and luxury packaging\",\"publisher\":{\"@id\":\"https:\/\/www.vivantdecorations.com\/#organization\"},\"potentialAction\":[{\"@type\":\"SearchAction\",\"target\":{\"@type\":\"EntryPoint\",\"urlTemplate\":\"https:\/\/www.vivantdecorations.com\/?s={search_term_string}\"},\"query-input\":{\"@type\":\"PropertyValueSpecification\",\"valueRequired\":true,\"valueName\":\"search_term_string\"}}],\"inLanguage\":\"de\"},{\"@type\":\"Organization\",\"@id\":\"https:\/\/www.vivantdecorations.com\/#organization\",\"name\":\"Vivant\",\"url\":\"https:\/\/www.vivantdecorations.com\/\",\"logo\":{\"@type\":\"ImageObject\",\"inLanguage\":\"de\",\"@id\":\"https:\/\/www.vivantdecorations.com\/#\/schema\/logo\/image\/\",\"url\":\"https:\/\/www.vivantdecorations.com\/wp-content\/uploads\/2017\/10\/vivant-logo-210x60px.png\",\"contentUrl\":\"https:\/\/www.vivantdecorations.com\/wp-content\/uploads\/2017\/10\/vivant-logo-210x60px.png\",\"width\":210,\"height\":60,\"caption\":\"Vivant\"},\"image\":{\"@id\":\"https:\/\/www.vivantdecorations.com\/#\/schema\/logo\/image\/\"}}]}<\/script>\n<!-- \/ Yoast SEO plugin. -->","yoast_head_json":{"title":"FEEST - Vivants Party Kollektion mit sch\u00f6nen Girlanden und Partyschmuck","description":"Dekorieren und verpacken Sie mit den sch\u00f6nsten B\u00e4ndern, Girlanden, Geschenkverpackungen, Tischl\u00e4ufern und anderen Partydekorationen aus der Party Collection von Vivant.","robots":{"index":"index","follow":"follow","max-snippet":"max-snippet:-1","max-image-preview":"max-image-preview:large","max-video-preview":"max-video-preview:-1"},"canonical":"https:\/\/www.vivantdecorations.com\/de\/partei\/","og_locale":"de_DE","og_type":"article","og_title":"FEEST \u2013 Vivants feestcollectie met mooie slingers en feestversiering","og_description":"Versieren en verpakken met de mooiste linten, slingers, cadeaupapier, tafellopers en andere feestversiering uit de Feestcollectie van Vivant.","og_url":"https:\/\/www.vivantdecorations.com\/de\/partei\/","og_site_name":"Vivant","article_modified_time":"2026-04-07T09:26:33+00:00","twitter_card":"summary_large_image","twitter_misc":{"Gesch\u00e4tzte Lesezeit":"6\u00a0Minuten"},"schema":{"@context":"https:\/\/schema.org","@graph":[{"@type":"WebPage","@id":"https:\/\/www.vivantdecorations.com\/feest\/","url":"https:\/\/www.vivantdecorations.com\/feest\/","name":"FEEST - Vivants Party Kollektion mit sch\u00f6nen Girlanden und Partyschmuck","isPartOf":{"@id":"https:\/\/www.vivantdecorations.com\/#website"},"datePublished":"2017-11-30T17:29:12+00:00","dateModified":"2026-04-07T09:26:33+00:00","description":"Dekorieren und verpacken Sie mit den sch\u00f6nsten B\u00e4ndern, Girlanden, Geschenkverpackungen, Tischl\u00e4ufern und anderen Partydekorationen aus der Party Collection von Vivant.","breadcrumb":{"@id":"https:\/\/www.vivantdecorations.com\/feest\/#breadcrumb"},"inLanguage":"de","potentialAction":[{"@type":"ReadAction","target":["https:\/\/www.vivantdecorations.com\/feest\/"]}]},{"@type":"BreadcrumbList","@id":"https:\/\/www.vivantdecorations.com\/feest\/#breadcrumb","itemListElement":[{"@type":"ListItem","position":1,"name":"Home","item":"https:\/\/www.vivantdecorations.com\/"},{"@type":"ListItem","position":2,"name":"Feest"}]},{"@type":"WebSite","@id":"https:\/\/www.vivantdecorations.com\/#website","url":"https:\/\/www.vivantdecorations.com\/","name":"Vivant","description":"Dekorationsartikel und Luxusverpackungen","publisher":{"@id":"https:\/\/www.vivantdecorations.com\/#organization"},"potentialAction":[{"@type":"SearchAction","target":{"@type":"EntryPoint","urlTemplate":"https:\/\/www.vivantdecorations.com\/?s={search_term_string}"},"query-input":{"@type":"PropertyValueSpecification","valueRequired":true,"valueName":"search_term_string"}}],"inLanguage":"de"},{"@type":"Organization","@id":"https:\/\/www.vivantdecorations.com\/#organization","name":"Vivant","url":"https:\/\/www.vivantdecorations.com\/","logo":{"@type":"ImageObject","inLanguage":"de","@id":"https:\/\/www.vivantdecorations.com\/#\/schema\/logo\/image\/","url":"https:\/\/www.vivantdecorations.com\/wp-content\/uploads\/2017\/10\/vivant-logo-210x60px.png","contentUrl":"https:\/\/www.vivantdecorations.com\/wp-content\/uploads\/2017\/10\/vivant-logo-210x60px.png","width":210,"height":60,"caption":"Vivant"},"image":{"@id":"https:\/\/www.vivantdecorations.com\/#\/schema\/logo\/image\/"}}]}},"_links":{"self":[{"href":"https:\/\/www.vivantdecorations.com\/de\/wp-json\/wp\/v2\/pages\/810","targetHints":{"allow":["GET"]}}],"collection":[{"href":"https:\/\/www.vivantdecorations.com\/de\/wp-json\/wp\/v2\/pages"}],"about":[{"href":"https:\/\/www.vivantdecorations.com\/de\/wp-json\/wp\/v2\/types\/page"}],"author":[{"embeddable":true,"href":"https:\/\/www.vivantdecorations.com\/de\/wp-json\/wp\/v2\/users\/3"}],"replies":[{"embeddable":true,"href":"https:\/\/www.vivantdecorations.com\/de\/wp-json\/wp\/v2\/comments?post=810"}],"version-history":[{"count":84,"href":"https:\/\/www.vivantdecorations.com\/de\/wp-json\/wp\/v2\/pages\/810\/revisions"}],"predecessor-version":[{"id":26937,"href":"https:\/\/www.vivantdecorations.com\/de\/wp-json\/wp\/v2\/pages\/810\/revisions\/26937"}],"wp:attachment":[{"href":"https:\/\/www.vivantdecorations.com\/de\/wp-json\/wp\/v2\/media?parent=810"}],"wp:term":[{"taxonomy":"dipi_cpt_category","embeddable":true,"href":"https:\/\/www.vivantdecorations.com\/de\/wp-json\/wp\/v2\/dipi_cpt_category?post=810"}],"curies":[{"name":"wp","href":"https:\/\/api.w.org\/{rel}","templated":true}]}}