{"id":7049,"date":"2018-11-07T14:34:13","date_gmt":"2018-11-07T13:34:13","guid":{"rendered":"https:\/\/www.vivantdecorations.com\/?page_id=7049"},"modified":"2026-03-26T11:46:55","modified_gmt":"2026-03-26T10:46:55","slug":"lebendiges-naturpapier","status":"publish","type":"page","link":"https:\/\/www.vivantdecorations.com\/de\/lebendiges-naturpapier\/","title":{"rendered":"Vivant Naturpapier"},"content":{"rendered":"<p>[et_pb_section fb_built=&#8221;1&#8243; _builder_version=&#8221;4.27.5&#8243; background_color_gradient_start=&#8221;rgba(255,255,255,0)&#8221; background_color_gradient_end=&#8221;#ffffff&#8221; background_image=&#8221;https:\/\/www.vivantdecorations.com\/wp-content\/uploads\/2026\/03\/Breed-Papier.jpg&#8221; global_colors_info=&#8221;{}&#8221;][et_pb_row _builder_version=&#8221;4.16&#8243; custom_margin=&#8221;0px|||&#8221; custom_padding=&#8221;0px|||&#8221; global_colors_info=&#8221;{}&#8221;][et_pb_column type=&#8221;4_4&#8243; _builder_version=&#8221;4.16&#8243; custom_padding=&#8221;|||&#8221; global_colors_info=&#8221;{}&#8221; custom_padding__hover=&#8221;|||&#8221;][et_pb_text admin_label=&#8221;Paginatitel&#8221; _builder_version=&#8221;4.27.5&#8243; background_color=&#8221;rgba(0,0,0,0.3)&#8221; text_orientation=&#8221;center&#8221; background_layout=&#8221;dark&#8221; module_alignment=&#8221;center&#8221; custom_padding=&#8221;20px|20px|10px|20px&#8221; hover_enabled=&#8221;0&#8243; global_colors_info=&#8221;{}&#8221; sticky_enabled=&#8221;0&#8243;]<\/p>\n<h1><em>VIVANT NATUURPAPIER<\/em><\/h1>\n<p>[\/et_pb_text][\/et_pb_column][\/et_pb_row][\/et_pb_section][et_pb_section fb_built=&#8221;1&#8243; _builder_version=&#8221;4.16&#8243; background_color_gradient_start=&#8221;rgba(255,255,255,0)&#8221; background_color_gradient_end=&#8221;#ffffff&#8221; background_blend=&#8221;overlay&#8221; custom_padding=&#8221;||0px|&#8221; global_colors_info=&#8221;{}&#8221;][et_pb_row _builder_version=&#8221;4.16&#8243; global_colors_info=&#8221;{}&#8221;][et_pb_column type=&#8221;4_4&#8243; _builder_version=&#8221;4.16&#8243; custom_padding=&#8221;|||&#8221; global_colors_info=&#8221;{}&#8221; custom_padding__hover=&#8221;|||&#8221;][et_pb_text _builder_version=&#8221;4.16&#8243; global_colors_info=&#8221;{}&#8221;]<strong>Naturpapier als Verpackungspapier und Bastelpapier<\/strong><\/p>\n<p>Neben der Verwendung als Geschenkpapier kann dieses hochwertige Papier auch f\u00fcr viele andere Anwendungen genutzt werden. Zum Beispiel als Einlage oder Umschlag f\u00fcr edle Kleider- und Geschenkschachteln, als Bastelmaterial f\u00fcr Scrapbooking oder zur Dekoration von Gestecken, Windlichtern oder zum Abdecken von Wohnaccessoires. Unser wasserfestes beschichtetes Seidenpapier wurde speziell f\u00fcr das Einwickeln von Blumenstr\u00e4u\u00dfen entwickelt. Tischsets aus dem sch\u00f6nen Seidenpapier sind f\u00fcr das Gastst\u00e4ttengewerbe oder den Gro\u00dfhandel erh\u00e4ltlich.<\/p>\n<p><strong>Seidenpapier als Verpackungsmaterial<\/strong><\/p>\n<p>Vor allem f\u00fcr die Verpackung von Flaschen, Kleidung, Schals, Schmuck und allerlei anderen Geschenkartikeln wird unser Seidenpapier oder \"Silk Paper\" h\u00e4ufig als Schutzpapier verwendet. Dieses Naturpapier ist etwas dicker als das bekannte Seidenpapier. Die Fasern des Maulbeerbaums verleihen dem handgesch\u00f6pften Papier einen nat\u00fcrlichen und luxuri\u00f6sen Charakter. Da unser Seidenpapier in einer breiten Palette von Farben und Mustern erh\u00e4ltlich ist, finden Sie immer das Muster oder die Farbe, die Sie suchen.<br \/>\n[\/et_pb_text][\/et_pb_column][\/et_pb_row][\/et_pb_section][et_pb_section fb_built=&#8221;1&#8243; _builder_version=&#8221;4.16&#8243; custom_padding=&#8221;0px|||&#8221; global_colors_info=&#8221;{}&#8221;][et_pb_row _builder_version=&#8221;4.16&#8243; background_size=&#8221;initial&#8221; background_position=&#8221;top_left&#8221; background_repeat=&#8221;repeat&#8221; global_colors_info=&#8221;{}&#8221;][et_pb_column type=&#8221;4_4&#8243; _builder_version=&#8221;4.16&#8243; custom_padding=&#8221;|||&#8221; global_colors_info=&#8221;{}&#8221; custom_padding__hover=&#8221;|||&#8221;][et_pb_text _builder_version=&#8221;4.27.5&#8243; text_orientation=&#8221;center&#8221; module_alignment=&#8221;center&#8221; hover_enabled=&#8221;0&#8243; global_colors_info=&#8221;{}&#8221; sticky_enabled=&#8221;0&#8243;]<\/p>\n<h2>mehr wissen?<\/h2>\n<p>[\/et_pb_text][et_pb_button button_url=&#8221;\/informatie-aanvragen&#8221; button_text=&#8221;neem contact met ons op&#8221; button_alignment=&#8221;center&#8221; _builder_version=&#8221;4.27.5&#8243; background_layout=&#8221;dark&#8221; hover_enabled=&#8221;0&#8243; global_colors_info=&#8221;{}&#8221; button_text_size__hover_enabled=&#8221;off&#8221; button_one_text_size__hover_enabled=&#8221;off&#8221; button_two_text_size__hover_enabled=&#8221;off&#8221; button_text_color__hover_enabled=&#8221;off&#8221; button_one_text_color__hover_enabled=&#8221;off&#8221; button_two_text_color__hover_enabled=&#8221;off&#8221; button_border_width__hover_enabled=&#8221;off&#8221; button_one_border_width__hover_enabled=&#8221;off&#8221; button_two_border_width__hover_enabled=&#8221;off&#8221; button_border_color__hover_enabled=&#8221;off&#8221; button_one_border_color__hover_enabled=&#8221;off&#8221; button_two_border_color__hover_enabled=&#8221;off&#8221; button_border_radius__hover_enabled=&#8221;off&#8221; button_one_border_radius__hover_enabled=&#8221;off&#8221; button_two_border_radius__hover_enabled=&#8221;off&#8221; button_letter_spacing__hover_enabled=&#8221;off&#8221; button_one_letter_spacing__hover_enabled=&#8221;off&#8221; button_two_letter_spacing__hover_enabled=&#8221;off&#8221; button_bg_color__hover_enabled=&#8221;off&#8221; button_one_bg_color__hover_enabled=&#8221;off&#8221; button_two_bg_color__hover_enabled=&#8221;off&#8221; sticky_enabled=&#8221;0&#8243;][\/et_pb_button][\/et_pb_column][\/et_pb_row][\/et_pb_section]<\/p>","protected":false},"excerpt":{"rendered":"<p>VIVANT NATUURPAPIERNatuurpapier als verpakkingspapier en hobby papier Naast het gebruik om cadeau te verpakken, kan dit kwalitatieve papier ook gebruikt worden voor veel andere toepassingen. Bijvoorbeeld als inlegvel of wikkel voor in luxe kledingdozen en geschenkboxen, als hobbymateriaal voor scrapbooking of ter decoratie van bloemstukken, windlichten of het bekleden van woonaccessoires. Ons waterafstotend Coated silk [&hellip;]<\/p>","protected":false},"author":3,"featured_media":2442,"parent":0,"menu_order":1558,"comment_status":"closed","ping_status":"closed","template":"","meta":{"_et_pb_use_builder":"on","_et_pb_old_content":"","_et_gb_content_width":"","footnotes":""},"dipi_cpt_category":[],"class_list":["post-7049","page","type-page","status-publish","has-post-thumbnail","hentry"],"yoast_head":"<!-- This site is optimized with the Yoast SEO plugin v26.6 - https:\/\/yoast.com\/wordpress\/plugins\/seo\/ -->\n<title>Natuurpapier van Vivant verkrijgbaar op rol of als vellen inpakpapier.<\/title>\n<meta name=\"description\" content=\"Natuurpapier is handgeschept ecologische papieren vellen geschenkpapier en handgemaakte papieren slingers en cadeaulabels.\" \/>\n<meta name=\"robots\" content=\"index, follow, max-snippet:-1, max-image-preview:large, max-video-preview:-1\" \/>\n<link rel=\"canonical\" href=\"https:\/\/www.vivantdecorations.com\/de\/lebendiges-naturpapier\/\" \/>\n<meta property=\"og:locale\" content=\"de_DE\" \/>\n<meta property=\"og:type\" content=\"article\" \/>\n<meta property=\"og:title\" content=\"Natuurpapier van Vivant verkrijgbaar op rol of als vellen inpakpapier.\" \/>\n<meta property=\"og:description\" content=\"Natuurpapier is handgeschept ecologische papieren vellen geschenkpapier en handgemaakte papieren slingers en cadeaulabels.\" \/>\n<meta property=\"og:url\" content=\"https:\/\/www.vivantdecorations.com\/de\/lebendiges-naturpapier\/\" \/>\n<meta property=\"og:site_name\" content=\"Vivant\" \/>\n<meta property=\"article:modified_time\" content=\"2026-03-26T10:46:55+00:00\" \/>\n<meta property=\"og:image\" content=\"https:\/\/www.vivantdecorations.com\/wp-content\/uploads\/2018\/02\/0079-Floria-paper-bloemen-vogels-cadeaupapier.jpg\" \/>\n\t<meta property=\"og:image:width\" content=\"450\" \/>\n\t<meta property=\"og:image:height\" content=\"300\" \/>\n\t<meta property=\"og:image:type\" content=\"image\/jpeg\" \/>\n<meta name=\"twitter:card\" content=\"summary_large_image\" \/>\n<meta name=\"twitter:label1\" content=\"Gesch\u00e4tzte Lesezeit\" \/>\n\t<meta name=\"twitter:data1\" content=\"3\u00a0Minuten\" \/>\n<script type=\"application\/ld+json\" class=\"yoast-schema-graph\">{\"@context\":\"https:\/\/schema.org\",\"@graph\":[{\"@type\":\"WebPage\",\"@id\":\"https:\/\/www.vivantdecorations.com\/vivant-natuurpapier\/\",\"url\":\"https:\/\/www.vivantdecorations.com\/vivant-natuurpapier\/\",\"name\":\"Natuurpapier van Vivant verkrijgbaar op rol of als vellen inpakpapier.\",\"isPartOf\":{\"@id\":\"https:\/\/www.vivantdecorations.com\/#website\"},\"primaryImageOfPage\":{\"@id\":\"https:\/\/www.vivantdecorations.com\/vivant-natuurpapier\/#primaryimage\"},\"image\":{\"@id\":\"https:\/\/www.vivantdecorations.com\/vivant-natuurpapier\/#primaryimage\"},\"thumbnailUrl\":\"https:\/\/www.vivantdecorations.com\/wp-content\/uploads\/2018\/02\/0079-Floria-paper-bloemen-vogels-cadeaupapier.jpg\",\"datePublished\":\"2018-11-07T13:34:13+00:00\",\"dateModified\":\"2026-03-26T10:46:55+00:00\",\"description\":\"Natuurpapier is handgeschept ecologische papieren vellen geschenkpapier en handgemaakte papieren slingers en cadeaulabels.\",\"breadcrumb\":{\"@id\":\"https:\/\/www.vivantdecorations.com\/vivant-natuurpapier\/#breadcrumb\"},\"inLanguage\":\"de\",\"potentialAction\":[{\"@type\":\"ReadAction\",\"target\":[\"https:\/\/www.vivantdecorations.com\/vivant-natuurpapier\/\"]}]},{\"@type\":\"ImageObject\",\"inLanguage\":\"de\",\"@id\":\"https:\/\/www.vivantdecorations.com\/vivant-natuurpapier\/#primaryimage\",\"url\":\"https:\/\/www.vivantdecorations.com\/wp-content\/uploads\/2018\/02\/0079-Floria-paper-bloemen-vogels-cadeaupapier.jpg\",\"contentUrl\":\"https:\/\/www.vivantdecorations.com\/wp-content\/uploads\/2018\/02\/0079-Floria-paper-bloemen-vogels-cadeaupapier.jpg\",\"width\":450,\"height\":300,\"caption\":\"Multicolor Floria cadeaupapier op rol met floraal dessin met vlinders en vogels.\"},{\"@type\":\"BreadcrumbList\",\"@id\":\"https:\/\/www.vivantdecorations.com\/vivant-natuurpapier\/#breadcrumb\",\"itemListElement\":[{\"@type\":\"ListItem\",\"position\":1,\"name\":\"Home\",\"item\":\"https:\/\/www.vivantdecorations.com\/\"},{\"@type\":\"ListItem\",\"position\":2,\"name\":\"Vivant natuurpapier\"}]},{\"@type\":\"WebSite\",\"@id\":\"https:\/\/www.vivantdecorations.com\/#website\",\"url\":\"https:\/\/www.vivantdecorations.com\/\",\"name\":\"Vivant\",\"description\":\"Decoration products and luxury packaging\",\"publisher\":{\"@id\":\"https:\/\/www.vivantdecorations.com\/#organization\"},\"potentialAction\":[{\"@type\":\"SearchAction\",\"target\":{\"@type\":\"EntryPoint\",\"urlTemplate\":\"https:\/\/www.vivantdecorations.com\/?s={search_term_string}\"},\"query-input\":{\"@type\":\"PropertyValueSpecification\",\"valueRequired\":true,\"valueName\":\"search_term_string\"}}],\"inLanguage\":\"de\"},{\"@type\":\"Organization\",\"@id\":\"https:\/\/www.vivantdecorations.com\/#organization\",\"name\":\"Vivant\",\"url\":\"https:\/\/www.vivantdecorations.com\/\",\"logo\":{\"@type\":\"ImageObject\",\"inLanguage\":\"de\",\"@id\":\"https:\/\/www.vivantdecorations.com\/#\/schema\/logo\/image\/\",\"url\":\"https:\/\/www.vivantdecorations.com\/wp-content\/uploads\/2017\/10\/vivant-logo-210x60px.png\",\"contentUrl\":\"https:\/\/www.vivantdecorations.com\/wp-content\/uploads\/2017\/10\/vivant-logo-210x60px.png\",\"width\":210,\"height\":60,\"caption\":\"Vivant\"},\"image\":{\"@id\":\"https:\/\/www.vivantdecorations.com\/#\/schema\/logo\/image\/\"}}]}<\/script>\n<!-- \/ Yoast SEO plugin. -->","yoast_head_json":{"title":"Das Naturpapier von Vivant ist in Rollen oder als Bogen erh\u00e4ltlich.","description":"Nature Paper ist handgemachtes \u00f6kologisches Geschenkpapier und handgemachte Papiergirlanden und Geschenkanh\u00e4nger.","robots":{"index":"index","follow":"follow","max-snippet":"max-snippet:-1","max-image-preview":"max-image-preview:large","max-video-preview":"max-video-preview:-1"},"canonical":"https:\/\/www.vivantdecorations.com\/de\/lebendiges-naturpapier\/","og_locale":"de_DE","og_type":"article","og_title":"Natuurpapier van Vivant verkrijgbaar op rol of als vellen inpakpapier.","og_description":"Natuurpapier is handgeschept ecologische papieren vellen geschenkpapier en handgemaakte papieren slingers en cadeaulabels.","og_url":"https:\/\/www.vivantdecorations.com\/de\/lebendiges-naturpapier\/","og_site_name":"Vivant","article_modified_time":"2026-03-26T10:46:55+00:00","og_image":[{"width":450,"height":300,"url":"https:\/\/www.vivantdecorations.com\/wp-content\/uploads\/2018\/02\/0079-Floria-paper-bloemen-vogels-cadeaupapier.jpg","type":"image\/jpeg"}],"twitter_card":"summary_large_image","twitter_misc":{"Gesch\u00e4tzte Lesezeit":"3\u00a0Minuten"},"schema":{"@context":"https:\/\/schema.org","@graph":[{"@type":"WebPage","@id":"https:\/\/www.vivantdecorations.com\/vivant-natuurpapier\/","url":"https:\/\/www.vivantdecorations.com\/vivant-natuurpapier\/","name":"Das Naturpapier von Vivant ist in Rollen oder als Bogen erh\u00e4ltlich.","isPartOf":{"@id":"https:\/\/www.vivantdecorations.com\/#website"},"primaryImageOfPage":{"@id":"https:\/\/www.vivantdecorations.com\/vivant-natuurpapier\/#primaryimage"},"image":{"@id":"https:\/\/www.vivantdecorations.com\/vivant-natuurpapier\/#primaryimage"},"thumbnailUrl":"https:\/\/www.vivantdecorations.com\/wp-content\/uploads\/2018\/02\/0079-Floria-paper-bloemen-vogels-cadeaupapier.jpg","datePublished":"2018-11-07T13:34:13+00:00","dateModified":"2026-03-26T10:46:55+00:00","description":"Nature Paper ist handgemachtes \u00f6kologisches Geschenkpapier und handgemachte Papiergirlanden und Geschenkanh\u00e4nger.","breadcrumb":{"@id":"https:\/\/www.vivantdecorations.com\/vivant-natuurpapier\/#breadcrumb"},"inLanguage":"de","potentialAction":[{"@type":"ReadAction","target":["https:\/\/www.vivantdecorations.com\/vivant-natuurpapier\/"]}]},{"@type":"ImageObject","inLanguage":"de","@id":"https:\/\/www.vivantdecorations.com\/vivant-natuurpapier\/#primaryimage","url":"https:\/\/www.vivantdecorations.com\/wp-content\/uploads\/2018\/02\/0079-Floria-paper-bloemen-vogels-cadeaupapier.jpg","contentUrl":"https:\/\/www.vivantdecorations.com\/wp-content\/uploads\/2018\/02\/0079-Floria-paper-bloemen-vogels-cadeaupapier.jpg","width":450,"height":300,"caption":"Multicolor Floria cadeaupapier op rol met floraal dessin met vlinders en vogels."},{"@type":"BreadcrumbList","@id":"https:\/\/www.vivantdecorations.com\/vivant-natuurpapier\/#breadcrumb","itemListElement":[{"@type":"ListItem","position":1,"name":"Home","item":"https:\/\/www.vivantdecorations.com\/"},{"@type":"ListItem","position":2,"name":"Vivant natuurpapier"}]},{"@type":"WebSite","@id":"https:\/\/www.vivantdecorations.com\/#website","url":"https:\/\/www.vivantdecorations.com\/","name":"Vivant","description":"Dekorationsartikel und Luxusverpackungen","publisher":{"@id":"https:\/\/www.vivantdecorations.com\/#organization"},"potentialAction":[{"@type":"SearchAction","target":{"@type":"EntryPoint","urlTemplate":"https:\/\/www.vivantdecorations.com\/?s={search_term_string}"},"query-input":{"@type":"PropertyValueSpecification","valueRequired":true,"valueName":"search_term_string"}}],"inLanguage":"de"},{"@type":"Organization","@id":"https:\/\/www.vivantdecorations.com\/#organization","name":"Vivant","url":"https:\/\/www.vivantdecorations.com\/","logo":{"@type":"ImageObject","inLanguage":"de","@id":"https:\/\/www.vivantdecorations.com\/#\/schema\/logo\/image\/","url":"https:\/\/www.vivantdecorations.com\/wp-content\/uploads\/2017\/10\/vivant-logo-210x60px.png","contentUrl":"https:\/\/www.vivantdecorations.com\/wp-content\/uploads\/2017\/10\/vivant-logo-210x60px.png","width":210,"height":60,"caption":"Vivant"},"image":{"@id":"https:\/\/www.vivantdecorations.com\/#\/schema\/logo\/image\/"}}]}},"_links":{"self":[{"href":"https:\/\/www.vivantdecorations.com\/de\/wp-json\/wp\/v2\/pages\/7049","targetHints":{"allow":["GET"]}}],"collection":[{"href":"https:\/\/www.vivantdecorations.com\/de\/wp-json\/wp\/v2\/pages"}],"about":[{"href":"https:\/\/www.vivantdecorations.com\/de\/wp-json\/wp\/v2\/types\/page"}],"author":[{"embeddable":true,"href":"https:\/\/www.vivantdecorations.com\/de\/wp-json\/wp\/v2\/users\/3"}],"replies":[{"embeddable":true,"href":"https:\/\/www.vivantdecorations.com\/de\/wp-json\/wp\/v2\/comments?post=7049"}],"version-history":[{"count":11,"href":"https:\/\/www.vivantdecorations.com\/de\/wp-json\/wp\/v2\/pages\/7049\/revisions"}],"predecessor-version":[{"id":26783,"href":"https:\/\/www.vivantdecorations.com\/de\/wp-json\/wp\/v2\/pages\/7049\/revisions\/26783"}],"wp:featuredmedia":[{"embeddable":true,"href":"https:\/\/www.vivantdecorations.com\/de\/wp-json\/wp\/v2\/media\/2442"}],"wp:attachment":[{"href":"https:\/\/www.vivantdecorations.com\/de\/wp-json\/wp\/v2\/media?parent=7049"}],"wp:term":[{"taxonomy":"dipi_cpt_category","embeddable":true,"href":"https:\/\/www.vivantdecorations.com\/de\/wp-json\/wp\/v2\/dipi_cpt_category?post=7049"}],"curies":[{"name":"wp","href":"https:\/\/api.w.org\/{rel}","templated":true}]}}