{"id":686,"date":"2017-11-16T11:03:42","date_gmt":"2017-11-16T10:03:42","guid":{"rendered":"https:\/\/www.vivantdecorations.com\/?page_id=686"},"modified":"2026-03-26T12:04:47","modified_gmt":"2026-03-26T11:04:47","slug":"grundlagen","status":"publish","type":"page","link":"https:\/\/www.vivantdecorations.com\/de\/grundlagen\/","title":{"rendered":"BASICS"},"content":{"rendered":"<p>[et_pb_section fb_built=&#8221;1&#8243; _builder_version=&#8221;4.27.4&#8243; background_color_gradient_start=&#8221;rgba(255,255,255,0)&#8221; background_color_gradient_end=&#8221;#ffffff&#8221; background_image=&#8221;https:\/\/www.vivantdecorations.com\/wp-content\/uploads\/2025\/11\/Basis-linten_4651.jpg&#8221; global_colors_info=&#8221;{}&#8221;][et_pb_row _builder_version=&#8221;4.16&#8243; custom_margin=&#8221;0px|||&#8221; custom_padding=&#8221;0px|||&#8221; global_colors_info=&#8221;{}&#8221;][et_pb_column type=&#8221;4_4&#8243; _builder_version=&#8221;4.16&#8243; custom_padding=&#8221;|||&#8221; global_colors_info=&#8221;{}&#8221; custom_padding__hover=&#8221;|||&#8221;][et_pb_text admin_label=&#8221;Paginatitel&#8221; _builder_version=&#8221;4.16&#8243; background_color=&#8221;rgba(0,0,0,0.3)&#8221; text_orientation=&#8221;center&#8221; background_layout=&#8221;dark&#8221; module_alignment=&#8221;center&#8221; custom_padding=&#8221;20px|20px|10px|20px&#8221; global_colors_info=&#8221;{}&#8221;]<\/p>\n<h1>BASICS<\/h1>\n<p>[\/et_pb_text][\/et_pb_column][\/et_pb_row][\/et_pb_section][et_pb_section fb_built=&#8221;1&#8243; _builder_version=&#8221;4.16&#8243; global_colors_info=&#8221;{}&#8221;][et_pb_row _builder_version=&#8221;4.16&#8243; background_size=&#8221;initial&#8221; background_position=&#8221;top_left&#8221; background_repeat=&#8221;repeat&#8221; global_colors_info=&#8221;{}&#8221;][et_pb_column type=&#8221;4_4&#8243; _builder_version=&#8221;4.16&#8243; custom_padding=&#8221;|||&#8221; global_colors_info=&#8221;{}&#8221; custom_padding__hover=&#8221;|||&#8221;][et_pb_text _builder_version=&#8221;4.18.0&#8243; global_colors_info=&#8221;{}&#8221;]<\/p>\n<p><strong>Basics: Speziell f\u00fcr das Dekorieren, Schm\u00fccken und Einpacken<\/strong><\/p>\n<p>Die Basics-Kollektion von Vivant umfasst alle unsere Top-Dekorationsprodukte. In dieser Kollektion finden Sie alle \"Must-haves\" in Form von Basic-B\u00e4ndern, Kordeln, Basic-Tischl\u00e4ufern und -Stoffen, Basic-Taschen und -Schachteln, Papier und Dekorationen.<\/p>\n<p>Mit den Artikeln aus der Basics-Kollektion k\u00f6nnen Sie nach Herzenslust dekorieren, stilvoll verpacken und \u00fcberraschend dekorieren. Jedes Produkt ist darauf ausgelegt, Ihre Pr\u00e4sentation zum Strahlen zu bringen. Die Farbpalette wird jede Saison um die neuesten Trendfarben erweitert. Kreieren Sie endlose Kombinationen mit den Produkten aus unserer Festive Collection, Autumn &amp; Winter Collection oder Spring &amp; Summer Collection. \u00dcberraschen Sie Ihre Kunden mit Ihrer Kreativit\u00e4t, gestaltet mit Vivant's Basics.<\/p>\n<p><strong>Einfache B\u00e4nder und einfache Kordeln<\/strong><\/p>\n<p>Diese Basisartikel von Vivant sind speziell f\u00fcr den professionellen Anwender konzipiert und bieten eine gro\u00dfe Auswahl an soliden Farben, Materialien und einen g\u00fcnstigen Preis. Sch\u00f6n als Erg\u00e4nzung zu ausgefalleneren Designs zum Wickeln, Kn\u00fcpfen, Binden, Aufh\u00e4ngen und Dekorieren. Satin, Grosgrain, Organza und Voile sind die authentischsten Grundb\u00e4nder von Vivant. Papierkordel, Baumwollwachs und Flachsschnur sind unseren Stammkunden sicherlich als Topper innerhalb der Basic-B\u00e4nder bekannt. Klicken Sie auf die unten stehenden K\u00e4stchen, um sich unsere Kollektion an Basic-B\u00e4ndern und -Kordeln anzusehen.<\/p>\n<p><strong>Einfache Tischl\u00e4ufer und Stoffe<\/strong><\/p>\n<p>Sind Sie auf der Suche nach einem Untersetzer oder Banner, der perfekt zu Ihrer Einrichtung oder Dekoration Ihres Gesch\u00e4fts oder Restaurants passt? Unsere Basisl\u00e4ufer und -stoffe gibt es in einer breiten Palette von Farben und Materialien. Transparent f\u00fcr ein luftiges Ambiente oder dicht gewebt f\u00fcr eine gem\u00fctliche Winterlandschaft? Taupe oder Olivgr\u00fcn? Wenn Sie Wert auf den richtigen Farbton legen, um die richtige Atmosph\u00e4re zu schaffen, sind Sie bei Vivant an der richtigen Adresse.<\/p>\n<p><strong>DIY mit einfachen Taschen, Tragetaschen und einfachem Papier<\/strong><\/p>\n<p>Sind Sie kreativ und m\u00f6chten ein originelles Geschenk zur Geburt machen? Oder suchen Sie ein ruhiges Design ohne viel Aufhebens als Basis f\u00fcr eine Geschenkt\u00fcte? Unsere Basisartikel lassen sich uneingeschr\u00e4nkt mit Anh\u00e4ngern, Kordel und anderen sch\u00f6nen Dekorationen kombinieren und verzieren.<\/p>\n<p>[\/et_pb_text][\/et_pb_column][\/et_pb_row][et_pb_row column_structure=&#8221;1_3,1_3,1_3&#8243; use_custom_gutter=&#8221;on&#8221; gutter_width=&#8221;2&#8243; module_class=&#8221;dmm_fp_producten&#8221; _builder_version=&#8221;4.16&#8243; global_colors_info=&#8221;{}&#8221;][et_pb_column type=&#8221;1_3&#8243; _builder_version=&#8221;4.16&#8243; background_position=&#8221;top_left&#8221; custom_padding=&#8221;|||&#8221; global_colors_info=&#8221;{}&#8221; custom_padding__hover=&#8221;|||&#8221;][et_pb_image src=&#8221;https:\/\/www.vivantdecorations.com\/wp-content\/uploads\/2025\/11\/Basis-linten_4651.jpg&#8221; alt=&#8221;Linten&#8221; title_text=&#8221;Basis linten_4651&#8243; url=&#8221;\/basics\/basic-linten\/&#8221; use_overlay=&#8221;on&#8221; hover_icon=&#8221;&#xe050;||divi||400&#8243; show_bottom_space=&#8221;off&#8221; force_fullwidth=&#8221;on&#8221; align_tablet=&#8221;center&#8221; align_phone=&#8221;center&#8221; align_last_edited=&#8221;on|desktop&#8221; module_class=&#8221;dmm_fp_blockimage&#8221; _builder_version=&#8221;4.27.4&#8243; global_colors_info=&#8221;{}&#8221;][\/et_pb_image][et_pb_blurb title=&#8221;basic linten&#8221; url=&#8221;\/basics\/basic-linten\/&#8221; _builder_version=&#8221;4.25.1&#8243; text_orientation=&#8221;center&#8221; max_width_tablet=&#8221;50px&#8221; use_circle=&#8221;off&#8221; use_circle_border=&#8221;off&#8221; global_colors_info=&#8221;{}&#8221;]<\/p>\n<p>Entdecken Sie unsere grundlegenden B\u00e4nder in einer breiten Gr\u00f6\u00dfen- und Farbpalette f\u00fcr die professionelle Dekoration und Verpackung.<\/p>\n<p>[\/et_pb_blurb][et_pb_image src=&#8221;https:\/\/www.vivantdecorations.com\/wp-content\/uploads\/2025\/11\/Basis-tasjes-doosjes.jpg&#8221; alt=&#8221;Linten&#8221; title_text=&#8221;Basis tasjes doosjes&#8221; url=&#8221;\/basics\/basic-tassendoosjes\/&#8221; use_overlay=&#8221;on&#8221; hover_icon=&#8221;&#xe050;||divi||400&#8243; show_bottom_space=&#8221;off&#8221; force_fullwidth=&#8221;on&#8221; align_tablet=&#8221;center&#8221; align_phone=&#8221;center&#8221; align_last_edited=&#8221;on|desktop&#8221; admin_label=&#8221;Afbeelding&#8221; module_class=&#8221;dmm_fp_blockimage&#8221; _builder_version=&#8221;4.27.4&#8243; global_colors_info=&#8221;{}&#8221;][\/et_pb_image][et_pb_blurb title=&#8221;basic tasjes &#038; doosjes&#8221; url=&#8221;\/basics\/basic-tassendoosjes\/&#8221; _builder_version=&#8221;4.25.1&#8243; text_orientation=&#8221;center&#8221; max_width_tablet=&#8221;50px&#8221; global_colors_info=&#8221;{}&#8221;]<\/p>\n<p>Entdecken Sie unsere einfachen Geschenkboxen und -taschen in einer breiten Gr\u00f6\u00dfen- und Farbpalette f\u00fcr professionelle Verpackungen.<\/p>\n<p>[\/et_pb_blurb][\/et_pb_column][et_pb_column type=&#8221;1_3&#8243; _builder_version=&#8221;4.16&#8243; background_position=&#8221;top_left&#8221; custom_padding=&#8221;|||&#8221; global_colors_info=&#8221;{}&#8221; custom_padding__hover=&#8221;|||&#8221;][et_pb_image src=&#8221;https:\/\/www.vivantdecorations.com\/wp-content\/uploads\/2025\/11\/Basis-koorden.jpg&#8221; alt=&#8221;Linten&#8221; title_text=&#8221;Basis koorden&#8221; url=&#8221;\/basics\/basic-koorden\/&#8221; use_overlay=&#8221;on&#8221; hover_icon=&#8221;&#xe050;||divi||400&#8243; show_bottom_space=&#8221;off&#8221; force_fullwidth=&#8221;on&#8221; align_tablet=&#8221;center&#8221; align_phone=&#8221;center&#8221; align_last_edited=&#8221;on|desktop&#8221; admin_label=&#8221;Afbeelding&#8221; module_class=&#8221;dmm_fp_blockimage&#8221; _builder_version=&#8221;4.27.4&#8243; global_colors_info=&#8221;{}&#8221;][\/et_pb_image][et_pb_blurb title=&#8221;basic koorden&#8221; url=&#8221;\/basics\/basic-koorden\/&#8221; _builder_version=&#8221;4.25.1&#8243; text_orientation=&#8221;center&#8221; max_width_tablet=&#8221;50px&#8221; use_circle=&#8221;off&#8221; use_circle_border=&#8221;off&#8221; global_colors_info=&#8221;{}&#8221;]<\/p>\n<p>Blumenbinden, Wickeln, Kordeln zum Aufh\u00e4ngen und Verknoten, klicken Sie hier f\u00fcr unsere Zweitplatzierten in unserer Basic-Kordel-Kollektion.<\/p>\n<p>[\/et_pb_blurb][et_pb_image src=&#8221;https:\/\/www.vivantdecorations.com\/wp-content\/uploads\/2025\/11\/Basis-papier_4683.jpg&#8221; alt=&#8221;Linten&#8221; title_text=&#8221;Basis papier_4683&#8243; url=&#8221;\/basics\/basic-papier\/&#8221; use_overlay=&#8221;on&#8221; hover_icon=&#8221;&#xe050;||divi||400&#8243; show_bottom_space=&#8221;off&#8221; force_fullwidth=&#8221;on&#8221; align_tablet=&#8221;center&#8221; align_phone=&#8221;center&#8221; align_last_edited=&#8221;on|desktop&#8221; module_class=&#8221;dmm_fp_blockimage&#8221; _builder_version=&#8221;4.27.4&#8243; animation_direction=&#8221;off&#8221; animation=&#8221;off&#8221; sticky=&#8221;on&#8221; always_center_on_mobile=&#8221;on&#8221; global_colors_info=&#8221;{}&#8221;][\/et_pb_image][et_pb_blurb title=&#8221;basic papier&#8221; url=&#8221;\/basics\/basic-papier\/&#8221; _builder_version=&#8221;4.25.1&#8243; text_orientation=&#8221;center&#8221; max_width_tablet=&#8221;50px&#8221; use_circle=&#8221;off&#8221; use_circle_border=&#8221;off&#8221; global_colors_info=&#8221;{}&#8221;]<\/p>\n<p>Entdecken Sie unsere uni handgesch\u00f6pften Papierb\u00f6gen und industriell gefertigten Geschenkpapiere auf Rollen in einer breiten Farbpalette.<\/p>\n<p>[\/et_pb_blurb][\/et_pb_column][et_pb_column type=&#8221;1_3&#8243; _builder_version=&#8221;4.16&#8243; background_position=&#8221;top_left&#8221; custom_padding=&#8221;|||&#8221; global_colors_info=&#8221;{}&#8221; custom_padding__hover=&#8221;|||&#8221;][et_pb_image src=&#8221;https:\/\/www.vivantdecorations.com\/wp-content\/uploads\/2025\/11\/Basis-lopers-en-stoffen_4668.jpg&#8221; alt=&#8221;Linten&#8221; title_text=&#8221;Basis lopers en stoffen_4668&#8243; url=&#8221;\/basics\/basic-tafellopers-stoffen\/&#8221; use_overlay=&#8221;on&#8221; hover_icon=&#8221;&#xe050;||divi||400&#8243; show_bottom_space=&#8221;off&#8221; force_fullwidth=&#8221;on&#8221; align_tablet=&#8221;center&#8221; align_phone=&#8221;center&#8221; align_last_edited=&#8221;on|desktop&#8221; module_class=&#8221;dmm_fp_blockimage&#8221; _builder_version=&#8221;4.27.4&#8243; animation=&#8221;off&#8221; sticky=&#8221;on&#8221; global_colors_info=&#8221;{}&#8221;][\/et_pb_image][et_pb_blurb title=&#8221;basic lopers &#038; stoffen&#8221; url=&#8221;\/basics\/basic-tafellopers-stoffen\/&#8221; _builder_version=&#8221;4.25.1&#8243; text_orientation=&#8221;center&#8221; max_width_tablet=&#8221;50px&#8221; global_colors_info=&#8221;{}&#8221;]<\/p>\n<p>Sch\u00f6ne, qualitativ hochwertige Tischl\u00e4ufer und Stoffe in einer breiten Farbpalette und verschiedenen Gr\u00f6\u00dfen f\u00fcr den Gro\u00df- und Einzelhandel.<\/p>\n<p>[\/et_pb_blurb][\/et_pb_column][\/et_pb_row][\/et_pb_section][et_pb_section fb_built=&#8221;1&#8243; _builder_version=&#8221;4.16&#8243; custom_padding=&#8221;0px|||&#8221; global_colors_info=&#8221;{}&#8221;][et_pb_row _builder_version=&#8221;4.16&#8243; background_size=&#8221;initial&#8221; background_position=&#8221;top_left&#8221; background_repeat=&#8221;repeat&#8221; global_colors_info=&#8221;{}&#8221;][et_pb_column type=&#8221;4_4&#8243; _builder_version=&#8221;4.16&#8243; custom_padding=&#8221;|||&#8221; global_colors_info=&#8221;{}&#8221; custom_padding__hover=&#8221;|||&#8221;][et_pb_text _builder_version=&#8221;4.16&#8243; text_orientation=&#8221;center&#8221; module_alignment=&#8221;center&#8221; global_colors_info=&#8221;{}&#8221;]<\/p>\n<h2>meer weten over deze collectie?<\/h2>\n<p>[\/et_pb_text][et_pb_button button_url=&#8221;\/informatie-aanvragen&#8221; button_text=&#8221;neem contact met ons op&#8221; button_alignment=&#8221;center&#8221; _builder_version=&#8221;4.27.5&#8243; background_layout=&#8221;dark&#8221; hover_enabled=&#8221;0&#8243; global_colors_info=&#8221;{}&#8221; button_text_size__hover_enabled=&#8221;off&#8221; button_one_text_size__hover_enabled=&#8221;off&#8221; button_two_text_size__hover_enabled=&#8221;off&#8221; button_text_color__hover_enabled=&#8221;off&#8221; button_one_text_color__hover_enabled=&#8221;off&#8221; button_two_text_color__hover_enabled=&#8221;off&#8221; button_border_width__hover_enabled=&#8221;off&#8221; button_one_border_width__hover_enabled=&#8221;off&#8221; button_two_border_width__hover_enabled=&#8221;off&#8221; button_border_color__hover_enabled=&#8221;off&#8221; button_one_border_color__hover_enabled=&#8221;off&#8221; button_two_border_color__hover_enabled=&#8221;off&#8221; button_border_radius__hover_enabled=&#8221;off&#8221; button_one_border_radius__hover_enabled=&#8221;off&#8221; button_two_border_radius__hover_enabled=&#8221;off&#8221; button_letter_spacing__hover_enabled=&#8221;off&#8221; button_one_letter_spacing__hover_enabled=&#8221;off&#8221; button_two_letter_spacing__hover_enabled=&#8221;off&#8221; button_bg_color__hover_enabled=&#8221;off&#8221; button_one_bg_color__hover_enabled=&#8221;off&#8221; button_two_bg_color__hover_enabled=&#8221;off&#8221; sticky_enabled=&#8221;0&#8243;][\/et_pb_button][\/et_pb_column][\/et_pb_row][\/et_pb_section]<\/p>","protected":false},"excerpt":{"rendered":"<p>BASICSBasics: bijzonder in decoreren, versieren en verpakken De Basics collectie van Vivant bevat al onze decoratieve topproducten. In deze collectie vindt u alle must-haves op het gebied van basic linten, koorden, basic tafellopers en stoffen, basic tassen en doosjes, papier en decoraties. Met de items uit de Basics collectie kunt u naar hartenlust decoreren, stijlvol [&hellip;]<\/p>","protected":false},"author":1,"featured_media":0,"parent":0,"menu_order":1591,"comment_status":"closed","ping_status":"closed","template":"","meta":{"_et_pb_use_builder":"on","_et_pb_old_content":"","_et_gb_content_width":"","footnotes":""},"dipi_cpt_category":[],"class_list":["post-686","page","type-page","status-publish","hentry"],"yoast_head":"<!-- This site is optimized with the Yoast SEO plugin v26.6 - https:\/\/yoast.com\/wordpress\/plugins\/seo\/ -->\n<title>Basics \u2013 Vivants basiscollectie met basic linten en basic tafellopers<\/title>\n<meta name=\"description\" content=\"De Basics collectie van Vivant omvat basic linten, basic koorden en basis decoratie voor groothandel en retail om te decoreren, verpakken en versieren.\" \/>\n<meta name=\"robots\" content=\"index, follow, max-snippet:-1, max-image-preview:large, max-video-preview:-1\" \/>\n<link rel=\"canonical\" href=\"https:\/\/www.vivantdecorations.com\/de\/grundlagen\/\" \/>\n<meta property=\"og:locale\" content=\"de_DE\" \/>\n<meta property=\"og:type\" content=\"article\" \/>\n<meta property=\"og:title\" content=\"Basics \u2013 Vivants basiscollectie met basic linten en basic tafellopers\" \/>\n<meta property=\"og:description\" content=\"De Basics collectie van Vivant omvat basic linten, basic koorden en basis decoratie voor groothandel en retail om te decoreren, verpakken en versieren.\" \/>\n<meta property=\"og:url\" content=\"https:\/\/www.vivantdecorations.com\/de\/grundlagen\/\" \/>\n<meta property=\"og:site_name\" content=\"Vivant\" \/>\n<meta property=\"article:modified_time\" content=\"2026-03-26T11:04:47+00:00\" \/>\n<meta name=\"twitter:card\" content=\"summary_large_image\" \/>\n<meta name=\"twitter:label1\" content=\"Gesch\u00e4tzte Lesezeit\" \/>\n\t<meta name=\"twitter:data1\" content=\"7\u00a0Minuten\" \/>\n<script type=\"application\/ld+json\" class=\"yoast-schema-graph\">{\"@context\":\"https:\/\/schema.org\",\"@graph\":[{\"@type\":\"WebPage\",\"@id\":\"https:\/\/www.vivantdecorations.com\/basics\/\",\"url\":\"https:\/\/www.vivantdecorations.com\/basics\/\",\"name\":\"Basics \u2013 Vivants basiscollectie met basic linten en basic tafellopers\",\"isPartOf\":{\"@id\":\"https:\/\/www.vivantdecorations.com\/#website\"},\"datePublished\":\"2017-11-16T10:03:42+00:00\",\"dateModified\":\"2026-03-26T11:04:47+00:00\",\"description\":\"De Basics collectie van Vivant omvat basic linten, basic koorden en basis decoratie voor groothandel en retail om te decoreren, verpakken en versieren.\",\"breadcrumb\":{\"@id\":\"https:\/\/www.vivantdecorations.com\/basics\/#breadcrumb\"},\"inLanguage\":\"de\",\"potentialAction\":[{\"@type\":\"ReadAction\",\"target\":[\"https:\/\/www.vivantdecorations.com\/basics\/\"]}]},{\"@type\":\"BreadcrumbList\",\"@id\":\"https:\/\/www.vivantdecorations.com\/basics\/#breadcrumb\",\"itemListElement\":[{\"@type\":\"ListItem\",\"position\":1,\"name\":\"Home\",\"item\":\"https:\/\/www.vivantdecorations.com\/\"},{\"@type\":\"ListItem\",\"position\":2,\"name\":\"Basics\"}]},{\"@type\":\"WebSite\",\"@id\":\"https:\/\/www.vivantdecorations.com\/#website\",\"url\":\"https:\/\/www.vivantdecorations.com\/\",\"name\":\"Vivant\",\"description\":\"Decoration products and luxury packaging\",\"publisher\":{\"@id\":\"https:\/\/www.vivantdecorations.com\/#organization\"},\"potentialAction\":[{\"@type\":\"SearchAction\",\"target\":{\"@type\":\"EntryPoint\",\"urlTemplate\":\"https:\/\/www.vivantdecorations.com\/?s={search_term_string}\"},\"query-input\":{\"@type\":\"PropertyValueSpecification\",\"valueRequired\":true,\"valueName\":\"search_term_string\"}}],\"inLanguage\":\"de\"},{\"@type\":\"Organization\",\"@id\":\"https:\/\/www.vivantdecorations.com\/#organization\",\"name\":\"Vivant\",\"url\":\"https:\/\/www.vivantdecorations.com\/\",\"logo\":{\"@type\":\"ImageObject\",\"inLanguage\":\"de\",\"@id\":\"https:\/\/www.vivantdecorations.com\/#\/schema\/logo\/image\/\",\"url\":\"https:\/\/www.vivantdecorations.com\/wp-content\/uploads\/2017\/10\/vivant-logo-210x60px.png\",\"contentUrl\":\"https:\/\/www.vivantdecorations.com\/wp-content\/uploads\/2017\/10\/vivant-logo-210x60px.png\",\"width\":210,\"height\":60,\"caption\":\"Vivant\"},\"image\":{\"@id\":\"https:\/\/www.vivantdecorations.com\/#\/schema\/logo\/image\/\"}}]}<\/script>\n<!-- \/ Yoast SEO plugin. -->","yoast_head_json":{"title":"Basics - Vivants Basic-Kollektion mit Basic-B\u00e4ndern und Basic-Tischl\u00e4ufern","description":"Die Basics-Kollektion von Vivant umfasst Basic-B\u00e4nder, Basic-Kordeln und Basic-Dekoration f\u00fcr den Gro\u00df- und Einzelhandel zum Dekorieren, Verpacken und Versch\u00f6nern.","robots":{"index":"index","follow":"follow","max-snippet":"max-snippet:-1","max-image-preview":"max-image-preview:large","max-video-preview":"max-video-preview:-1"},"canonical":"https:\/\/www.vivantdecorations.com\/de\/grundlagen\/","og_locale":"de_DE","og_type":"article","og_title":"Basics \u2013 Vivants basiscollectie met basic linten en basic tafellopers","og_description":"De Basics collectie van Vivant omvat basic linten, basic koorden en basis decoratie voor groothandel en retail om te decoreren, verpakken en versieren.","og_url":"https:\/\/www.vivantdecorations.com\/de\/grundlagen\/","og_site_name":"Vivant","article_modified_time":"2026-03-26T11:04:47+00:00","twitter_card":"summary_large_image","twitter_misc":{"Gesch\u00e4tzte Lesezeit":"7\u00a0Minuten"},"schema":{"@context":"https:\/\/schema.org","@graph":[{"@type":"WebPage","@id":"https:\/\/www.vivantdecorations.com\/basics\/","url":"https:\/\/www.vivantdecorations.com\/basics\/","name":"Basics - Vivants Basic-Kollektion mit Basic-B\u00e4ndern und Basic-Tischl\u00e4ufern","isPartOf":{"@id":"https:\/\/www.vivantdecorations.com\/#website"},"datePublished":"2017-11-16T10:03:42+00:00","dateModified":"2026-03-26T11:04:47+00:00","description":"Die Basics-Kollektion von Vivant umfasst Basic-B\u00e4nder, Basic-Kordeln und Basic-Dekoration f\u00fcr den Gro\u00df- und Einzelhandel zum Dekorieren, Verpacken und Versch\u00f6nern.","breadcrumb":{"@id":"https:\/\/www.vivantdecorations.com\/basics\/#breadcrumb"},"inLanguage":"de","potentialAction":[{"@type":"ReadAction","target":["https:\/\/www.vivantdecorations.com\/basics\/"]}]},{"@type":"BreadcrumbList","@id":"https:\/\/www.vivantdecorations.com\/basics\/#breadcrumb","itemListElement":[{"@type":"ListItem","position":1,"name":"Home","item":"https:\/\/www.vivantdecorations.com\/"},{"@type":"ListItem","position":2,"name":"Basics"}]},{"@type":"WebSite","@id":"https:\/\/www.vivantdecorations.com\/#website","url":"https:\/\/www.vivantdecorations.com\/","name":"Vivant","description":"Dekorationsartikel und Luxusverpackungen","publisher":{"@id":"https:\/\/www.vivantdecorations.com\/#organization"},"potentialAction":[{"@type":"SearchAction","target":{"@type":"EntryPoint","urlTemplate":"https:\/\/www.vivantdecorations.com\/?s={search_term_string}"},"query-input":{"@type":"PropertyValueSpecification","valueRequired":true,"valueName":"search_term_string"}}],"inLanguage":"de"},{"@type":"Organization","@id":"https:\/\/www.vivantdecorations.com\/#organization","name":"Vivant","url":"https:\/\/www.vivantdecorations.com\/","logo":{"@type":"ImageObject","inLanguage":"de","@id":"https:\/\/www.vivantdecorations.com\/#\/schema\/logo\/image\/","url":"https:\/\/www.vivantdecorations.com\/wp-content\/uploads\/2017\/10\/vivant-logo-210x60px.png","contentUrl":"https:\/\/www.vivantdecorations.com\/wp-content\/uploads\/2017\/10\/vivant-logo-210x60px.png","width":210,"height":60,"caption":"Vivant"},"image":{"@id":"https:\/\/www.vivantdecorations.com\/#\/schema\/logo\/image\/"}}]}},"_links":{"self":[{"href":"https:\/\/www.vivantdecorations.com\/de\/wp-json\/wp\/v2\/pages\/686","targetHints":{"allow":["GET"]}}],"collection":[{"href":"https:\/\/www.vivantdecorations.com\/de\/wp-json\/wp\/v2\/pages"}],"about":[{"href":"https:\/\/www.vivantdecorations.com\/de\/wp-json\/wp\/v2\/types\/page"}],"author":[{"embeddable":true,"href":"https:\/\/www.vivantdecorations.com\/de\/wp-json\/wp\/v2\/users\/1"}],"replies":[{"embeddable":true,"href":"https:\/\/www.vivantdecorations.com\/de\/wp-json\/wp\/v2\/comments?post=686"}],"version-history":[{"count":76,"href":"https:\/\/www.vivantdecorations.com\/de\/wp-json\/wp\/v2\/pages\/686\/revisions"}],"predecessor-version":[{"id":26802,"href":"https:\/\/www.vivantdecorations.com\/de\/wp-json\/wp\/v2\/pages\/686\/revisions\/26802"}],"wp:attachment":[{"href":"https:\/\/www.vivantdecorations.com\/de\/wp-json\/wp\/v2\/media?parent=686"}],"wp:term":[{"taxonomy":"dipi_cpt_category","embeddable":true,"href":"https:\/\/www.vivantdecorations.com\/de\/wp-json\/wp\/v2\/dipi_cpt_category?post=686"}],"curies":[{"name":"wp","href":"https:\/\/api.w.org\/{rel}","templated":true}]}}