{"id":653,"date":"2017-11-08T15:02:28","date_gmt":"2017-11-08T14:02:28","guid":{"rendered":"https:\/\/www.vivantdecorations.com\/?page_id=653"},"modified":"2026-03-31T08:47:08","modified_gmt":"2026-03-31T06:47:08","slug":"grundlegende-bander","status":"publish","type":"page","link":"https:\/\/www.vivantdecorations.com\/de\/grundlagen\/grundlegende-bander\/","title":{"rendered":"Basic B\u00e4nder"},"content":{"rendered":"<p>[et_pb_section fb_built=&#8221;1&#8243; _builder_version=&#8221;4.27.5&#8243; background_color_gradient_start=&#8221;rgba(255,255,255,0)&#8221; background_color_gradient_end=&#8221;#ffffff&#8221; background_image=&#8221;https:\/\/www.vivantdecorations.com\/wp-content\/uploads\/2025\/11\/Basis-linten_4651.jpg&#8221; global_colors_info=&#8221;{}&#8221;][et_pb_row _builder_version=&#8221;4.18.0&#8243; custom_margin=&#8221;0px|||&#8221; custom_padding=&#8221;0px|||&#8221; global_colors_info=&#8221;{}&#8221;][et_pb_column type=&#8221;4_4&#8243; _builder_version=&#8221;4.16&#8243; custom_padding=&#8221;|||&#8221; global_colors_info=&#8221;{}&#8221; custom_padding__hover=&#8221;|||&#8221;][et_pb_text admin_label=&#8221;Paginatitel&#8221; _builder_version=&#8221;4.18.0&#8243; background_color=&#8221;rgba(0,0,0,0.3)&#8221; text_orientation=&#8221;center&#8221; background_layout=&#8221;dark&#8221; module_alignment=&#8221;center&#8221; custom_padding=&#8221;20px|20px|10px|20px&#8221; global_colors_info=&#8221;{}&#8221;]<\/p>\n<h1>BASIC LINTEN <a href=\"\/de\/grundlagen\/\">\/ BASICS<\/a><\/h1>\n<p>[\/et_pb_text][\/et_pb_column][\/et_pb_row][\/et_pb_section][et_pb_section fb_built=&#8221;1&#8243; _builder_version=&#8221;4.16&#8243; background_color_gradient_start=&#8221;rgba(255,255,255,0)&#8221; background_color_gradient_end=&#8221;#ffffff&#8221; background_blend=&#8221;overlay&#8221; global_colors_info=&#8221;{}&#8221;][et_pb_row _builder_version=&#8221;4.16&#8243; background_size=&#8221;initial&#8221; background_position=&#8221;top_left&#8221; background_repeat=&#8221;repeat&#8221; global_colors_info=&#8221;{}&#8221;][et_pb_column type=&#8221;4_4&#8243; _builder_version=&#8221;4.16&#8243; custom_padding=&#8221;|||&#8221; global_colors_info=&#8221;{}&#8221; custom_padding__hover=&#8221;|||&#8221;][et_pb_image src=&#8221;https:\/\/www.vivantdecorations.com\/wp-content\/uploads\/2026\/03\/Basis-linten_4651-kleiner.jpg&#8221; title_text=&#8221;Basis linten_4651 kleiner&#8221; admin_label=&#8221;Afbeelding&#8221; _builder_version=&#8221;4.27.5&#8243; _module_preset=&#8221;default&#8221; hover_enabled=&#8221;0&#8243; global_colors_info=&#8221;{}&#8221; sticky_enabled=&#8221;0&#8243;][\/et_pb_image][et_pb_text _builder_version=&#8221;4.16&#8243; global_colors_info=&#8221;{}&#8221;]<strong>Basic B\u00e4nder, Vivants top B\u00e4nder f\u00fcr Dekoration und Verpackung<\/strong><\/p>\n<p>Vom Floristen bis zur Parf\u00fcmerie, vom Restaurant bis zum Schaufensterdekorateur, vom Kaufhaus bis zum Einzelh\u00e4ndler: Wenn etwas verpackt oder dekoriert werden soll, gibt ein h\u00fcbsches Band oder eine auff\u00e4llige Schleife Ihrem Produkt den letzten Schliff.<\/p>\n<p>Sind Sie auf der Suche nach einem doppelseitigen Band, einem sch\u00f6nen Satinband oder bevorzugen Sie Organzab\u00e4nder? In der Basics-Kollektion von Vivant finden Sie auch eine gro\u00dfe Auswahl an B\u00e4ndern verschiedener Qualit\u00e4ten, Textilien und geschmackvoll strukturierten B\u00e4ndern. M\u00f6gen Sie es schick, elegant, kokett, luxuri\u00f6s oder lieber raffiniert, sportlich, schlicht oder trendy? In der Basics-Kollektion finden Sie, was Sie suchen!<br \/>\n[\/et_pb_text][\/et_pb_column][\/et_pb_row][\/et_pb_section]<\/p>","protected":false},"excerpt":{"rendered":"<p>BASIC LINTEN \/ BASICSBasic linten, Vivants toplinten voor versieren en verpakken Van bloemist tot parfumerie, van restaurant tot etaleur, van warenhuis tot detaillist: als er iets verpakt of gedecoreerd mag worden, maakt een mooi lint of opvallende strik uw product pas \u00e9cht af. Zoekt u een double face lint, een mooi satijnen lint, of houdt [&hellip;]<\/p>","protected":false},"author":1,"featured_media":0,"parent":686,"menu_order":1,"comment_status":"closed","ping_status":"closed","template":"","meta":{"_et_pb_use_builder":"on","_et_pb_old_content":"","_et_gb_content_width":"","footnotes":""},"dipi_cpt_category":[],"class_list":["post-653","page","type-page","status-publish","hentry"],"yoast_head":"<!-- This site is optimized with the Yoast SEO plugin v26.6 - https:\/\/yoast.com\/wordpress\/plugins\/seo\/ -->\n<title>Basic linten, Vivants toplinten voor versieren en verpakken<\/title>\n<meta name=\"description\" content=\"Basic linten om mee te verpakken, versieren, decoreren speciaal ontworpen voor de professionele gebruiker. Uitgebreid kleurpalet en keuze in materialen.\" \/>\n<meta name=\"robots\" content=\"index, follow, max-snippet:-1, max-image-preview:large, max-video-preview:-1\" \/>\n<link rel=\"canonical\" href=\"https:\/\/www.vivantdecorations.com\/de\/grundlagen\/grundlegende-bander\/\" \/>\n<meta property=\"og:locale\" content=\"de_DE\" \/>\n<meta property=\"og:type\" content=\"article\" \/>\n<meta property=\"og:title\" content=\"Basic linten, Vivants toplinten voor versieren en verpakken\" \/>\n<meta property=\"og:description\" content=\"Basic linten om mee te verpakken, versieren, decoreren speciaal ontworpen voor de professionele gebruiker. Uitgebreid kleurpalet en keuze in materialen.\" \/>\n<meta property=\"og:url\" content=\"https:\/\/www.vivantdecorations.com\/de\/grundlagen\/grundlegende-bander\/\" \/>\n<meta property=\"og:site_name\" content=\"Vivant\" \/>\n<meta property=\"article:modified_time\" content=\"2026-03-31T06:47:08+00:00\" \/>\n<meta name=\"twitter:card\" content=\"summary_large_image\" \/>\n<meta name=\"twitter:label1\" content=\"Gesch\u00e4tzte Lesezeit\" \/>\n\t<meta name=\"twitter:data1\" content=\"2\u00a0Minuten\" \/>\n<script type=\"application\/ld+json\" class=\"yoast-schema-graph\">{\"@context\":\"https:\/\/schema.org\",\"@graph\":[{\"@type\":\"WebPage\",\"@id\":\"https:\/\/www.vivantdecorations.com\/basics\/basic-linten\/\",\"url\":\"https:\/\/www.vivantdecorations.com\/basics\/basic-linten\/\",\"name\":\"Basic linten, Vivants toplinten voor versieren en verpakken\",\"isPartOf\":{\"@id\":\"https:\/\/www.vivantdecorations.com\/#website\"},\"datePublished\":\"2017-11-08T14:02:28+00:00\",\"dateModified\":\"2026-03-31T06:47:08+00:00\",\"description\":\"Basic linten om mee te verpakken, versieren, decoreren speciaal ontworpen voor de professionele gebruiker. Uitgebreid kleurpalet en keuze in materialen.\",\"breadcrumb\":{\"@id\":\"https:\/\/www.vivantdecorations.com\/basics\/basic-linten\/#breadcrumb\"},\"inLanguage\":\"de\",\"potentialAction\":[{\"@type\":\"ReadAction\",\"target\":[\"https:\/\/www.vivantdecorations.com\/basics\/basic-linten\/\"]}]},{\"@type\":\"BreadcrumbList\",\"@id\":\"https:\/\/www.vivantdecorations.com\/basics\/basic-linten\/#breadcrumb\",\"itemListElement\":[{\"@type\":\"ListItem\",\"position\":1,\"name\":\"Home\",\"item\":\"https:\/\/www.vivantdecorations.com\/\"},{\"@type\":\"ListItem\",\"position\":2,\"name\":\"Basics\",\"item\":\"https:\/\/www.vivantdecorations.com\/basics\/\"},{\"@type\":\"ListItem\",\"position\":3,\"name\":\"Basic linten\"}]},{\"@type\":\"WebSite\",\"@id\":\"https:\/\/www.vivantdecorations.com\/#website\",\"url\":\"https:\/\/www.vivantdecorations.com\/\",\"name\":\"Vivant\",\"description\":\"Decoration products and luxury packaging\",\"publisher\":{\"@id\":\"https:\/\/www.vivantdecorations.com\/#organization\"},\"potentialAction\":[{\"@type\":\"SearchAction\",\"target\":{\"@type\":\"EntryPoint\",\"urlTemplate\":\"https:\/\/www.vivantdecorations.com\/?s={search_term_string}\"},\"query-input\":{\"@type\":\"PropertyValueSpecification\",\"valueRequired\":true,\"valueName\":\"search_term_string\"}}],\"inLanguage\":\"de\"},{\"@type\":\"Organization\",\"@id\":\"https:\/\/www.vivantdecorations.com\/#organization\",\"name\":\"Vivant\",\"url\":\"https:\/\/www.vivantdecorations.com\/\",\"logo\":{\"@type\":\"ImageObject\",\"inLanguage\":\"de\",\"@id\":\"https:\/\/www.vivantdecorations.com\/#\/schema\/logo\/image\/\",\"url\":\"https:\/\/www.vivantdecorations.com\/wp-content\/uploads\/2017\/10\/vivant-logo-210x60px.png\",\"contentUrl\":\"https:\/\/www.vivantdecorations.com\/wp-content\/uploads\/2017\/10\/vivant-logo-210x60px.png\",\"width\":210,\"height\":60,\"caption\":\"Vivant\"},\"image\":{\"@id\":\"https:\/\/www.vivantdecorations.com\/#\/schema\/logo\/image\/\"}}]}<\/script>\n<!-- \/ Yoast SEO plugin. -->","yoast_head_json":{"title":"Basic B\u00e4nder, Vivants top B\u00e4nder f\u00fcr Dekoration und Verpackung","description":"Grundlegende B\u00e4nder zum Einwickeln, Verzieren, Dekorieren, die speziell f\u00fcr den professionellen Anwender entwickelt wurden. Umfangreiche Farbpalette und Auswahl an Materialien.","robots":{"index":"index","follow":"follow","max-snippet":"max-snippet:-1","max-image-preview":"max-image-preview:large","max-video-preview":"max-video-preview:-1"},"canonical":"https:\/\/www.vivantdecorations.com\/de\/grundlagen\/grundlegende-bander\/","og_locale":"de_DE","og_type":"article","og_title":"Basic linten, Vivants toplinten voor versieren en verpakken","og_description":"Basic linten om mee te verpakken, versieren, decoreren speciaal ontworpen voor de professionele gebruiker. Uitgebreid kleurpalet en keuze in materialen.","og_url":"https:\/\/www.vivantdecorations.com\/de\/grundlagen\/grundlegende-bander\/","og_site_name":"Vivant","article_modified_time":"2026-03-31T06:47:08+00:00","twitter_card":"summary_large_image","twitter_misc":{"Gesch\u00e4tzte Lesezeit":"2\u00a0Minuten"},"schema":{"@context":"https:\/\/schema.org","@graph":[{"@type":"WebPage","@id":"https:\/\/www.vivantdecorations.com\/basics\/basic-linten\/","url":"https:\/\/www.vivantdecorations.com\/basics\/basic-linten\/","name":"Basic B\u00e4nder, Vivants top B\u00e4nder f\u00fcr Dekoration und Verpackung","isPartOf":{"@id":"https:\/\/www.vivantdecorations.com\/#website"},"datePublished":"2017-11-08T14:02:28+00:00","dateModified":"2026-03-31T06:47:08+00:00","description":"Grundlegende B\u00e4nder zum Einwickeln, Verzieren, Dekorieren, die speziell f\u00fcr den professionellen Anwender entwickelt wurden. Umfangreiche Farbpalette und Auswahl an Materialien.","breadcrumb":{"@id":"https:\/\/www.vivantdecorations.com\/basics\/basic-linten\/#breadcrumb"},"inLanguage":"de","potentialAction":[{"@type":"ReadAction","target":["https:\/\/www.vivantdecorations.com\/basics\/basic-linten\/"]}]},{"@type":"BreadcrumbList","@id":"https:\/\/www.vivantdecorations.com\/basics\/basic-linten\/#breadcrumb","itemListElement":[{"@type":"ListItem","position":1,"name":"Home","item":"https:\/\/www.vivantdecorations.com\/"},{"@type":"ListItem","position":2,"name":"Basics","item":"https:\/\/www.vivantdecorations.com\/basics\/"},{"@type":"ListItem","position":3,"name":"Basic linten"}]},{"@type":"WebSite","@id":"https:\/\/www.vivantdecorations.com\/#website","url":"https:\/\/www.vivantdecorations.com\/","name":"Vivant","description":"Dekorationsartikel und Luxusverpackungen","publisher":{"@id":"https:\/\/www.vivantdecorations.com\/#organization"},"potentialAction":[{"@type":"SearchAction","target":{"@type":"EntryPoint","urlTemplate":"https:\/\/www.vivantdecorations.com\/?s={search_term_string}"},"query-input":{"@type":"PropertyValueSpecification","valueRequired":true,"valueName":"search_term_string"}}],"inLanguage":"de"},{"@type":"Organization","@id":"https:\/\/www.vivantdecorations.com\/#organization","name":"Vivant","url":"https:\/\/www.vivantdecorations.com\/","logo":{"@type":"ImageObject","inLanguage":"de","@id":"https:\/\/www.vivantdecorations.com\/#\/schema\/logo\/image\/","url":"https:\/\/www.vivantdecorations.com\/wp-content\/uploads\/2017\/10\/vivant-logo-210x60px.png","contentUrl":"https:\/\/www.vivantdecorations.com\/wp-content\/uploads\/2017\/10\/vivant-logo-210x60px.png","width":210,"height":60,"caption":"Vivant"},"image":{"@id":"https:\/\/www.vivantdecorations.com\/#\/schema\/logo\/image\/"}}]}},"_links":{"self":[{"href":"https:\/\/www.vivantdecorations.com\/de\/wp-json\/wp\/v2\/pages\/653","targetHints":{"allow":["GET"]}}],"collection":[{"href":"https:\/\/www.vivantdecorations.com\/de\/wp-json\/wp\/v2\/pages"}],"about":[{"href":"https:\/\/www.vivantdecorations.com\/de\/wp-json\/wp\/v2\/types\/page"}],"author":[{"embeddable":true,"href":"https:\/\/www.vivantdecorations.com\/de\/wp-json\/wp\/v2\/users\/1"}],"replies":[{"embeddable":true,"href":"https:\/\/www.vivantdecorations.com\/de\/wp-json\/wp\/v2\/comments?post=653"}],"version-history":[{"count":31,"href":"https:\/\/www.vivantdecorations.com\/de\/wp-json\/wp\/v2\/pages\/653\/revisions"}],"predecessor-version":[{"id":26913,"href":"https:\/\/www.vivantdecorations.com\/de\/wp-json\/wp\/v2\/pages\/653\/revisions\/26913"}],"up":[{"embeddable":true,"href":"https:\/\/www.vivantdecorations.com\/de\/wp-json\/wp\/v2\/pages\/686"}],"wp:attachment":[{"href":"https:\/\/www.vivantdecorations.com\/de\/wp-json\/wp\/v2\/media?parent=653"}],"wp:term":[{"taxonomy":"dipi_cpt_category","embeddable":true,"href":"https:\/\/www.vivantdecorations.com\/de\/wp-json\/wp\/v2\/dipi_cpt_category?post=653"}],"curies":[{"name":"wp","href":"https:\/\/api.w.org\/{rel}","templated":true}]}}