{"id":637,"date":"2017-11-07T16:57:48","date_gmt":"2017-11-07T15:57:48","guid":{"rendered":"https:\/\/www.vivantdecorations.com\/?page_id=637"},"modified":"2026-03-26T12:35:58","modified_gmt":"2026-03-26T11:35:58","slug":"uber-vivant-dekorationen","status":"publish","type":"page","link":"https:\/\/www.vivantdecorations.com\/de\/uber-vivant-dekorationen\/","title":{"rendered":"\u00dcber Vivant"},"content":{"rendered":"<p>[et_pb_section fb_built=&#8221;1&#8243; _builder_version=&#8221;4.27.5&#8243; background_image=&#8221;https:\/\/www.vivantdecorations.com\/wp-content\/uploads\/2026\/02\/nordic-bliss-1.jpg&#8221; hover_enabled=&#8221;0&#8243; locked=&#8221;off&#8221; collapsed=&#8221;off&#8221; global_colors_info=&#8221;{}&#8221; title_text=&#8221;nordic bliss&#8221; sticky_enabled=&#8221;0&#8243;][et_pb_row _builder_version=&#8221;4.17.3&#8243; custom_margin=&#8221;0px|||&#8221; custom_padding=&#8221;0px|||&#8221; global_colors_info=&#8221;{}&#8221;][et_pb_column type=&#8221;4_4&#8243; _builder_version=&#8221;4.16&#8243; custom_padding=&#8221;|||&#8221; global_colors_info=&#8221;{}&#8221; custom_padding__hover=&#8221;|||&#8221;][et_pb_text admin_label=&#8221;Paginatitel&#8221; _builder_version=&#8221;4.23.1&#8243; background_color=&#8221;rgba(0,0,0,0.3)&#8221; text_orientation=&#8221;center&#8221; background_layout=&#8221;dark&#8221; module_alignment=&#8221;center&#8221; custom_padding=&#8221;20px|20px|10px|20px&#8221; global_colors_info=&#8221;{}&#8221;]<\/p>\n<h1>OVER VIVANT<\/h1>\n<p>[\/et_pb_text][\/et_pb_column][\/et_pb_row][\/et_pb_section][et_pb_section fb_built=&#8221;1&#8243; module_id=&#8221;producten&#8221; _builder_version=&#8221;4.16&#8243; global_colors_info=&#8221;{}&#8221;][et_pb_row _builder_version=&#8221;4.23.1&#8243; custom_margin=&#8221;||0px|&#8221; custom_padding=&#8221;||0px|&#8221; global_colors_info=&#8221;{}&#8221;][et_pb_column type=&#8221;4_4&#8243; _builder_version=&#8221;4.16&#8243; background_position=&#8221;top_left&#8221; custom_padding=&#8221;|||&#8221; global_colors_info=&#8221;{}&#8221; custom_padding__hover=&#8221;|||&#8221;][et_pb_video src=&#8221;https:\/\/www.vivantdecorations.com\/wp-content\/uploads\/2022\/06\/Film-Vivant-Loves-You-COME-VISIT-US.mp4&#8243; _builder_version=&#8221;4.23.1&#8243; _module_preset=&#8221;default&#8221; global_colors_info=&#8221;{}&#8221;][\/et_pb_video][et_pb_text _builder_version=&#8221;4.23.1&#8243; _module_preset=&#8221;default&#8221; global_colors_info=&#8221;{}&#8221;]<\/p>\n<p><b>F\u00fchrend in den Bereichen Lifestyle, Dekoration und Luxusverpackungen.<\/b><\/p>\n<p><b> <\/b><\/p>\n<p><b><\/b>Vivant ist seit 1989 ein f\u00fchrender internationaler Designer und Importeur von exklusiven, zeitlosen Dekorationsartikeln, Lifestyle-Produkten, luxuri\u00f6sen Produktverpackungen und Accessoires f\u00fcr Gro\u00dfhandel, Produktion, Einzelhandel und professionelle Anwender. Vom Flughafen Maastricht Aachen in den Niederlanden aus beliefern wir Firmenkunden in Europa, dem Nahen Osten, den Vereinigten Staaten und Asien.<\/p>\n<p><b><\/b><\/p>\n<p><b>Exklusive Dekorationsmaterialien f\u00fcr Ihr Display.<\/b><\/p>\n<p><b> <\/b><\/p>\n<p><b><\/b>Wenn Sie einen flexiblen, zuverl\u00e4ssigen Lieferanten f\u00fcr Lifestyle- und Dekorationsprodukte oder Geschenkdesign mit einzigartigem Aussehen suchen, sind Sie bei uns genau richtig. Neben B\u00e4ndern, Schleifen und Kordeln liefern wir auch die dazugeh\u00f6rigen Dekorationsmaterialien wie Geschenkpapier, Tischl\u00e4ufer und Stoffe, Geschenkpapier, Geschenkschachteln, Taschen, Organzabeutel, allgemeine Dekorationen und ma\u00dfgeschneiderte Dekorationen. Vivant wei\u00df, dass eine originelle Dekoration jedes Produkt, jede Schaufensterauslage und jede Inneneinrichtung zu etwas Besonderem macht und verleiht Ihren Verpackungen und Inneneinrichtungen den letzten Schliff.<\/p>\n<p><b><\/b><\/p>\n<p><b>Dekorationen f\u00fcr Fachleute.<\/b><\/p>\n<p><b> <\/b><\/p>\n<p><b><\/b>Unsere Produkte werden weltweit von Unternehmen verwendet, die in vielen Marktsegmenten t\u00e4tig sind. Sie finden unsere Geschenkpapiere, Dekorationen und Luxusverpackungen bei Gro\u00dfh\u00e4ndlern, den gro\u00dfen Einzelhandelsketten, Luxusmarken und Kaufh\u00e4usern, unabh\u00e4ngigen Einzelh\u00e4ndlern und im unteren Preissegment. Nachstehend finden Sie einige der Branchen, die wir beliefern:<\/p>\n<p>Verarbeitendes Gewerbe und Gro\u00dfhandel:<br \/>- dekorative Produkte<br \/>- Verpackung<br \/>- Pflegeprodukte<br \/>- Kosmetika<br \/>- Essen<br \/>- Schreibwaren<br \/>- Textilien und Bekleidung<br \/>- Kurzwarengesch\u00e4ft<\/p>\n<p>Einzelhandel:<br \/>- Kaufh\u00e4user<br \/>- Gartencenter<br \/>- Parf\u00fcmerien<br \/>- Schokoladengesch\u00e4fte<br \/>- Blumenl\u00e4den<br \/>- Geschenkel\u00e4den<br \/>- Handwerksbetriebe<br \/>- Kettengesch\u00e4fte<br \/>- Einzelhandel<br \/>- Juweliergesch\u00e4fte<\/p>\n<p>Gastfreundschaft:<br \/>- Hotels<br \/>- Restaurants<\/p>\n<p><b><\/b><\/p>\n<p><b>Kreativ gestaltete dekorative Produkte.<\/b><\/p>\n<p><b> <\/b><\/p>\n<p><b><\/b>Vivant entwirft alle seine Produkte selbst. Unsere Produkte, die gr\u00f6\u00dftenteils auf modernen Designs basieren, sind die perfekte M\u00f6glichkeit, jeder Umgebung einen Hauch von Glanz zu verleihen und ein perfektes Ambiente zu schaffen. Neben unserer bew\u00e4hrten 'Basics'-Kollektion bringen wir zweimal im Jahr ein v\u00f6llig neues Sortiment an stilvollen Dekorationsprodukten heraus: die 'Party'-Kollektion, die 'Fr\u00fchjahr\/Sommer'-Kollektion und die 'Herbst\/Winter'-Kollektion. Unsere Designer entwerfen diese Produkte in unserer eigenen Werkstatt nach den neuesten Trends in Bezug auf Farben, Materialien und Anwendungen. Innovativ zu sein und sch\u00f6ne, praktische L\u00f6sungen anzubieten, steht im Mittelpunkt unserer Arbeit: Weihnachtsdekoration, Ladendekoration, Tischdekoration und Luxusverpackungen in Spitzenqualit\u00e4t!<\/p>\n<p><b><\/b><\/p>\n<p><b>Ma\u00dfgeschneiderte Konzepte und Eigenmarken in Ihrem eigenen Stil.<\/b><\/p>\n<p><b> <\/b><\/p>\n<p><b><\/b>Der Phantasie sind keine Grenzen gesetzt. Wenn also unser bestehendes Sortiment nicht das bietet, was Sie suchen, oder wenn Sie Ihre Produkte in Ihrem eigenen Stil oder gem\u00e4\u00df Ihrer Verkaufsformel pr\u00e4sentieren m\u00f6chten, k\u00f6nnen Sie aus unserer gro\u00dfen Auswahl an Eigenmarken oder ma\u00dfgeschneiderten Dekorationen w\u00e4hlen. Dazu geh\u00f6ren bedruckte B\u00e4nder, Geschenk- oder Pr\u00e4sentverpackungen, Papier, Taschen und Beutel, die auf Ihr Produkt zugeschnitten sind. Dank unseres Know-hows im Bereich Lifestyle denken wir gerne mit Ihnen mit, wenn es um Stoffe, Kordeln und Schn\u00fcre, Tischdekorationen und Tischl\u00e4ufer, Tischsets, Servietten und vieles mehr geht. Sehen Sie sich hier einige Beispiele f\u00fcr unsere ma\u00dfgeschneiderten L\u00f6sungen an. Wir bieten Ihnen so viele M\u00f6glichkeiten, mit einem Dekorationskonzept, einer ma\u00dfgeschneiderten Kollektion oder einer Produktserie, die zu Ihrem Thema, Ihrem Stil und Ihrem Geschmack passt, eine einzigartige Pr\u00e4sentation zu schaffen!<\/p>\n<p><b><\/b><\/p>\n<p><b>Nachhaltigkeit und Qualit\u00e4t.<\/b><\/p>\n<p><b> <\/b><\/p>\n<p><b><\/b>Wir denken, dass unsere Produkte viel zu sch\u00f6n sind, um nur einmal benutzt zu werden. Nicht zuletzt deshalb legen wir gro\u00dfen Wert auf Langlebigkeit und Qualit\u00e4t. Unsere Produkte werden so \u00f6kologisch verantwortungsvoll und nachhaltig wie m\u00f6glich produziert und transportiert. Sie k\u00f6nnen sich darauf verlassen, dass wir den bestm\u00f6glichen Service und die bestm\u00f6gliche Leistung bieten, denn wir wollen Ihr langfristiger Gesch\u00e4ftspartner sein. Wir f\u00fchren gr\u00fcndliche Qualit\u00e4tskontrollen an unseren Produkten durch und k\u00f6nnen dank unseres gro\u00dfen Lagers schnelle Lieferzeiten garantieren. Au\u00dferdem bem\u00fchen wir uns um optimale Arbeitsbedingungen f\u00fcr unsere eigenen Mitarbeiter und die Mitarbeiter unserer Gesch\u00e4ftspartner.<\/p>\n<p><b><\/b><\/p>\n<p><b>Mitgliedschaft bei Amfori (BSCI).<\/b><\/p>\n<p><b> <\/b><\/p>\n<p><b><\/b>F\u00fcr Unternehmen ist es heute genauso wichtig, Gutes f\u00fcr die Menschen und den Planeten zu tun wie Einnahmen zu erzielen. Kunden, Stakeholder und Nichtregierungsorganisationen verlangen, dass Unternehmen heute auf ethische, transparente und nachhaltige Weise arbeiten. Amfori hat es sich zur Aufgabe gemacht, Organisationen in die Lage zu versetzen, den Wohlstand der Menschen zu steigern, nat\u00fcrliche Ressourcen verantwortungsvoll zu nutzen und den offenen Handel weltweit zu f\u00f6rdern. Diese nachhaltige Gemeinschaft vereint \u00fcber 2.400 Marken, Importeure, Einzelh\u00e4ndler und Verb\u00e4nde aus mehr als 40 L\u00e4ndern auf der ganzen Welt, in allen Gr\u00f6\u00dfen und Branchen. Als Mitglied der Amfori BSCI (Business Social Compliance Initiative) k\u00f6nnen wir Verbesserungen in den Bereichen Umwelt, Soziales und Handel in unseren Lieferketten vorantreiben.<\/p>\n<p>Klicken Sie auf den untenstehenden Link, um mehr \u00fcber Amfori und die SDGs (Sustainable Development Goals) zu erfahren. <span class=\"Apple-converted-space\">\u00a0 \u00a0<\/span><\/p>\n<p>[\/et_pb_text][et_pb_image src=&#8221;https:\/\/www.vivantdecorations.com\/wp-content\/uploads\/2019\/02\/VIVANT_stand_040219_9270_1900px.jpg&#8221; _builder_version=&#8221;4.23.1&#8243; _module_preset=&#8221;default&#8221; global_colors_info=&#8221;{}&#8221;][\/et_pb_image][\/et_pb_column][\/et_pb_row][\/et_pb_section][et_pb_section fb_built=&#8221;1&#8243; _builder_version=&#8221;4.16&#8243; custom_padding=&#8221;0px|||&#8221; locked=&#8221;off&#8221; global_colors_info=&#8221;{}&#8221;][et_pb_row _builder_version=&#8221;4.16&#8243; background_size=&#8221;initial&#8221; background_position=&#8221;top_left&#8221; background_repeat=&#8221;repeat&#8221; global_colors_info=&#8221;{}&#8221;][et_pb_column type=&#8221;4_4&#8243; _builder_version=&#8221;4.16&#8243; custom_padding=&#8221;|||&#8221; global_colors_info=&#8221;{}&#8221; custom_padding__hover=&#8221;|||&#8221;][et_pb_text _builder_version=&#8221;4.23.1&#8243; text_orientation=&#8221;center&#8221; module_alignment=&#8221;center&#8221; global_colors_info=&#8221;{}&#8221;]<\/p>\n<h2>mehr wissen?<\/h2>\n<p>[\/et_pb_text][et_pb_button button_url=&#8221;https:\/\/www.vivantdecorations.com\/informatie-aanvragen\/&#8221; button_text=&#8221;neem contact met ons op!&#8221; button_alignment=&#8221;center&#8221; _builder_version=&#8221;4.27.5&#8243; background_layout=&#8221;dark&#8221; global_colors_info=&#8221;{}&#8221; button_text_size__hover_enabled=&#8221;off&#8221; button_one_text_size__hover_enabled=&#8221;off&#8221; button_two_text_size__hover_enabled=&#8221;off&#8221; button_text_color__hover_enabled=&#8221;off&#8221; button_one_text_color__hover_enabled=&#8221;off&#8221; button_two_text_color__hover_enabled=&#8221;off&#8221; button_border_width__hover_enabled=&#8221;off&#8221; button_one_border_width__hover_enabled=&#8221;off&#8221; button_two_border_width__hover_enabled=&#8221;off&#8221; button_border_color__hover_enabled=&#8221;off&#8221; button_one_border_color__hover_enabled=&#8221;off&#8221; button_two_border_color__hover_enabled=&#8221;off&#8221; button_border_radius__hover_enabled=&#8221;off&#8221; button_one_border_radius__hover_enabled=&#8221;off&#8221; button_two_border_radius__hover_enabled=&#8221;off&#8221; button_letter_spacing__hover_enabled=&#8221;off&#8221; button_one_letter_spacing__hover_enabled=&#8221;off&#8221; button_two_letter_spacing__hover_enabled=&#8221;off&#8221; button_bg_color__hover_enabled=&#8221;off&#8221; button_one_bg_color__hover_enabled=&#8221;off&#8221; button_two_bg_color__hover_enabled=&#8221;off&#8221;][\/et_pb_button][\/et_pb_column][\/et_pb_row][\/et_pb_section][et_pb_section fb_built=&#8221;1&#8243; _builder_version=&#8221;4.17.3&#8243; _module_preset=&#8221;default&#8221; locked=&#8221;off&#8221; global_colors_info=&#8221;{}&#8221;][et_pb_row _builder_version=&#8221;4.17.3&#8243; _module_preset=&#8221;default&#8221; global_colors_info=&#8221;{}&#8221;][et_pb_column type=&#8221;4_4&#8243; _builder_version=&#8221;4.17.3&#8243; _module_preset=&#8221;default&#8221; global_colors_info=&#8221;{}&#8221;][\/et_pb_column][\/et_pb_row][\/et_pb_section]<\/p>","protected":false},"excerpt":{"rendered":"<p>OVER VIVANTToonaangevend op het gebied van lifestyle, decoratie en luxe verpakkingen. Vivant is sinds 1989 een toonaangevende internationale ontwerper en importeur van exclusieve, tijdloze decoratieartikelen, lifestyleproducten, luxe productverpakkingen en accessoires voor de groothandel, maakindustrie, retailbedrijven en professionele gebruikers. Gevestigd in Maastricht Aachen Airport in Nederland bedienen wij zakelijke klanten over de hele wereld in Europa, [&hellip;]<\/p>","protected":false},"author":1,"featured_media":0,"parent":0,"menu_order":1565,"comment_status":"closed","ping_status":"closed","template":"","meta":{"_et_pb_use_builder":"on","_et_pb_old_content":"","_et_gb_content_width":"","footnotes":""},"dipi_cpt_category":[],"class_list":["post-637","page","type-page","status-publish","hentry"],"yoast_head":"<!-- This site is optimized with the Yoast SEO plugin v26.6 - https:\/\/yoast.com\/wordpress\/plugins\/seo\/ -->\n<title>Vivant \u2013 decoraties en luxe verpakkingen voor groothandel<\/title>\n<meta name=\"description\" content=\"Vivant maakt decoraties en luxe verpakkingen voor groothandel en bedrijf! Lint, strik, koord, inpakpapier, tafelloper, geschenkdoos, tasjes of maatwerk?\" \/>\n<meta name=\"robots\" content=\"index, follow, max-snippet:-1, max-image-preview:large, max-video-preview:-1\" \/>\n<link rel=\"canonical\" href=\"https:\/\/www.vivantdecorations.com\/de\/uber-vivant-dekorationen\/\" \/>\n<meta property=\"og:locale\" content=\"de_DE\" \/>\n<meta property=\"og:type\" content=\"article\" \/>\n<meta property=\"og:title\" content=\"Vivant \u2013 decoraties en luxe verpakkingen voor groothandel\" \/>\n<meta property=\"og:description\" content=\"Vivant maakt decoraties en luxe verpakkingen voor groothandel en bedrijf! Lint, strik, koord, inpakpapier, tafelloper, geschenkdoos, tasjes of maatwerk?\" \/>\n<meta property=\"og:url\" content=\"https:\/\/www.vivantdecorations.com\/de\/uber-vivant-dekorationen\/\" \/>\n<meta property=\"og:site_name\" content=\"Vivant\" \/>\n<meta property=\"article:modified_time\" content=\"2026-03-26T11:35:58+00:00\" \/>\n<meta name=\"twitter:card\" content=\"summary_large_image\" \/>\n<meta name=\"twitter:label1\" content=\"Gesch\u00e4tzte Lesezeit\" \/>\n\t<meta name=\"twitter:data1\" content=\"6\u00a0Minuten\" \/>\n<script type=\"application\/ld+json\" class=\"yoast-schema-graph\">{\"@context\":\"https:\/\/schema.org\",\"@graph\":[{\"@type\":\"WebPage\",\"@id\":\"https:\/\/www.vivantdecorations.com\/over-vivant-decorations\/\",\"url\":\"https:\/\/www.vivantdecorations.com\/over-vivant-decorations\/\",\"name\":\"Vivant \u2013 decoraties en luxe verpakkingen voor groothandel\",\"isPartOf\":{\"@id\":\"https:\/\/www.vivantdecorations.com\/#website\"},\"datePublished\":\"2017-11-07T15:57:48+00:00\",\"dateModified\":\"2026-03-26T11:35:58+00:00\",\"description\":\"Vivant maakt decoraties en luxe verpakkingen voor groothandel en bedrijf! Lint, strik, koord, inpakpapier, tafelloper, geschenkdoos, tasjes of maatwerk?\",\"breadcrumb\":{\"@id\":\"https:\/\/www.vivantdecorations.com\/over-vivant-decorations\/#breadcrumb\"},\"inLanguage\":\"de\",\"potentialAction\":[{\"@type\":\"ReadAction\",\"target\":[\"https:\/\/www.vivantdecorations.com\/over-vivant-decorations\/\"]}]},{\"@type\":\"BreadcrumbList\",\"@id\":\"https:\/\/www.vivantdecorations.com\/over-vivant-decorations\/#breadcrumb\",\"itemListElement\":[{\"@type\":\"ListItem\",\"position\":1,\"name\":\"Home\",\"item\":\"https:\/\/www.vivantdecorations.com\/\"},{\"@type\":\"ListItem\",\"position\":2,\"name\":\"Over Vivant\"}]},{\"@type\":\"WebSite\",\"@id\":\"https:\/\/www.vivantdecorations.com\/#website\",\"url\":\"https:\/\/www.vivantdecorations.com\/\",\"name\":\"Vivant\",\"description\":\"Decoration products and luxury packaging\",\"publisher\":{\"@id\":\"https:\/\/www.vivantdecorations.com\/#organization\"},\"potentialAction\":[{\"@type\":\"SearchAction\",\"target\":{\"@type\":\"EntryPoint\",\"urlTemplate\":\"https:\/\/www.vivantdecorations.com\/?s={search_term_string}\"},\"query-input\":{\"@type\":\"PropertyValueSpecification\",\"valueRequired\":true,\"valueName\":\"search_term_string\"}}],\"inLanguage\":\"de\"},{\"@type\":\"Organization\",\"@id\":\"https:\/\/www.vivantdecorations.com\/#organization\",\"name\":\"Vivant\",\"url\":\"https:\/\/www.vivantdecorations.com\/\",\"logo\":{\"@type\":\"ImageObject\",\"inLanguage\":\"de\",\"@id\":\"https:\/\/www.vivantdecorations.com\/#\/schema\/logo\/image\/\",\"url\":\"https:\/\/www.vivantdecorations.com\/wp-content\/uploads\/2017\/10\/vivant-logo-210x60px.png\",\"contentUrl\":\"https:\/\/www.vivantdecorations.com\/wp-content\/uploads\/2017\/10\/vivant-logo-210x60px.png\",\"width\":210,\"height\":60,\"caption\":\"Vivant\"},\"image\":{\"@id\":\"https:\/\/www.vivantdecorations.com\/#\/schema\/logo\/image\/\"}}]}<\/script>\n<!-- \/ Yoast SEO plugin. -->","yoast_head_json":{"title":"Vivant - Dekorationen und Luxusverpackungen f\u00fcr den Gro\u00dfhandel","description":"Vivant stellt Dekorationen und Luxusverpackungen f\u00fcr den Gro\u00dfhandel und Unternehmen her! Band, Schleife, Kordel, Geschenkpapier, Tischl\u00e4ufer, Geschenkkarton, Taschen oder Personalisierung?","robots":{"index":"index","follow":"follow","max-snippet":"max-snippet:-1","max-image-preview":"max-image-preview:large","max-video-preview":"max-video-preview:-1"},"canonical":"https:\/\/www.vivantdecorations.com\/de\/uber-vivant-dekorationen\/","og_locale":"de_DE","og_type":"article","og_title":"Vivant \u2013 decoraties en luxe verpakkingen voor groothandel","og_description":"Vivant maakt decoraties en luxe verpakkingen voor groothandel en bedrijf! Lint, strik, koord, inpakpapier, tafelloper, geschenkdoos, tasjes of maatwerk?","og_url":"https:\/\/www.vivantdecorations.com\/de\/uber-vivant-dekorationen\/","og_site_name":"Vivant","article_modified_time":"2026-03-26T11:35:58+00:00","twitter_card":"summary_large_image","twitter_misc":{"Gesch\u00e4tzte Lesezeit":"6\u00a0Minuten"},"schema":{"@context":"https:\/\/schema.org","@graph":[{"@type":"WebPage","@id":"https:\/\/www.vivantdecorations.com\/over-vivant-decorations\/","url":"https:\/\/www.vivantdecorations.com\/over-vivant-decorations\/","name":"Vivant - Dekorationen und Luxusverpackungen f\u00fcr den Gro\u00dfhandel","isPartOf":{"@id":"https:\/\/www.vivantdecorations.com\/#website"},"datePublished":"2017-11-07T15:57:48+00:00","dateModified":"2026-03-26T11:35:58+00:00","description":"Vivant stellt Dekorationen und Luxusverpackungen f\u00fcr den Gro\u00dfhandel und Unternehmen her! Band, Schleife, Kordel, Geschenkpapier, Tischl\u00e4ufer, Geschenkkarton, Taschen oder Personalisierung?","breadcrumb":{"@id":"https:\/\/www.vivantdecorations.com\/over-vivant-decorations\/#breadcrumb"},"inLanguage":"de","potentialAction":[{"@type":"ReadAction","target":["https:\/\/www.vivantdecorations.com\/over-vivant-decorations\/"]}]},{"@type":"BreadcrumbList","@id":"https:\/\/www.vivantdecorations.com\/over-vivant-decorations\/#breadcrumb","itemListElement":[{"@type":"ListItem","position":1,"name":"Home","item":"https:\/\/www.vivantdecorations.com\/"},{"@type":"ListItem","position":2,"name":"Over Vivant"}]},{"@type":"WebSite","@id":"https:\/\/www.vivantdecorations.com\/#website","url":"https:\/\/www.vivantdecorations.com\/","name":"Vivant","description":"Dekorationsartikel und Luxusverpackungen","publisher":{"@id":"https:\/\/www.vivantdecorations.com\/#organization"},"potentialAction":[{"@type":"SearchAction","target":{"@type":"EntryPoint","urlTemplate":"https:\/\/www.vivantdecorations.com\/?s={search_term_string}"},"query-input":{"@type":"PropertyValueSpecification","valueRequired":true,"valueName":"search_term_string"}}],"inLanguage":"de"},{"@type":"Organization","@id":"https:\/\/www.vivantdecorations.com\/#organization","name":"Vivant","url":"https:\/\/www.vivantdecorations.com\/","logo":{"@type":"ImageObject","inLanguage":"de","@id":"https:\/\/www.vivantdecorations.com\/#\/schema\/logo\/image\/","url":"https:\/\/www.vivantdecorations.com\/wp-content\/uploads\/2017\/10\/vivant-logo-210x60px.png","contentUrl":"https:\/\/www.vivantdecorations.com\/wp-content\/uploads\/2017\/10\/vivant-logo-210x60px.png","width":210,"height":60,"caption":"Vivant"},"image":{"@id":"https:\/\/www.vivantdecorations.com\/#\/schema\/logo\/image\/"}}]}},"_links":{"self":[{"href":"https:\/\/www.vivantdecorations.com\/de\/wp-json\/wp\/v2\/pages\/637","targetHints":{"allow":["GET"]}}],"collection":[{"href":"https:\/\/www.vivantdecorations.com\/de\/wp-json\/wp\/v2\/pages"}],"about":[{"href":"https:\/\/www.vivantdecorations.com\/de\/wp-json\/wp\/v2\/types\/page"}],"author":[{"embeddable":true,"href":"https:\/\/www.vivantdecorations.com\/de\/wp-json\/wp\/v2\/users\/1"}],"replies":[{"embeddable":true,"href":"https:\/\/www.vivantdecorations.com\/de\/wp-json\/wp\/v2\/comments?post=637"}],"version-history":[{"count":60,"href":"https:\/\/www.vivantdecorations.com\/de\/wp-json\/wp\/v2\/pages\/637\/revisions"}],"predecessor-version":[{"id":26838,"href":"https:\/\/www.vivantdecorations.com\/de\/wp-json\/wp\/v2\/pages\/637\/revisions\/26838"}],"wp:attachment":[{"href":"https:\/\/www.vivantdecorations.com\/de\/wp-json\/wp\/v2\/media?parent=637"}],"wp:term":[{"taxonomy":"dipi_cpt_category","embeddable":true,"href":"https:\/\/www.vivantdecorations.com\/de\/wp-json\/wp\/v2\/dipi_cpt_category?post=637"}],"curies":[{"name":"wp","href":"https:\/\/api.w.org\/{rel}","templated":true}]}}