{"id":566,"date":"2017-11-07T13:54:52","date_gmt":"2017-11-07T12:54:52","guid":{"rendered":"https:\/\/www.vivantdecorations.com\/?page_id=566"},"modified":"2026-03-26T12:30:32","modified_gmt":"2026-03-26T11:30:32","slug":"personalisierung","status":"publish","type":"page","link":"https:\/\/www.vivantdecorations.com\/de\/personalisierung\/","title":{"rendered":"Ma\u00dfgeschneidert"},"content":{"rendered":"<p>[et_pb_section fb_built=&#8221;1&#8243; _builder_version=&#8221;4.27.5&#8243; background_image=&#8221;https:\/\/www.vivantdecorations.com\/wp-content\/uploads\/2026\/03\/TM-smal-bovenkant.jpg&#8221; parallax=&#8221;on&#8221; global_colors_info=&#8221;{}&#8221;][et_pb_row _builder_version=&#8221;4.16&#8243; custom_margin=&#8221;0px|||&#8221; custom_padding=&#8221;0px|||&#8221; global_colors_info=&#8221;{}&#8221;][et_pb_column type=&#8221;4_4&#8243; _builder_version=&#8221;4.16&#8243; custom_padding=&#8221;|||&#8221; global_colors_info=&#8221;{}&#8221; custom_padding__hover=&#8221;|||&#8221;][et_pb_text admin_label=&#8221;Paginatitel&#8221; _builder_version=&#8221;4.16&#8243; background_color=&#8221;rgba(0,0,0,0.3)&#8221; text_orientation=&#8221;center&#8221; background_layout=&#8221;dark&#8221; module_alignment=&#8221;center&#8221; custom_padding=&#8221;20px|20px|10px|20px&#8221; global_colors_info=&#8221;{}&#8221;]<\/p>\n<h1>MASSGESCHNEIDERT<\/h1>\n<p>[\/et_pb_text][\/et_pb_column][\/et_pb_row][\/et_pb_section][et_pb_section fb_built=&#8221;1&#8243; _builder_version=&#8221;4.16&#8243; global_colors_info=&#8221;{}&#8221;][et_pb_row _builder_version=&#8221;4.16&#8243; background_size=&#8221;initial&#8221; background_position=&#8221;top_left&#8221; background_repeat=&#8221;repeat&#8221; global_colors_info=&#8221;{}&#8221;][et_pb_column type=&#8221;4_4&#8243; _builder_version=&#8221;4.16&#8243; custom_padding=&#8221;|||&#8221; global_colors_info=&#8221;{}&#8221; custom_padding__hover=&#8221;|||&#8221;][et_pb_image src=&#8221;https:\/\/www.vivantdecorations.com\/wp-content\/uploads\/2026\/03\/TM-3-luik.jpg&#8221; alt=&#8221;Maatwerk in cadeauverpakkingen, decoraties en lifestyle-producten&#8221; title_text=&#8221;TM 3 luik&#8221; url=&#8221;https:\/\/shop.app4sales.net\/Vivant\/#&#8221; url_new_window=&#8221;on&#8221; admin_label=&#8221;Afbeelding&#8221; _builder_version=&#8221;4.27.5&#8243; global_colors_info=&#8221;{}&#8221;][\/et_pb_image][et_pb_text admin_label=&#8221;Tekst&#8221; _builder_version=&#8221;4.16&#8243; global_colors_info=&#8221;{}&#8221;]<strong>Ma\u00dfgeschneiderte Verpackungs- und Dekorationskonzepte<\/strong><\/p>\n<p>M\u00f6chten Sie Ihre Kunden mit einer ganz besonderen Verpackung \u00fcberraschen? Mit Ihren eigenen Lifestyle-Produkten, B\u00e4ndern oder Geschenkboxen, die zu Ihrem Markenimage passen? Ist ein Standardband, eine Kordel, eine Schleife oder eine Dekoration nichts f\u00fcr Sie? Dann sind Sie bei Vivant an der richtigen Adresse!<\/p>\n<p><strong>Ma\u00dfgeschneiderte Geschenkverpackungen, Dekorationen und Lifestyle-Produkte<\/strong><\/p>\n<p>Seit unserer Gr\u00fcndung im Jahr 1989 entwickeln und produzieren wir Ihre Dekorations-, Verpackungs- und Verzierungsw\u00fcnsche. M\u00f6chten Sie ein mit Ihrem Markennamen oder Logo bedrucktes Band oder eine originelle Geschenkverpackung? Individuell gestaltete Geschenkschachteln oder B\u00e4nder? Dekorationsartikel in Ihrem eigenen Stil? Ihr Unternehmen und Ihr Produkt verdienen sicherlich die beste Pr\u00e4sentation.<\/p>\n<p><strong>Von der Konzeptentwicklung bis zum kreativen Endprodukt<\/strong><\/p>\n<p>Auch f\u00fcr originelle Muster und Designs auf einem Untergrund Ihrer Wahl, eine einzigartige Pr\u00e4sentation mit Ihrem eigenen Label oder ein v\u00f6llig neues Konzept?  Wir tauchen f\u00fcr Sie in unser Designstudio ein und unser Designteam entwickelt ein Produkt, das zu Ihnen passt. Alles ist in der von Ihnen gew\u00fcnschten Qualit\u00e4t und Preisgestaltung m\u00f6glich.<br \/>\n[\/et_pb_text][\/et_pb_column][\/et_pb_row][\/et_pb_section][et_pb_section fb_built=&#8221;1&#8243; _builder_version=&#8221;4.16&#8243; custom_padding=&#8221;0px|||&#8221; global_colors_info=&#8221;{}&#8221;][et_pb_row _builder_version=&#8221;4.16&#8243; background_size=&#8221;initial&#8221; background_position=&#8221;top_left&#8221; background_repeat=&#8221;repeat&#8221; global_colors_info=&#8221;{}&#8221;][et_pb_column type=&#8221;4_4&#8243; _builder_version=&#8221;4.16&#8243; custom_padding=&#8221;|||&#8221; global_colors_info=&#8221;{}&#8221; custom_padding__hover=&#8221;|||&#8221;][et_pb_text _builder_version=&#8221;4.16&#8243; text_orientation=&#8221;center&#8221; module_alignment=&#8221;center&#8221; global_colors_info=&#8221;{}&#8221;]<\/p>\n<h2>meer weten over maatwerk?<\/h2>\n<p>[\/et_pb_text][et_pb_button button_url=&#8221;\/informatie-aanvragen&#8221; button_text=&#8221;neem contact met ons op&#8221; button_alignment=&#8221;center&#8221; _builder_version=&#8221;4.27.5&#8243; background_layout=&#8221;dark&#8221; hover_enabled=&#8221;0&#8243; global_colors_info=&#8221;{}&#8221; button_text_size__hover_enabled=&#8221;off&#8221; button_one_text_size__hover_enabled=&#8221;off&#8221; button_two_text_size__hover_enabled=&#8221;off&#8221; button_text_color__hover_enabled=&#8221;off&#8221; button_one_text_color__hover_enabled=&#8221;off&#8221; button_two_text_color__hover_enabled=&#8221;off&#8221; button_border_width__hover_enabled=&#8221;off&#8221; button_one_border_width__hover_enabled=&#8221;off&#8221; button_two_border_width__hover_enabled=&#8221;off&#8221; button_border_color__hover_enabled=&#8221;off&#8221; button_one_border_color__hover_enabled=&#8221;off&#8221; button_two_border_color__hover_enabled=&#8221;off&#8221; button_border_radius__hover_enabled=&#8221;off&#8221; button_one_border_radius__hover_enabled=&#8221;off&#8221; button_two_border_radius__hover_enabled=&#8221;off&#8221; button_letter_spacing__hover_enabled=&#8221;off&#8221; button_one_letter_spacing__hover_enabled=&#8221;off&#8221; button_two_letter_spacing__hover_enabled=&#8221;off&#8221; button_bg_color__hover_enabled=&#8221;off&#8221; button_one_bg_color__hover_enabled=&#8221;off&#8221; button_two_bg_color__hover_enabled=&#8221;off&#8221; sticky_enabled=&#8221;0&#8243;][\/et_pb_button][\/et_pb_column][\/et_pb_row][\/et_pb_section]<\/p>","protected":false},"excerpt":{"rendered":"<p>MAATWERKVerpakkings- en decoratieve concepten op maat Wilt u uw klanten verrassen met een \u00e9cht bijzondere verpakking? Eigen lifestyle-producten, linten of geschenkdozen die passen bij uw merkuitstraling? Is een standaardlint, koord, strik of decoratie niets voor u? Dan bent u bij Vivant aan het juiste adres! Maatwerk in cadeauverpakkingen, decoraties en lifestyle-producten Sinds onze oprichting in [&hellip;]<\/p>","protected":false},"author":1,"featured_media":0,"parent":0,"menu_order":1537,"comment_status":"closed","ping_status":"closed","template":"","meta":{"_et_pb_use_builder":"on","_et_pb_old_content":"","_et_gb_content_width":"","footnotes":""},"dipi_cpt_category":[],"class_list":["post-566","page","type-page","status-publish","hentry"],"yoast_head":"<!-- This site is optimized with the Yoast SEO plugin v26.6 - https:\/\/yoast.com\/wordpress\/plugins\/seo\/ -->\n<title>Maatwerk cadeauverpakkingen, tasjes, linten en doosjes<\/title>\n<meta name=\"description\" content=\"Presenteer uw producten in uw eigen huisstijl met een maatwerk concept in cadeauverpakkingen, tassen, lint, doosjes en andere decoratieve items van Vivant.\" \/>\n<meta name=\"robots\" content=\"index, follow, max-snippet:-1, max-image-preview:large, max-video-preview:-1\" \/>\n<link rel=\"canonical\" href=\"https:\/\/www.vivantdecorations.com\/de\/personalisierung\/\" \/>\n<meta property=\"og:locale\" content=\"de_DE\" \/>\n<meta property=\"og:type\" content=\"article\" \/>\n<meta property=\"og:title\" content=\"Maatwerk cadeauverpakkingen, tasjes, linten en doosjes\" \/>\n<meta property=\"og:description\" content=\"Presenteer uw producten in uw eigen huisstijl met een maatwerk concept in cadeauverpakkingen, tassen, lint, doosjes en andere decoratieve items van Vivant.\" \/>\n<meta property=\"og:url\" content=\"https:\/\/www.vivantdecorations.com\/de\/personalisierung\/\" \/>\n<meta property=\"og:site_name\" content=\"Vivant\" \/>\n<meta property=\"article:modified_time\" content=\"2026-03-26T11:30:32+00:00\" \/>\n<meta name=\"twitter:card\" content=\"summary_large_image\" \/>\n<meta name=\"twitter:label1\" content=\"Gesch\u00e4tzte Lesezeit\" \/>\n\t<meta name=\"twitter:data1\" content=\"3\u00a0Minuten\" \/>\n<script type=\"application\/ld+json\" class=\"yoast-schema-graph\">{\"@context\":\"https:\/\/schema.org\",\"@graph\":[{\"@type\":\"WebPage\",\"@id\":\"https:\/\/www.vivantdecorations.com\/maatwerk\/\",\"url\":\"https:\/\/www.vivantdecorations.com\/maatwerk\/\",\"name\":\"Maatwerk cadeauverpakkingen, tasjes, linten en doosjes\",\"isPartOf\":{\"@id\":\"https:\/\/www.vivantdecorations.com\/#website\"},\"datePublished\":\"2017-11-07T12:54:52+00:00\",\"dateModified\":\"2026-03-26T11:30:32+00:00\",\"description\":\"Presenteer uw producten in uw eigen huisstijl met een maatwerk concept in cadeauverpakkingen, tassen, lint, doosjes en andere decoratieve items van Vivant.\",\"breadcrumb\":{\"@id\":\"https:\/\/www.vivantdecorations.com\/maatwerk\/#breadcrumb\"},\"inLanguage\":\"de\",\"potentialAction\":[{\"@type\":\"ReadAction\",\"target\":[\"https:\/\/www.vivantdecorations.com\/maatwerk\/\"]}]},{\"@type\":\"BreadcrumbList\",\"@id\":\"https:\/\/www.vivantdecorations.com\/maatwerk\/#breadcrumb\",\"itemListElement\":[{\"@type\":\"ListItem\",\"position\":1,\"name\":\"Home\",\"item\":\"https:\/\/www.vivantdecorations.com\/\"},{\"@type\":\"ListItem\",\"position\":2,\"name\":\"Maatwerk\"}]},{\"@type\":\"WebSite\",\"@id\":\"https:\/\/www.vivantdecorations.com\/#website\",\"url\":\"https:\/\/www.vivantdecorations.com\/\",\"name\":\"Vivant\",\"description\":\"Decoration products and luxury packaging\",\"publisher\":{\"@id\":\"https:\/\/www.vivantdecorations.com\/#organization\"},\"potentialAction\":[{\"@type\":\"SearchAction\",\"target\":{\"@type\":\"EntryPoint\",\"urlTemplate\":\"https:\/\/www.vivantdecorations.com\/?s={search_term_string}\"},\"query-input\":{\"@type\":\"PropertyValueSpecification\",\"valueRequired\":true,\"valueName\":\"search_term_string\"}}],\"inLanguage\":\"de\"},{\"@type\":\"Organization\",\"@id\":\"https:\/\/www.vivantdecorations.com\/#organization\",\"name\":\"Vivant\",\"url\":\"https:\/\/www.vivantdecorations.com\/\",\"logo\":{\"@type\":\"ImageObject\",\"inLanguage\":\"de\",\"@id\":\"https:\/\/www.vivantdecorations.com\/#\/schema\/logo\/image\/\",\"url\":\"https:\/\/www.vivantdecorations.com\/wp-content\/uploads\/2017\/10\/vivant-logo-210x60px.png\",\"contentUrl\":\"https:\/\/www.vivantdecorations.com\/wp-content\/uploads\/2017\/10\/vivant-logo-210x60px.png\",\"width\":210,\"height\":60,\"caption\":\"Vivant\"},\"image\":{\"@id\":\"https:\/\/www.vivantdecorations.com\/#\/schema\/logo\/image\/\"}}]}<\/script>\n<!-- \/ Yoast SEO plugin. -->","yoast_head_json":{"title":"Ma\u00dfgeschneiderte Geschenkverpackungen, Taschen, B\u00e4nder und Schachteln","description":"Pr\u00e4sentieren Sie Ihre Produkte in Ihrem eigenen Stil mit einem individuellen Konzept aus Geschenkverpackungen, Taschen, B\u00e4ndern, Schachteln und anderen Dekorationsartikeln von Vivant.","robots":{"index":"index","follow":"follow","max-snippet":"max-snippet:-1","max-image-preview":"max-image-preview:large","max-video-preview":"max-video-preview:-1"},"canonical":"https:\/\/www.vivantdecorations.com\/de\/personalisierung\/","og_locale":"de_DE","og_type":"article","og_title":"Maatwerk cadeauverpakkingen, tasjes, linten en doosjes","og_description":"Presenteer uw producten in uw eigen huisstijl met een maatwerk concept in cadeauverpakkingen, tassen, lint, doosjes en andere decoratieve items van Vivant.","og_url":"https:\/\/www.vivantdecorations.com\/de\/personalisierung\/","og_site_name":"Vivant","article_modified_time":"2026-03-26T11:30:32+00:00","twitter_card":"summary_large_image","twitter_misc":{"Gesch\u00e4tzte Lesezeit":"3\u00a0Minuten"},"schema":{"@context":"https:\/\/schema.org","@graph":[{"@type":"WebPage","@id":"https:\/\/www.vivantdecorations.com\/maatwerk\/","url":"https:\/\/www.vivantdecorations.com\/maatwerk\/","name":"Ma\u00dfgeschneiderte Geschenkverpackungen, Taschen, B\u00e4nder und Schachteln","isPartOf":{"@id":"https:\/\/www.vivantdecorations.com\/#website"},"datePublished":"2017-11-07T12:54:52+00:00","dateModified":"2026-03-26T11:30:32+00:00","description":"Pr\u00e4sentieren Sie Ihre Produkte in Ihrem eigenen Stil mit einem individuellen Konzept aus Geschenkverpackungen, Taschen, B\u00e4ndern, Schachteln und anderen Dekorationsartikeln von Vivant.","breadcrumb":{"@id":"https:\/\/www.vivantdecorations.com\/maatwerk\/#breadcrumb"},"inLanguage":"de","potentialAction":[{"@type":"ReadAction","target":["https:\/\/www.vivantdecorations.com\/maatwerk\/"]}]},{"@type":"BreadcrumbList","@id":"https:\/\/www.vivantdecorations.com\/maatwerk\/#breadcrumb","itemListElement":[{"@type":"ListItem","position":1,"name":"Home","item":"https:\/\/www.vivantdecorations.com\/"},{"@type":"ListItem","position":2,"name":"Maatwerk"}]},{"@type":"WebSite","@id":"https:\/\/www.vivantdecorations.com\/#website","url":"https:\/\/www.vivantdecorations.com\/","name":"Vivant","description":"Dekorationsartikel und Luxusverpackungen","publisher":{"@id":"https:\/\/www.vivantdecorations.com\/#organization"},"potentialAction":[{"@type":"SearchAction","target":{"@type":"EntryPoint","urlTemplate":"https:\/\/www.vivantdecorations.com\/?s={search_term_string}"},"query-input":{"@type":"PropertyValueSpecification","valueRequired":true,"valueName":"search_term_string"}}],"inLanguage":"de"},{"@type":"Organization","@id":"https:\/\/www.vivantdecorations.com\/#organization","name":"Vivant","url":"https:\/\/www.vivantdecorations.com\/","logo":{"@type":"ImageObject","inLanguage":"de","@id":"https:\/\/www.vivantdecorations.com\/#\/schema\/logo\/image\/","url":"https:\/\/www.vivantdecorations.com\/wp-content\/uploads\/2017\/10\/vivant-logo-210x60px.png","contentUrl":"https:\/\/www.vivantdecorations.com\/wp-content\/uploads\/2017\/10\/vivant-logo-210x60px.png","width":210,"height":60,"caption":"Vivant"},"image":{"@id":"https:\/\/www.vivantdecorations.com\/#\/schema\/logo\/image\/"}}]}},"_links":{"self":[{"href":"https:\/\/www.vivantdecorations.com\/de\/wp-json\/wp\/v2\/pages\/566","targetHints":{"allow":["GET"]}}],"collection":[{"href":"https:\/\/www.vivantdecorations.com\/de\/wp-json\/wp\/v2\/pages"}],"about":[{"href":"https:\/\/www.vivantdecorations.com\/de\/wp-json\/wp\/v2\/types\/page"}],"author":[{"embeddable":true,"href":"https:\/\/www.vivantdecorations.com\/de\/wp-json\/wp\/v2\/users\/1"}],"replies":[{"embeddable":true,"href":"https:\/\/www.vivantdecorations.com\/de\/wp-json\/wp\/v2\/comments?post=566"}],"version-history":[{"count":51,"href":"https:\/\/www.vivantdecorations.com\/de\/wp-json\/wp\/v2\/pages\/566\/revisions"}],"predecessor-version":[{"id":26830,"href":"https:\/\/www.vivantdecorations.com\/de\/wp-json\/wp\/v2\/pages\/566\/revisions\/26830"}],"wp:attachment":[{"href":"https:\/\/www.vivantdecorations.com\/de\/wp-json\/wp\/v2\/media?parent=566"}],"wp:term":[{"taxonomy":"dipi_cpt_category","embeddable":true,"href":"https:\/\/www.vivantdecorations.com\/de\/wp-json\/wp\/v2\/dipi_cpt_category?post=566"}],"curies":[{"name":"wp","href":"https:\/\/api.w.org\/{rel}","templated":true}]}}