{"id":497,"date":"2017-11-06T15:18:17","date_gmt":"2017-11-06T14:18:17","guid":{"rendered":"https:\/\/www.vivantdecorations.com\/?page_id=497"},"modified":"2026-03-26T11:55:22","modified_gmt":"2026-03-26T10:55:22","slug":"herbst-winter","status":"publish","type":"page","link":"https:\/\/www.vivantdecorations.com\/de\/herbst-winter\/","title":{"rendered":"Herbst\/Winter"},"content":{"rendered":"<p>[et_pb_section fb_built=&#8221;1&#8243; admin_label=&#8221;Sectie&#8221; _builder_version=&#8221;4.27.5&#8243; background_image=&#8221;https:\/\/www.vivantdecorations.com\/wp-content\/uploads\/2026\/03\/Herfst-smal-lang.jpg&#8221; global_colors_info=&#8221;{}&#8221;][et_pb_row _builder_version=&#8221;4.16&#8243; custom_margin=&#8221;0px|||&#8221; custom_padding=&#8221;0px|||&#8221; global_colors_info=&#8221;{}&#8221;][et_pb_column type=&#8221;4_4&#8243; _builder_version=&#8221;4.16&#8243; custom_padding=&#8221;|||&#8221; global_colors_info=&#8221;{}&#8221; custom_padding__hover=&#8221;|||&#8221;][et_pb_text admin_label=&#8221;Paginatitel&#8221; _builder_version=&#8221;4.16&#8243; background_color=&#8221;rgba(0,0,0,0.3)&#8221; text_orientation=&#8221;center&#8221; background_layout=&#8221;dark&#8221; module_alignment=&#8221;center&#8221; custom_padding=&#8221;20px|20px|10px|20px&#8221; global_colors_info=&#8221;{}&#8221;]<\/p>\n<h1>HERFST \/ WINTER COLLECTIE<\/h1>\n<p>[\/et_pb_text][\/et_pb_column][\/et_pb_row][\/et_pb_section][et_pb_section fb_built=&#8221;1&#8243; _builder_version=&#8221;4.27.5&#8243; global_colors_info=&#8221;{}&#8221;][et_pb_row _builder_version=&#8221;4.16&#8243; background_size=&#8221;initial&#8221; background_position=&#8221;top_left&#8221; background_repeat=&#8221;repeat&#8221; global_colors_info=&#8221;{}&#8221;][et_pb_column type=&#8221;4_4&#8243; _builder_version=&#8221;4.16&#8243; custom_padding=&#8221;|||&#8221; global_colors_info=&#8221;{}&#8221; custom_padding__hover=&#8221;|||&#8221;][et_pb_text _builder_version=&#8221;4.25.1&#8243; global_colors_info=&#8221;{}&#8221;]<\/p>\n<p><strong>Herbst\/Winter-Kollektion<\/strong><\/p>\n<p>Hier erhalten Sie einen ersten Einblick in die Herbst- und Winterkollektion von Vivant. Einmal im Jahr stellen wir eine neue Kollektion mit den neuesten Trends und Entwicklungen bei Weihnachtsverpackungen, Bannern, B\u00e4ndern, Kordeln, Luxusdekorationsmaterialien und Partydekorationen zusammen.<\/p>\n<p>Entdecken Sie unsere gro\u00dfe Auswahl an Herbst-\/Winterartikeln, darunter Tischl\u00e4ufer aus Velours, Herbstdekoration und Tischdekoration speziell f\u00fcr Weihnachten. Luxuri\u00f6se Weinkisten, Weihnachtsband mit Foliendruck, aber auch zum Beispiel sch\u00f6ne Kordeln als Verpackungsmaterial. Auch f\u00fcr Gro\u00dfh\u00e4ndler, Kaufh\u00e4user, Gartencenter und Einzelh\u00e4ndler ist Vivant Decorations die richtige Wahl f\u00fcr Schaufenstermaterialien wie Glitzerbanner oder Weihnachtsschmuck.<\/p>\n<p><strong>Neueste Trends und Entwicklungen in der saisonalen Dekoration<\/strong><\/p>\n<p>Unsere Herbst-\/Winterkollektion umfasst jedes Jahr eine Reihe von Themen. Die \u00dcbersicht unten zeigt eine Auswahl. In den Produktgruppen und in unserer Herbst\/Winter-Brosch\u00fcre finden Sie weitere Geschenkpapiere, Tischl\u00e4ufer, Dekorationen und Luxusverpackungen, die zu jedem Thema passen. Da wir die neuesten Trends in der Mode und der Inneneinrichtung genau verfolgen, ist unsere Kollektion immer auf dem neuesten Stand.<\/p>\n<p>Bei Fragen nehmen Sie bitte Kontakt mit uns auf oder senden Sie uns das Formular f\u00fcr Verkaufsanfragen.<\/p>\n<p>[\/et_pb_text][\/et_pb_column][\/et_pb_row][et_pb_row column_structure=&#8221;1_3,1_3,1_3&#8243; use_custom_gutter=&#8221;on&#8221; gutter_width=&#8221;2&#8243; module_class=&#8221;dmm_fp_producten&#8221; _builder_version=&#8221;4.16&#8243; global_colors_info=&#8221;{}&#8221;][et_pb_column type=&#8221;1_3&#8243; _builder_version=&#8221;4.16&#8243; background_position=&#8221;top_left&#8221; custom_padding=&#8221;|||&#8221; global_colors_info=&#8221;{}&#8221; custom_padding__hover=&#8221;|||&#8221;][et_pb_image src=&#8221;https:\/\/www.vivantdecorations.com\/wp-content\/uploads\/2026\/02\/Autumn-Flair.jpg&#8221; alt=&#8221;Aesthetic Autumn theme AW22\/23&#8243; title_text=&#8221;Autumn Flair&#8221; url=&#8221;https:\/\/www.vivantdecorations.com\/herfst-winter\/feelgoodfall&#8221; use_overlay=&#8221;on&#8221; hover_icon=&#8221;&#xe050;||divi||400&#8243; show_bottom_space=&#8221;off&#8221; force_fullwidth=&#8221;on&#8221; align_tablet=&#8221;center&#8221; align_phone=&#8221;&#8221; align_last_edited=&#8221;on|desktop&#8221; module_class=&#8221;dmm_fp_blockimage&#8221; _builder_version=&#8221;4.27.5&#8243; global_colors_info=&#8221;{}&#8221;][\/et_pb_image][et_pb_blurb title=&#8221;autumn flair&#8221; url=&#8221;https:\/\/www.vivantdecorations.com\/herfst-winter\/feelgoodfall&#8221; _builder_version=&#8221;4.27.4&#8243; text_orientation=&#8221;center&#8221; max_width_tablet=&#8221;50px&#8221; global_colors_info=&#8221;{}&#8221;]<\/p>\n<div><span>Ervaar de warmte van een herfstbos in huis. Organische texturen, aardetinten en subtiele gouden accenten cre\u00ebren een stijlvolle, uitnodigende sfeer. <\/span><\/div>\n<div><\/div>\n<p>[\/et_pb_blurb][\/et_pb_column][et_pb_column type=&#8221;1_3&#8243; _builder_version=&#8221;4.16&#8243; background_position=&#8221;top_left&#8221; custom_padding=&#8221;|||&#8221; global_colors_info=&#8221;{}&#8221; custom_padding__hover=&#8221;|||&#8221;][et_pb_image src=&#8221;https:\/\/www.vivantdecorations.com\/wp-content\/uploads\/2026\/02\/Nordic-Bliss.jpg&#8221; alt=&#8221;Jingle &#038; Mingle theme FW22\/23&#8243; title_text=&#8221;Nordic Bliss&#8221; url=&#8221;https:\/\/www.vivantdecorations.com\/herfst-winter\/beautifulblend&#8221; use_overlay=&#8221;on&#8221; hover_icon=&#8221;&#xe050;||divi||400&#8243; show_bottom_space=&#8221;off&#8221; force_fullwidth=&#8221;on&#8221; align_tablet=&#8221;center&#8221; align_phone=&#8221;&#8221; align_last_edited=&#8221;on|desktop&#8221; admin_label=&#8221;Afbeelding&#8221; module_class=&#8221;dmm_fp_blockimage&#8221; _builder_version=&#8221;4.27.5&#8243; global_colors_info=&#8221;{}&#8221;][\/et_pb_image][et_pb_blurb title=&#8221;nordic bliss&#8221; url=&#8221;https:\/\/www.vivantdecorations.com\/herfst-winter\/beautifulblend&#8221; _builder_version=&#8221;4.27.4&#8243; text_orientation=&#8221;center&#8221; max_width_tablet=&#8221;50px&#8221; global_colors_info=&#8221;{}&#8221;]<\/p>\n<div><span>Natuurlijke elegantie met een vleugje luxe. Zachte stoffen brengen comfort, hout en papier geven een ambachtelijk karakter. <\/span><\/div>\n<div><\/div>\n<p>[\/et_pb_blurb][\/et_pb_column][et_pb_column type=&#8221;1_3&#8243; _builder_version=&#8221;4.16&#8243; background_position=&#8221;top_left&#8221; custom_padding=&#8221;|||&#8221; global_colors_info=&#8221;{}&#8221; custom_padding__hover=&#8221;|||&#8221;][et_pb_image src=&#8221;https:\/\/www.vivantdecorations.com\/wp-content\/uploads\/2026\/02\/Romance-Chic.jpg&#8221; alt=&#8221;Comfy Cocoon theme&#8221; title_text=&#8221;Romance Chic&#8221; url=&#8221;https:\/\/www.vivantdecorations.com\/herfst-winter\/decodeluxe&#8221; use_overlay=&#8221;on&#8221; hover_icon=&#8221;&#xe050;||divi||400&#8243; show_bottom_space=&#8221;off&#8221; force_fullwidth=&#8221;on&#8221; align_tablet=&#8221;center&#8221; align_phone=&#8221;&#8221; align_last_edited=&#8221;on|desktop&#8221; admin_label=&#8221;Afbeelding&#8221; module_class=&#8221;dmm_fp_blockimage&#8221; _builder_version=&#8221;4.27.5&#8243; global_colors_info=&#8221;{}&#8221;][\/et_pb_image][et_pb_blurb title=&#8221;romance chic&#8221; url=&#8221;https:\/\/www.vivantdecorations.com\/herfst-winter\/decodeluxe&#8221; _builder_version=&#8221;4.27.4&#8243; text_orientation=&#8221;center&#8221; max_width_tablet=&#8221;50px&#8221; global_colors_info=&#8221;{}&#8221;]<\/p>\n<div><span>Zacht en dromerig wintergevoel. Sneeuwachtige materialen en fonkelende texturen cre\u00ebren een magische sfeer. <\/span><\/div>\n<div><\/div>\n<p>[\/et_pb_blurb][\/et_pb_column][\/et_pb_row][et_pb_row column_structure=&#8221;1_3,1_3,1_3&#8243; use_custom_gutter=&#8221;on&#8221; gutter_width=&#8221;2&#8243; module_class=&#8221;dmm_fp_producten&#8221; _builder_version=&#8221;4.27.5&#8243; global_colors_info=&#8221;{}&#8221;][et_pb_column type=&#8221;1_3&#8243; _builder_version=&#8221;4.16&#8243; background_position=&#8221;top_left&#8221; custom_padding=&#8221;|||&#8221; global_colors_info=&#8221;{}&#8221; custom_padding__hover=&#8221;|||&#8221;][et_pb_image src=&#8221;https:\/\/www.vivantdecorations.com\/wp-content\/uploads\/2026\/02\/Eclectic-Glam.jpg&#8221; alt=&#8221;Beyond Basic trend theme&#8221; title_text=&#8221;Eclectic Glam&#8221; url=&#8221;https:\/\/www.vivantdecorations.com\/herfst-winter\/modernmix&#8221; use_overlay=&#8221;on&#8221; hover_icon=&#8221;&#xe050;||divi||400&#8243; show_bottom_space=&#8221;off&#8221; force_fullwidth=&#8221;on&#8221; align_tablet=&#8221;center&#8221; align_phone=&#8221;&#8221; align_last_edited=&#8221;on|desktop&#8221; admin_label=&#8221;Afbeelding&#8221; module_class=&#8221;dmm_fp_blockimage&#8221; _builder_version=&#8221;4.27.5&#8243; global_colors_info=&#8221;{}&#8221;][\/et_pb_image][et_pb_blurb title=&#8221;eclectic glam&#8221; url=&#8221;https:\/\/www.vivantdecorations.com\/herfst-winter\/modernmix&#8221; admin_label=&#8221;Blurb&#8221; _builder_version=&#8221;4.27.4&#8243; text_orientation=&#8221;center&#8221; max_width_tablet=&#8221;50px&#8221; global_colors_info=&#8221;{}&#8221;]<\/p>\n<div><span>Glanzende materialen en sprankelende accenten vormen de basis van dit thema. Perfect voor warme, donkere interieurs waarin diepe tinten schitteren. <\/span><\/div>\n<div><\/div>\n<p>[\/et_pb_blurb][\/et_pb_column][et_pb_column type=&#8221;1_3&#8243; _builder_version=&#8221;4.16&#8243; background_position=&#8221;top_left&#8221; custom_padding=&#8221;|||&#8221; global_colors_info=&#8221;{}&#8221; custom_padding__hover=&#8221;|||&#8221;][et_pb_image src=&#8221;https:\/\/www.vivantdecorations.com\/wp-content\/uploads\/2026\/02\/Christmas-Joy.jpg&#8221; alt=&#8221;Winter glow theme with Marbre box set&#8221; title_text=&#8221;Christmas Joy&#8221; url=&#8221;https:\/\/www.vivantdecorations.com\/herfst-winter\/fizzingfantasy&#8221; use_overlay=&#8221;on&#8221; hover_icon=&#8221;&#xe050;||divi||400&#8243; show_bottom_space=&#8221;off&#8221; force_fullwidth=&#8221;on&#8221; align_tablet=&#8221;center&#8221; align_phone=&#8221;&#8221; align_last_edited=&#8221;on|desktop&#8221; admin_label=&#8221;Afbeelding&#8221; module_class=&#8221;dmm_fp_blockimage&#8221; _builder_version=&#8221;4.27.5&#8243; global_colors_info=&#8221;{}&#8221;][\/et_pb_image][et_pb_blurb title=&#8221;christmas joy&#8221; url=&#8221;https:\/\/www.vivantdecorations.com\/herfst-winter\/fizzingfantasy&#8221; admin_label=&#8221;Blurb&#8221; _builder_version=&#8221;4.27.5&#8243; text_orientation=&#8221;center&#8221; max_width_tablet=&#8221;50px&#8221; global_colors_info=&#8221;{}&#8221;]<\/p>\n<div><span>Traditie ontmoet speelsheid. Notenkrakers, candy canes en peperkoek brengen nostalgie, terwijl kleurrijke ornamenten zorgen voor een frisse, moderne twist. <\/span><\/div>\n<div><\/div>\n<p>[\/et_pb_blurb][\/et_pb_column][et_pb_column type=&#8221;1_3&#8243; _builder_version=&#8221;4.16&#8243; background_position=&#8221;top_left&#8221; custom_padding=&#8221;|||&#8221; global_colors_info=&#8221;{}&#8221; custom_padding__hover=&#8221;|||&#8221;][et_pb_image src=&#8221;https:\/\/www.vivantdecorations.com\/wp-content\/uploads\/2026\/02\/Traditional-Christmas.jpg&#8221; alt=&#8221;Lavish luxe theme&#8221; title_text=&#8221;Traditional Christmas&#8221; url=&#8221;https:\/\/www.vivantdecorations.com\/herfst-winter\/christmasjoys&#8221; use_overlay=&#8221;on&#8221; hover_icon=&#8221;&#xe050;||divi||400&#8243; _builder_version=&#8221;4.27.5&#8243; global_colors_info=&#8221;{}&#8221;][\/et_pb_image][et_pb_blurb title=&#8221;traditional christmas&#8221; url=&#8221;https:\/\/www.vivantdecorations.com\/herfst-winter\/christmasjoys&#8221; admin_label=&#8221;Blurb&#8221; _builder_version=&#8221;4.18.0&#8243; transform_translate=&#8221;0px|-15px&#8221; transform_translate_linked=&#8221;off&#8221; text_orientation=&#8221;center&#8221; global_colors_info=&#8221;{}&#8221;]<\/p>\n<div><span>Traditie geeft ons houvast en betekenis. <\/span><\/div>\n<div><span>Ze\u00a0verbindt generaties, brengt mensen samen en herinnert ons aan waar we vandaan komen. <\/span><\/div>\n<div><\/div>\n<p>[\/et_pb_blurb][\/et_pb_column][\/et_pb_row][\/et_pb_section][et_pb_section fb_built=&#8221;1&#8243; _builder_version=&#8221;4.16&#8243; custom_padding=&#8221;0px|||&#8221; global_colors_info=&#8221;{}&#8221;][et_pb_row _builder_version=&#8221;4.16&#8243; background_size=&#8221;initial&#8221; background_position=&#8221;top_left&#8221; background_repeat=&#8221;repeat&#8221; global_colors_info=&#8221;{}&#8221;][et_pb_column type=&#8221;4_4&#8243; _builder_version=&#8221;4.16&#8243; custom_padding=&#8221;|||&#8221; global_colors_info=&#8221;{}&#8221; custom_padding__hover=&#8221;|||&#8221;][et_pb_text _builder_version=&#8221;4.16&#8243; text_orientation=&#8221;center&#8221; module_alignment=&#8221;center&#8221; global_colors_info=&#8221;{}&#8221;]<\/p>\n<h2>meer weten over deze collectie?<\/h2>\n<p>[\/et_pb_text][et_pb_button button_url=&#8221;\/informatie-aanvragen&#8221; button_text=&#8221;neem contact met ons op&#8221; button_alignment=&#8221;center&#8221; _builder_version=&#8221;4.27.5&#8243; background_layout=&#8221;dark&#8221; hover_enabled=&#8221;0&#8243; global_colors_info=&#8221;{}&#8221; button_text_size__hover_enabled=&#8221;off&#8221; button_one_text_size__hover_enabled=&#8221;off&#8221; button_two_text_size__hover_enabled=&#8221;off&#8221; button_text_color__hover_enabled=&#8221;off&#8221; button_one_text_color__hover_enabled=&#8221;off&#8221; button_two_text_color__hover_enabled=&#8221;off&#8221; button_border_width__hover_enabled=&#8221;off&#8221; button_one_border_width__hover_enabled=&#8221;off&#8221; button_two_border_width__hover_enabled=&#8221;off&#8221; button_border_color__hover_enabled=&#8221;off&#8221; button_one_border_color__hover_enabled=&#8221;off&#8221; button_two_border_color__hover_enabled=&#8221;off&#8221; button_border_radius__hover_enabled=&#8221;off&#8221; button_one_border_radius__hover_enabled=&#8221;off&#8221; button_two_border_radius__hover_enabled=&#8221;off&#8221; button_letter_spacing__hover_enabled=&#8221;off&#8221; button_one_letter_spacing__hover_enabled=&#8221;off&#8221; button_two_letter_spacing__hover_enabled=&#8221;off&#8221; button_bg_color__hover_enabled=&#8221;off&#8221; button_one_bg_color__hover_enabled=&#8221;off&#8221; button_two_bg_color__hover_enabled=&#8221;off&#8221; sticky_enabled=&#8221;0&#8243;][\/et_pb_button][\/et_pb_column][\/et_pb_row][\/et_pb_section]<\/p>","protected":false},"excerpt":{"rendered":"<p>HERFST \/ WINTER COLLECTIEHerfst \/ winter collectie Hier krijgt u een eerste indruk van Vivant&#8217;s najaars- en winter collectie. Een keer per jaar maken wij een nieuwe collectie met de nieuwste trends en ontwikkelingen op het gebied van kerstverpakking, banners, linten, koord, luxe decoratiematerialen en feestversiering. Ontdek ons ruime assortiment in herfst \/ winter artikelen [&hellip;]<\/p>","protected":false},"author":1,"featured_media":0,"parent":0,"menu_order":1602,"comment_status":"closed","ping_status":"closed","template":"","meta":{"_et_pb_use_builder":"on","_et_pb_old_content":"","_et_gb_content_width":"","footnotes":""},"dipi_cpt_category":[],"class_list":["post-497","page","type-page","status-publish","hentry"],"yoast_head":"<!-- This site is optimized with the Yoast SEO plugin v26.6 - https:\/\/yoast.com\/wordpress\/plugins\/seo\/ -->\n<title>Herfst \/ winter collectie van Vivant met de nieuwste herfstdecoraties<\/title>\n<meta name=\"description\" content=\"Herfst \/ winter collectie van Vivant met trends op gebied van lint, tafeldeco em verpakkingen voor detailhandel en groothandel.\" \/>\n<meta name=\"robots\" content=\"index, follow, max-snippet:-1, max-image-preview:large, max-video-preview:-1\" \/>\n<link rel=\"canonical\" href=\"https:\/\/www.vivantdecorations.com\/de\/herbst-winter\/\" \/>\n<meta property=\"og:locale\" content=\"de_DE\" \/>\n<meta property=\"og:type\" content=\"article\" \/>\n<meta property=\"og:title\" content=\"Herfst \/ winter collectie van Vivant met de nieuwste herfstdecoraties\" \/>\n<meta property=\"og:description\" content=\"Herfst \/ winter collectie van Vivant met trends op gebied van lint, tafeldeco em verpakkingen voor detailhandel en groothandel.\" \/>\n<meta property=\"og:url\" content=\"https:\/\/www.vivantdecorations.com\/de\/herbst-winter\/\" \/>\n<meta property=\"og:site_name\" content=\"Vivant\" \/>\n<meta property=\"article:modified_time\" content=\"2026-03-26T10:55:22+00:00\" \/>\n<meta name=\"twitter:card\" content=\"summary_large_image\" \/>\n<meta name=\"twitter:label1\" content=\"Gesch\u00e4tzte Lesezeit\" \/>\n\t<meta name=\"twitter:data1\" content=\"7\u00a0Minuten\" \/>\n<script type=\"application\/ld+json\" class=\"yoast-schema-graph\">{\"@context\":\"https:\/\/schema.org\",\"@graph\":[{\"@type\":\"WebPage\",\"@id\":\"https:\/\/www.vivantdecorations.com\/herfst-winter\/\",\"url\":\"https:\/\/www.vivantdecorations.com\/herfst-winter\/\",\"name\":\"Herfst \/ winter collectie van Vivant met de nieuwste herfstdecoraties\",\"isPartOf\":{\"@id\":\"https:\/\/www.vivantdecorations.com\/#website\"},\"datePublished\":\"2017-11-06T14:18:17+00:00\",\"dateModified\":\"2026-03-26T10:55:22+00:00\",\"description\":\"Herfst \/ winter collectie van Vivant met trends op gebied van lint, tafeldeco em verpakkingen voor detailhandel en groothandel.\",\"breadcrumb\":{\"@id\":\"https:\/\/www.vivantdecorations.com\/herfst-winter\/#breadcrumb\"},\"inLanguage\":\"de\",\"potentialAction\":[{\"@type\":\"ReadAction\",\"target\":[\"https:\/\/www.vivantdecorations.com\/herfst-winter\/\"]}]},{\"@type\":\"BreadcrumbList\",\"@id\":\"https:\/\/www.vivantdecorations.com\/herfst-winter\/#breadcrumb\",\"itemListElement\":[{\"@type\":\"ListItem\",\"position\":1,\"name\":\"Home\",\"item\":\"https:\/\/www.vivantdecorations.com\/\"},{\"@type\":\"ListItem\",\"position\":2,\"name\":\"Herfst \/ Winter\"}]},{\"@type\":\"WebSite\",\"@id\":\"https:\/\/www.vivantdecorations.com\/#website\",\"url\":\"https:\/\/www.vivantdecorations.com\/\",\"name\":\"Vivant\",\"description\":\"Decoration products and luxury packaging\",\"publisher\":{\"@id\":\"https:\/\/www.vivantdecorations.com\/#organization\"},\"potentialAction\":[{\"@type\":\"SearchAction\",\"target\":{\"@type\":\"EntryPoint\",\"urlTemplate\":\"https:\/\/www.vivantdecorations.com\/?s={search_term_string}\"},\"query-input\":{\"@type\":\"PropertyValueSpecification\",\"valueRequired\":true,\"valueName\":\"search_term_string\"}}],\"inLanguage\":\"de\"},{\"@type\":\"Organization\",\"@id\":\"https:\/\/www.vivantdecorations.com\/#organization\",\"name\":\"Vivant\",\"url\":\"https:\/\/www.vivantdecorations.com\/\",\"logo\":{\"@type\":\"ImageObject\",\"inLanguage\":\"de\",\"@id\":\"https:\/\/www.vivantdecorations.com\/#\/schema\/logo\/image\/\",\"url\":\"https:\/\/www.vivantdecorations.com\/wp-content\/uploads\/2017\/10\/vivant-logo-210x60px.png\",\"contentUrl\":\"https:\/\/www.vivantdecorations.com\/wp-content\/uploads\/2017\/10\/vivant-logo-210x60px.png\",\"width\":210,\"height\":60,\"caption\":\"Vivant\"},\"image\":{\"@id\":\"https:\/\/www.vivantdecorations.com\/#\/schema\/logo\/image\/\"}}]}<\/script>\n<!-- \/ Yoast SEO plugin. -->","yoast_head_json":{"title":"Herbst-\/Winterkollektion von Vivant mit den neuesten Herbstdekorationen","description":"Herbst-\/Winterkollektion von Vivant mit Trends bei B\u00e4ndern, Tischdekoration und Verpackungen f\u00fcr den Einzel- und Gro\u00dfhandel.","robots":{"index":"index","follow":"follow","max-snippet":"max-snippet:-1","max-image-preview":"max-image-preview:large","max-video-preview":"max-video-preview:-1"},"canonical":"https:\/\/www.vivantdecorations.com\/de\/herbst-winter\/","og_locale":"de_DE","og_type":"article","og_title":"Herfst \/ winter collectie van Vivant met de nieuwste herfstdecoraties","og_description":"Herfst \/ winter collectie van Vivant met trends op gebied van lint, tafeldeco em verpakkingen voor detailhandel en groothandel.","og_url":"https:\/\/www.vivantdecorations.com\/de\/herbst-winter\/","og_site_name":"Vivant","article_modified_time":"2026-03-26T10:55:22+00:00","twitter_card":"summary_large_image","twitter_misc":{"Gesch\u00e4tzte Lesezeit":"7\u00a0Minuten"},"schema":{"@context":"https:\/\/schema.org","@graph":[{"@type":"WebPage","@id":"https:\/\/www.vivantdecorations.com\/herfst-winter\/","url":"https:\/\/www.vivantdecorations.com\/herfst-winter\/","name":"Herbst-\/Winterkollektion von Vivant mit den neuesten Herbstdekorationen","isPartOf":{"@id":"https:\/\/www.vivantdecorations.com\/#website"},"datePublished":"2017-11-06T14:18:17+00:00","dateModified":"2026-03-26T10:55:22+00:00","description":"Herbst-\/Winterkollektion von Vivant mit Trends bei B\u00e4ndern, Tischdekoration und Verpackungen f\u00fcr den Einzel- und Gro\u00dfhandel.","breadcrumb":{"@id":"https:\/\/www.vivantdecorations.com\/herfst-winter\/#breadcrumb"},"inLanguage":"de","potentialAction":[{"@type":"ReadAction","target":["https:\/\/www.vivantdecorations.com\/herfst-winter\/"]}]},{"@type":"BreadcrumbList","@id":"https:\/\/www.vivantdecorations.com\/herfst-winter\/#breadcrumb","itemListElement":[{"@type":"ListItem","position":1,"name":"Home","item":"https:\/\/www.vivantdecorations.com\/"},{"@type":"ListItem","position":2,"name":"Herfst \/ Winter"}]},{"@type":"WebSite","@id":"https:\/\/www.vivantdecorations.com\/#website","url":"https:\/\/www.vivantdecorations.com\/","name":"Vivant","description":"Dekorationsartikel und Luxusverpackungen","publisher":{"@id":"https:\/\/www.vivantdecorations.com\/#organization"},"potentialAction":[{"@type":"SearchAction","target":{"@type":"EntryPoint","urlTemplate":"https:\/\/www.vivantdecorations.com\/?s={search_term_string}"},"query-input":{"@type":"PropertyValueSpecification","valueRequired":true,"valueName":"search_term_string"}}],"inLanguage":"de"},{"@type":"Organization","@id":"https:\/\/www.vivantdecorations.com\/#organization","name":"Vivant","url":"https:\/\/www.vivantdecorations.com\/","logo":{"@type":"ImageObject","inLanguage":"de","@id":"https:\/\/www.vivantdecorations.com\/#\/schema\/logo\/image\/","url":"https:\/\/www.vivantdecorations.com\/wp-content\/uploads\/2017\/10\/vivant-logo-210x60px.png","contentUrl":"https:\/\/www.vivantdecorations.com\/wp-content\/uploads\/2017\/10\/vivant-logo-210x60px.png","width":210,"height":60,"caption":"Vivant"},"image":{"@id":"https:\/\/www.vivantdecorations.com\/#\/schema\/logo\/image\/"}}]}},"_links":{"self":[{"href":"https:\/\/www.vivantdecorations.com\/de\/wp-json\/wp\/v2\/pages\/497","targetHints":{"allow":["GET"]}}],"collection":[{"href":"https:\/\/www.vivantdecorations.com\/de\/wp-json\/wp\/v2\/pages"}],"about":[{"href":"https:\/\/www.vivantdecorations.com\/de\/wp-json\/wp\/v2\/types\/page"}],"author":[{"embeddable":true,"href":"https:\/\/www.vivantdecorations.com\/de\/wp-json\/wp\/v2\/users\/1"}],"replies":[{"embeddable":true,"href":"https:\/\/www.vivantdecorations.com\/de\/wp-json\/wp\/v2\/comments?post=497"}],"version-history":[{"count":178,"href":"https:\/\/www.vivantdecorations.com\/de\/wp-json\/wp\/v2\/pages\/497\/revisions"}],"predecessor-version":[{"id":26794,"href":"https:\/\/www.vivantdecorations.com\/de\/wp-json\/wp\/v2\/pages\/497\/revisions\/26794"}],"wp:attachment":[{"href":"https:\/\/www.vivantdecorations.com\/de\/wp-json\/wp\/v2\/media?parent=497"}],"wp:term":[{"taxonomy":"dipi_cpt_category","embeddable":true,"href":"https:\/\/www.vivantdecorations.com\/de\/wp-json\/wp\/v2\/dipi_cpt_category?post=497"}],"curies":[{"name":"wp","href":"https:\/\/api.w.org\/{rel}","templated":true}]}}