{"id":339,"date":"2017-10-11T10:39:13","date_gmt":"2017-10-11T08:39:13","guid":{"rendered":"https:\/\/www.vivantdecorations.com\/?page_id=339"},"modified":"2026-03-26T11:39:14","modified_gmt":"2026-03-26T10:39:14","slug":"bander","status":"publish","type":"page","link":"https:\/\/www.vivantdecorations.com\/de\/bander\/","title":{"rendered":"B\u00e4nder"},"content":{"rendered":"<p>[et_pb_section fb_built=&#8221;1&#8243; _builder_version=&#8221;4.27.5&#8243; background_color_gradient_start=&#8221;rgba(255,255,255,0)&#8221; background_color_gradient_end=&#8221;#ffffff&#8221; background_image=&#8221;https:\/\/www.vivantdecorations.com\/wp-content\/uploads\/2026\/03\/Linten-smal.jpg&#8221; global_colors_info=&#8221;{}&#8221;][et_pb_row _builder_version=&#8221;4.16&#8243; custom_margin=&#8221;0px|||&#8221; custom_padding=&#8221;0px|||&#8221; global_colors_info=&#8221;{}&#8221;][et_pb_column type=&#8221;4_4&#8243; _builder_version=&#8221;4.16&#8243; custom_padding=&#8221;|||&#8221; global_colors_info=&#8221;{}&#8221; custom_padding__hover=&#8221;|||&#8221;][et_pb_text admin_label=&#8221;Paginatitel&#8221; _builder_version=&#8221;4.27.5&#8243; background_color=&#8221;rgba(0,0,0,0.3)&#8221; text_orientation=&#8221;center&#8221; background_layout=&#8221;dark&#8221; module_alignment=&#8221;center&#8221; custom_padding=&#8221;20px|20px|10px|20px&#8221; hover_enabled=&#8221;0&#8243; global_colors_info=&#8221;{}&#8221; sticky_enabled=&#8221;0&#8243;]<\/p>\n<h1><em>B\u00c4NDER<\/em><\/h1>\n<p>[\/et_pb_text][\/et_pb_column][\/et_pb_row][\/et_pb_section][et_pb_section fb_built=&#8221;1&#8243; _builder_version=&#8221;4.16&#8243; background_color_gradient_start=&#8221;rgba(255,255,255,0)&#8221; background_color_gradient_end=&#8221;#ffffff&#8221; background_blend=&#8221;overlay&#8221; custom_padding=&#8221;||0px|&#8221; global_colors_info=&#8221;{}&#8221;][et_pb_row _builder_version=&#8221;4.16&#8243; global_colors_info=&#8221;{}&#8221;][et_pb_column type=&#8221;4_4&#8243; _builder_version=&#8221;4.16&#8243; custom_padding=&#8221;|||&#8221; global_colors_info=&#8221;{}&#8221; custom_padding__hover=&#8221;|||&#8221;][et_pb_text _builder_version=&#8221;4.16&#8243; global_colors_info=&#8221;{}&#8221;]<strong>Machen Sie sch\u00f6ne Kreationen mit unseren dekorativen B\u00e4ndern<\/strong><\/p>\n<p>Die Vivant-Bandkollektion bietet Geschenk- und Verpackungsb\u00e4nder f\u00fcr den professionellen Markt mit sch\u00f6nen Designs, in einer Vielzahl von Materialien und Farben. Unsere Kollektion umfasst Satinband, Grosgrain, Organzaband, Spitze, Baumwolle und sogar Papierband. Ob Sie nun eine Geschenkschleife mit einem authentischen, rauen Look suchen, wie das Juteseil, oder stattdessen einen raffinierten, sch\u00f6nen Look wie ein d\u00fcnnes, doppelseitiges Satinband. Bei Vivant sind Sie an der richtigen Adresse. In unserer Kollektion k\u00f6nnen Sie von B\u00e4ndern mit einer Mindestbreite von 3 mm bis hin zu breiten Dekob\u00e4ndern von bis zu 150 mm auf Rollen w\u00e4hlen. Ob bedrucktes Band, einfarbig, matt, gl\u00e4nzend, halbtransparent, mit Glitter oder ein Weihnachtsband mit goldenem Text, Vivant Dekorationen hat f\u00fcr jeden Verpackungsbedarf eine erschwingliche L\u00f6sung.<\/p>\n<p><strong>Original-Verpackungsb\u00e4ndchen <\/strong><\/p>\n<p>Vivant kreiert die sch\u00f6nsten Geschenkb\u00e4nder zur Versch\u00f6nerung von Geschenken und Verpackungen f\u00fcr verschiedene Segmente des Einzel- und Gro\u00dfhandels. F\u00fcr Chocolatiers sind Drahtb\u00e4nder wie Batiste sehr interessant, da mit ihnen sch\u00f6ne Schleifen als Blickfang auf Ballotins oder anderen Schokoladenverpackungen hergestellt werden k\u00f6nnen. Beliebte B\u00e4nder f\u00fcr Drogerie-, Parf\u00fcmerie- und Kosmetikgesch\u00e4fte sind vor allem gl\u00e4nzende oder transparente B\u00e4nder wie Glocken-Satin oder luftiges Organzaband. Mit unserem breiten Sortiment ist f\u00fcr jedes Segment - vom Floristen bis zum Kaufhaus - ein passendes Band erh\u00e4ltlich.  Sind Sie auf der Suche nach Logob\u00e4ndern f\u00fcr Ihr eigenes Gesch\u00e4ft? Dann werfen Sie einen weiteren Blick auf unsere \"Individualisierung\" oder kontaktieren Sie uns!<\/p>\n<p><strong>Auch sch\u00f6n als Laden- oder Innendekoration<\/strong><\/p>\n<p>Nat\u00fcrlich k\u00f6nnen Sie unsere B\u00e4nder auch als dekorative Elemente verwenden. Ein Osterband zur Dekoration einer Etag\u00e8re auf dem Tisch beim Osterbrunch oder ein dekoratives Kr\u00e4uselband in einem Weihnachtskranz an der Haust\u00fcr. Denken Sie auch an breite Satinb\u00e4nder, um eine Hochzeit oder eine Taufe zu schm\u00fccken. Sch\u00f6ne B\u00e4nder und Kordeln gibt es f\u00fcr jede Anwendung und jeden Anlass.  Mit unserer Vielfalt an Materialien und Farben schaffen Sie m\u00fchelos das gew\u00fcnschte Ambiente und die gew\u00fcnschte Dekoration in Ihrem Schaufenster, im Innenbereich oder in einer sch\u00f6nen Partylocation.<br \/>\n[\/et_pb_text][\/et_pb_column][\/et_pb_row][\/et_pb_section][et_pb_section fb_built=&#8221;1&#8243; _builder_version=&#8221;4.18.0&#8243; custom_padding=&#8221;0px|||&#8221; global_colors_info=&#8221;{}&#8221;][et_pb_row _builder_version=&#8221;4.16&#8243; background_size=&#8221;initial&#8221; background_position=&#8221;top_left&#8221; background_repeat=&#8221;repeat&#8221; global_colors_info=&#8221;{}&#8221;][et_pb_column type=&#8221;4_4&#8243; _builder_version=&#8221;4.16&#8243; custom_padding=&#8221;|||&#8221; global_colors_info=&#8221;{}&#8221; custom_padding__hover=&#8221;|||&#8221;][et_pb_text _builder_version=&#8221;4.27.5&#8243; text_orientation=&#8221;center&#8221; module_alignment=&#8221;center&#8221; hover_enabled=&#8221;0&#8243; global_colors_info=&#8221;{}&#8221; sticky_enabled=&#8221;0&#8243;]<\/p>\n<h2>mehr wissen?<\/h2>\n<p>[\/et_pb_text][et_pb_button button_url=&#8221;\/informatie-aanvragen&#8221; button_text=&#8221;neem contact met ons op&#8221; button_alignment=&#8221;center&#8221; _builder_version=&#8221;4.27.5&#8243; background_layout=&#8221;dark&#8221; hover_enabled=&#8221;0&#8243; global_colors_info=&#8221;{}&#8221; button_text_size__hover_enabled=&#8221;off&#8221; button_one_text_size__hover_enabled=&#8221;off&#8221; button_two_text_size__hover_enabled=&#8221;off&#8221; button_text_color__hover_enabled=&#8221;off&#8221; button_one_text_color__hover_enabled=&#8221;off&#8221; button_two_text_color__hover_enabled=&#8221;off&#8221; button_border_width__hover_enabled=&#8221;off&#8221; button_one_border_width__hover_enabled=&#8221;off&#8221; button_two_border_width__hover_enabled=&#8221;off&#8221; button_border_color__hover_enabled=&#8221;off&#8221; button_one_border_color__hover_enabled=&#8221;off&#8221; button_two_border_color__hover_enabled=&#8221;off&#8221; button_border_radius__hover_enabled=&#8221;off&#8221; button_one_border_radius__hover_enabled=&#8221;off&#8221; button_two_border_radius__hover_enabled=&#8221;off&#8221; button_letter_spacing__hover_enabled=&#8221;off&#8221; button_one_letter_spacing__hover_enabled=&#8221;off&#8221; button_two_letter_spacing__hover_enabled=&#8221;off&#8221; button_bg_color__hover_enabled=&#8221;off&#8221; button_one_bg_color__hover_enabled=&#8221;off&#8221; button_two_bg_color__hover_enabled=&#8221;off&#8221; sticky_enabled=&#8221;0&#8243;][\/et_pb_button][\/et_pb_column][\/et_pb_row][\/et_pb_section]<\/p>","protected":false},"excerpt":{"rendered":"<p>LINTENMaak prachtige creaties met onze decoratieve linten In de lintencollectie van Vivant vindt u cadeaulint en verpakkingslint voor de professionele markt met prachtige designs, in uiteenlopende materialen en kleuren. Onze collectie omvat satijn lint, grosgrain, organza lint, kant, katoen en zelfs papier lint. Of u nu op zoek bent naar een cadeau strik met een [&hellip;]<\/p>","protected":false},"author":1,"featured_media":0,"parent":0,"menu_order":1596,"comment_status":"closed","ping_status":"closed","template":"","meta":{"_et_pb_use_builder":"on","_et_pb_old_content":"","_et_gb_content_width":"","footnotes":""},"dipi_cpt_category":[],"class_list":["post-339","page","type-page","status-publish","hentry"],"yoast_head":"<!-- This site is optimized with the Yoast SEO plugin v26.6 - https:\/\/yoast.com\/wordpress\/plugins\/seo\/ -->\n<title>Linten \u2013 Stijlvolle cadeaulinten en decoratieband van Vivant<\/title>\n<meta name=\"description\" content=\"Vivant cre\u00ebert het mooiste cadeaulint ter verfraaiing van geschenken en verpakkingen. Denk aan satijnen linten, gouden strikken en decoratief kant.\" \/>\n<meta name=\"robots\" content=\"index, follow, max-snippet:-1, max-image-preview:large, max-video-preview:-1\" \/>\n<link rel=\"canonical\" href=\"https:\/\/www.vivantdecorations.com\/de\/bander\/\" \/>\n<meta property=\"og:locale\" content=\"de_DE\" \/>\n<meta property=\"og:type\" content=\"article\" \/>\n<meta property=\"og:title\" content=\"Linten \u2013 Stijlvolle cadeaulinten en decoratieband van Vivant\" \/>\n<meta property=\"og:description\" content=\"Vivant cre\u00ebert het mooiste cadeaulint ter verfraaiing van geschenken en verpakkingen. Denk aan satijnen linten, gouden strikken en decoratief kant.\" \/>\n<meta property=\"og:url\" content=\"https:\/\/www.vivantdecorations.com\/de\/bander\/\" \/>\n<meta property=\"og:site_name\" content=\"Vivant\" \/>\n<meta property=\"article:modified_time\" content=\"2026-03-26T10:39:14+00:00\" \/>\n<meta name=\"twitter:card\" content=\"summary_large_image\" \/>\n<meta name=\"twitter:label1\" content=\"Gesch\u00e4tzte Lesezeit\" \/>\n\t<meta name=\"twitter:data1\" content=\"4\u00a0Minuten\" \/>\n<script type=\"application\/ld+json\" class=\"yoast-schema-graph\">{\"@context\":\"https:\/\/schema.org\",\"@graph\":[{\"@type\":\"WebPage\",\"@id\":\"https:\/\/www.vivantdecorations.com\/linten\/\",\"url\":\"https:\/\/www.vivantdecorations.com\/linten\/\",\"name\":\"Linten \u2013 Stijlvolle cadeaulinten en decoratieband van Vivant\",\"isPartOf\":{\"@id\":\"https:\/\/www.vivantdecorations.com\/#website\"},\"datePublished\":\"2017-10-11T08:39:13+00:00\",\"dateModified\":\"2026-03-26T10:39:14+00:00\",\"description\":\"Vivant cre\u00ebert het mooiste cadeaulint ter verfraaiing van geschenken en verpakkingen. Denk aan satijnen linten, gouden strikken en decoratief kant.\",\"breadcrumb\":{\"@id\":\"https:\/\/www.vivantdecorations.com\/linten\/#breadcrumb\"},\"inLanguage\":\"de\",\"potentialAction\":[{\"@type\":\"ReadAction\",\"target\":[\"https:\/\/www.vivantdecorations.com\/linten\/\"]}]},{\"@type\":\"BreadcrumbList\",\"@id\":\"https:\/\/www.vivantdecorations.com\/linten\/#breadcrumb\",\"itemListElement\":[{\"@type\":\"ListItem\",\"position\":1,\"name\":\"Home\",\"item\":\"https:\/\/www.vivantdecorations.com\/\"},{\"@type\":\"ListItem\",\"position\":2,\"name\":\"Linten\"}]},{\"@type\":\"WebSite\",\"@id\":\"https:\/\/www.vivantdecorations.com\/#website\",\"url\":\"https:\/\/www.vivantdecorations.com\/\",\"name\":\"Vivant\",\"description\":\"Decoration products and luxury packaging\",\"publisher\":{\"@id\":\"https:\/\/www.vivantdecorations.com\/#organization\"},\"potentialAction\":[{\"@type\":\"SearchAction\",\"target\":{\"@type\":\"EntryPoint\",\"urlTemplate\":\"https:\/\/www.vivantdecorations.com\/?s={search_term_string}\"},\"query-input\":{\"@type\":\"PropertyValueSpecification\",\"valueRequired\":true,\"valueName\":\"search_term_string\"}}],\"inLanguage\":\"de\"},{\"@type\":\"Organization\",\"@id\":\"https:\/\/www.vivantdecorations.com\/#organization\",\"name\":\"Vivant\",\"url\":\"https:\/\/www.vivantdecorations.com\/\",\"logo\":{\"@type\":\"ImageObject\",\"inLanguage\":\"de\",\"@id\":\"https:\/\/www.vivantdecorations.com\/#\/schema\/logo\/image\/\",\"url\":\"https:\/\/www.vivantdecorations.com\/wp-content\/uploads\/2017\/10\/vivant-logo-210x60px.png\",\"contentUrl\":\"https:\/\/www.vivantdecorations.com\/wp-content\/uploads\/2017\/10\/vivant-logo-210x60px.png\",\"width\":210,\"height\":60,\"caption\":\"Vivant\"},\"image\":{\"@id\":\"https:\/\/www.vivantdecorations.com\/#\/schema\/logo\/image\/\"}}]}<\/script>\n<!-- \/ Yoast SEO plugin. -->","yoast_head_json":{"title":"B\u00e4nder - Stilvolle Geschenkb\u00e4nder und dekorative B\u00e4nder von Vivant","description":"Vivant kreiert feinste Geschenkb\u00e4nder zur Versch\u00f6nerung von Geschenken und Verpackungen. Denken Sie an Satinb\u00e4nder, goldene Schleifen und dekorative Spitzen.","robots":{"index":"index","follow":"follow","max-snippet":"max-snippet:-1","max-image-preview":"max-image-preview:large","max-video-preview":"max-video-preview:-1"},"canonical":"https:\/\/www.vivantdecorations.com\/de\/bander\/","og_locale":"de_DE","og_type":"article","og_title":"Linten \u2013 Stijlvolle cadeaulinten en decoratieband van Vivant","og_description":"Vivant cre\u00ebert het mooiste cadeaulint ter verfraaiing van geschenken en verpakkingen. Denk aan satijnen linten, gouden strikken en decoratief kant.","og_url":"https:\/\/www.vivantdecorations.com\/de\/bander\/","og_site_name":"Vivant","article_modified_time":"2026-03-26T10:39:14+00:00","twitter_card":"summary_large_image","twitter_misc":{"Gesch\u00e4tzte Lesezeit":"4\u00a0Minuten"},"schema":{"@context":"https:\/\/schema.org","@graph":[{"@type":"WebPage","@id":"https:\/\/www.vivantdecorations.com\/linten\/","url":"https:\/\/www.vivantdecorations.com\/linten\/","name":"B\u00e4nder - Stilvolle Geschenkb\u00e4nder und dekorative B\u00e4nder von Vivant","isPartOf":{"@id":"https:\/\/www.vivantdecorations.com\/#website"},"datePublished":"2017-10-11T08:39:13+00:00","dateModified":"2026-03-26T10:39:14+00:00","description":"Vivant kreiert feinste Geschenkb\u00e4nder zur Versch\u00f6nerung von Geschenken und Verpackungen. Denken Sie an Satinb\u00e4nder, goldene Schleifen und dekorative Spitzen.","breadcrumb":{"@id":"https:\/\/www.vivantdecorations.com\/linten\/#breadcrumb"},"inLanguage":"de","potentialAction":[{"@type":"ReadAction","target":["https:\/\/www.vivantdecorations.com\/linten\/"]}]},{"@type":"BreadcrumbList","@id":"https:\/\/www.vivantdecorations.com\/linten\/#breadcrumb","itemListElement":[{"@type":"ListItem","position":1,"name":"Home","item":"https:\/\/www.vivantdecorations.com\/"},{"@type":"ListItem","position":2,"name":"Linten"}]},{"@type":"WebSite","@id":"https:\/\/www.vivantdecorations.com\/#website","url":"https:\/\/www.vivantdecorations.com\/","name":"Vivant","description":"Dekorationsartikel und Luxusverpackungen","publisher":{"@id":"https:\/\/www.vivantdecorations.com\/#organization"},"potentialAction":[{"@type":"SearchAction","target":{"@type":"EntryPoint","urlTemplate":"https:\/\/www.vivantdecorations.com\/?s={search_term_string}"},"query-input":{"@type":"PropertyValueSpecification","valueRequired":true,"valueName":"search_term_string"}}],"inLanguage":"de"},{"@type":"Organization","@id":"https:\/\/www.vivantdecorations.com\/#organization","name":"Vivant","url":"https:\/\/www.vivantdecorations.com\/","logo":{"@type":"ImageObject","inLanguage":"de","@id":"https:\/\/www.vivantdecorations.com\/#\/schema\/logo\/image\/","url":"https:\/\/www.vivantdecorations.com\/wp-content\/uploads\/2017\/10\/vivant-logo-210x60px.png","contentUrl":"https:\/\/www.vivantdecorations.com\/wp-content\/uploads\/2017\/10\/vivant-logo-210x60px.png","width":210,"height":60,"caption":"Vivant"},"image":{"@id":"https:\/\/www.vivantdecorations.com\/#\/schema\/logo\/image\/"}}]}},"_links":{"self":[{"href":"https:\/\/www.vivantdecorations.com\/de\/wp-json\/wp\/v2\/pages\/339","targetHints":{"allow":["GET"]}}],"collection":[{"href":"https:\/\/www.vivantdecorations.com\/de\/wp-json\/wp\/v2\/pages"}],"about":[{"href":"https:\/\/www.vivantdecorations.com\/de\/wp-json\/wp\/v2\/types\/page"}],"author":[{"embeddable":true,"href":"https:\/\/www.vivantdecorations.com\/de\/wp-json\/wp\/v2\/users\/1"}],"replies":[{"embeddable":true,"href":"https:\/\/www.vivantdecorations.com\/de\/wp-json\/wp\/v2\/comments?post=339"}],"version-history":[{"count":46,"href":"https:\/\/www.vivantdecorations.com\/de\/wp-json\/wp\/v2\/pages\/339\/revisions"}],"predecessor-version":[{"id":26773,"href":"https:\/\/www.vivantdecorations.com\/de\/wp-json\/wp\/v2\/pages\/339\/revisions\/26773"}],"wp:attachment":[{"href":"https:\/\/www.vivantdecorations.com\/de\/wp-json\/wp\/v2\/media?parent=339"}],"wp:term":[{"taxonomy":"dipi_cpt_category","embeddable":true,"href":"https:\/\/www.vivantdecorations.com\/de\/wp-json\/wp\/v2\/dipi_cpt_category?post=339"}],"curies":[{"name":"wp","href":"https:\/\/api.w.org\/{rel}","templated":true}]}}