{"id":1977,"date":"2018-02-14T10:55:35","date_gmt":"2018-02-14T09:55:35","guid":{"rendered":"https:\/\/www.vivantdecorations.com\/?page_id=1977"},"modified":"2026-03-31T08:48:29","modified_gmt":"2026-03-31T06:48:29","slug":"grundstoffe-fur-tischlaufer","status":"publish","type":"page","link":"https:\/\/www.vivantdecorations.com\/de\/grundlagen\/grundstoffe-fur-tischlaufer\/","title":{"rendered":"Basismarken &amp; Stoffe"},"content":{"rendered":"<p>[et_pb_section fb_built=&#8221;1&#8243; _builder_version=&#8221;4.27.5&#8243; background_color_gradient_start=&#8221;rgba(255,255,255,0)&#8221; background_color_gradient_end=&#8221;#ffffff&#8221; background_image=&#8221;https:\/\/www.vivantdecorations.com\/wp-content\/uploads\/2025\/11\/Basis-lopers-en-stoffen_4668.jpg&#8221; background_position=&#8221;top_center&#8221; global_colors_info=&#8221;{}&#8221;][et_pb_row _builder_version=&#8221;4.16&#8243; custom_margin=&#8221;0px|||&#8221; custom_padding=&#8221;0px|||&#8221; global_colors_info=&#8221;{}&#8221;][et_pb_column type=&#8221;4_4&#8243; _builder_version=&#8221;4.16&#8243; custom_padding=&#8221;|||&#8221; global_colors_info=&#8221;{}&#8221; custom_padding__hover=&#8221;|||&#8221;][et_pb_text admin_label=&#8221;Paginatitel&#8221; _builder_version=&#8221;4.16&#8243; background_color=&#8221;rgba(0,0,0,0.3)&#8221; text_orientation=&#8221;center&#8221; background_layout=&#8221;dark&#8221; module_alignment=&#8221;center&#8221; custom_padding=&#8221;20px|20px|10px|20px&#8221; global_colors_info=&#8221;{}&#8221;]<\/p>\n<h1>BASIC LOPERS &amp; STOFFEN \/ <a href=\"\/de\/grundlagen\/\">BASICS<\/a><\/h1>\n<p>[\/et_pb_text][\/et_pb_column][\/et_pb_row][\/et_pb_section][et_pb_section fb_built=&#8221;1&#8243; _builder_version=&#8221;4.16&#8243; background_color_gradient_start=&#8221;rgba(255,255,255,0)&#8221; background_color_gradient_end=&#8221;#ffffff&#8221; background_blend=&#8221;overlay&#8221; global_colors_info=&#8221;{}&#8221;][et_pb_row _builder_version=&#8221;4.16&#8243; background_size=&#8221;initial&#8221; background_position=&#8221;top_left&#8221; background_repeat=&#8221;repeat&#8221; global_colors_info=&#8221;{}&#8221;][et_pb_column type=&#8221;4_4&#8243; _builder_version=&#8221;4.16&#8243; custom_padding=&#8221;|||&#8221; global_colors_info=&#8221;{}&#8221; custom_padding__hover=&#8221;|||&#8221;][et_pb_image src=&#8221;https:\/\/www.vivantdecorations.com\/wp-content\/uploads\/2026\/03\/Basis-lopers-en-stoffen_4668-kleiner.jpg&#8221; title_text=&#8221;Basis lopers en stoffen_4668 kleiner&#8221; _builder_version=&#8221;4.27.5&#8243; _module_preset=&#8221;default&#8221; hover_enabled=&#8221;0&#8243; global_colors_info=&#8221;{}&#8221; sticky_enabled=&#8221;0&#8243;][\/et_pb_image][et_pb_text _builder_version=&#8221;4.16&#8243; global_colors_info=&#8221;{}&#8221;]<strong>Basic-Tischl\u00e4ufer und Stoffe aus der Basics-Kollektion<\/strong><\/p>\n<p>Vom Gro\u00dfhandel bis zum Einzelhandel, vom Kaufhaus bis zum Heimwerkerladen, ob Tischdekoration oder Wanddekoration, mit den L\u00e4ufern, Stoffen und Bannern aus der Basic-Kollektion von Vivant stehlen Sie die Show.<\/p>\n<p>Sind Sie auf der Suche nach einem durchbrochenen L\u00e4ufer oder eher nach einem Tischl\u00e4ufer mit dichtem Geflecht?  In der Basics-Kollektion von Vivant finden Sie eine gro\u00dfe Auswahl an Tischl\u00e4ufern in verschiedenen Qualit\u00e4ten und Textilien mit unterschiedlichen Strukturen. M\u00f6chten Sie es stilvoll und luxuri\u00f6s oder lieber schlicht und authentisch? In der Basics-Kollektion finden Sie L\u00e4ufer und Banner in schlichten, gro\u00dfen Farblinien in verschiedenen Breiten.<br \/>\n[\/et_pb_text][\/et_pb_column][\/et_pb_row][\/et_pb_section]<\/p>","protected":false},"excerpt":{"rendered":"<p>BASIC LOPERS &amp; STOFFEN \/ BASICSBasic tafellopers en stoffen uit de basics collectie Van groothandel tot detailhandel, van warenhuis tot woonwinkel, als het gaat om tafelaankleding of wanddecoratie, u steelt de show met de lopers, stoffen en banners uit de Basic collectie van Vivant. Zoekt u een opengewerkte loper of liever een table runner met [&hellip;]<\/p>","protected":false},"author":3,"featured_media":6247,"parent":686,"menu_order":4,"comment_status":"closed","ping_status":"closed","template":"","meta":{"_et_pb_use_builder":"on","_et_pb_old_content":"","_et_gb_content_width":"","footnotes":""},"dipi_cpt_category":[],"class_list":["post-1977","page","type-page","status-publish","has-post-thumbnail","hentry"],"yoast_head":"<!-- This site is optimized with the Yoast SEO plugin v26.6 - https:\/\/yoast.com\/wordpress\/plugins\/seo\/ -->\n<title>Basic tafellopers en stoffen van Vivant als tafelaankleding.<\/title>\n<meta name=\"description\" content=\"Basic tafellopers en stoffen van Vivant als interieuraankleding en decoratie. Speciaal ontworpen voor de professionele gebruiker.\" \/>\n<meta name=\"robots\" content=\"index, follow, max-snippet:-1, max-image-preview:large, max-video-preview:-1\" \/>\n<link rel=\"canonical\" href=\"https:\/\/www.vivantdecorations.com\/de\/grundlagen\/grundstoffe-fur-tischlaufer\/\" \/>\n<meta property=\"og:locale\" content=\"de_DE\" \/>\n<meta property=\"og:type\" content=\"article\" \/>\n<meta property=\"og:title\" content=\"Basic tafellopers en stoffen van Vivant als tafelaankleding.\" \/>\n<meta property=\"og:description\" content=\"Basic tafellopers en stoffen van Vivant als interieuraankleding en decoratie. Speciaal ontworpen voor de professionele gebruiker.\" \/>\n<meta property=\"og:url\" content=\"https:\/\/www.vivantdecorations.com\/de\/grundlagen\/grundstoffe-fur-tischlaufer\/\" \/>\n<meta property=\"og:site_name\" content=\"Vivant\" \/>\n<meta property=\"article:modified_time\" content=\"2026-03-31T06:48:29+00:00\" \/>\n<meta property=\"og:image\" content=\"https:\/\/www.vivantdecorations.com\/wp-content\/uploads\/2018\/05\/Basic-tafellopers-en-runners-in-ecru-zwart-en-geel.jpg\" \/>\n\t<meta property=\"og:image:width\" content=\"1900\" \/>\n\t<meta property=\"og:image:height\" content=\"750\" \/>\n\t<meta property=\"og:image:type\" content=\"image\/jpeg\" \/>\n<meta name=\"twitter:card\" content=\"summary_large_image\" \/>\n<meta name=\"twitter:label1\" content=\"Gesch\u00e4tzte Lesezeit\" \/>\n\t<meta name=\"twitter:data1\" content=\"2\u00a0Minuten\" \/>\n<script type=\"application\/ld+json\" class=\"yoast-schema-graph\">{\"@context\":\"https:\/\/schema.org\",\"@graph\":[{\"@type\":\"WebPage\",\"@id\":\"https:\/\/www.vivantdecorations.com\/basics\/basic-tafellopers-stoffen\/\",\"url\":\"https:\/\/www.vivantdecorations.com\/basics\/basic-tafellopers-stoffen\/\",\"name\":\"Basic tafellopers en stoffen van Vivant als tafelaankleding.\",\"isPartOf\":{\"@id\":\"https:\/\/www.vivantdecorations.com\/#website\"},\"primaryImageOfPage\":{\"@id\":\"https:\/\/www.vivantdecorations.com\/basics\/basic-tafellopers-stoffen\/#primaryimage\"},\"image\":{\"@id\":\"https:\/\/www.vivantdecorations.com\/basics\/basic-tafellopers-stoffen\/#primaryimage\"},\"thumbnailUrl\":\"https:\/\/www.vivantdecorations.com\/wp-content\/uploads\/2018\/05\/Basic-tafellopers-en-runners-in-ecru-zwart-en-geel.jpg\",\"datePublished\":\"2018-02-14T09:55:35+00:00\",\"dateModified\":\"2026-03-31T06:48:29+00:00\",\"description\":\"Basic tafellopers en stoffen van Vivant als interieuraankleding en decoratie. Speciaal ontworpen voor de professionele gebruiker.\",\"breadcrumb\":{\"@id\":\"https:\/\/www.vivantdecorations.com\/basics\/basic-tafellopers-stoffen\/#breadcrumb\"},\"inLanguage\":\"de\",\"potentialAction\":[{\"@type\":\"ReadAction\",\"target\":[\"https:\/\/www.vivantdecorations.com\/basics\/basic-tafellopers-stoffen\/\"]}]},{\"@type\":\"ImageObject\",\"inLanguage\":\"de\",\"@id\":\"https:\/\/www.vivantdecorations.com\/basics\/basic-tafellopers-stoffen\/#primaryimage\",\"url\":\"https:\/\/www.vivantdecorations.com\/wp-content\/uploads\/2018\/05\/Basic-tafellopers-en-runners-in-ecru-zwart-en-geel.jpg\",\"contentUrl\":\"https:\/\/www.vivantdecorations.com\/wp-content\/uploads\/2018\/05\/Basic-tafellopers-en-runners-in-ecru-zwart-en-geel.jpg\",\"width\":1900,\"height\":750,\"caption\":\"Basic tafellopers in ecru wit zwart\"},{\"@type\":\"BreadcrumbList\",\"@id\":\"https:\/\/www.vivantdecorations.com\/basics\/basic-tafellopers-stoffen\/#breadcrumb\",\"itemListElement\":[{\"@type\":\"ListItem\",\"position\":1,\"name\":\"Home\",\"item\":\"https:\/\/www.vivantdecorations.com\/\"},{\"@type\":\"ListItem\",\"position\":2,\"name\":\"Basics\",\"item\":\"https:\/\/www.vivantdecorations.com\/basics\/\"},{\"@type\":\"ListItem\",\"position\":3,\"name\":\"Basic lopers &#038; stoffen\"}]},{\"@type\":\"WebSite\",\"@id\":\"https:\/\/www.vivantdecorations.com\/#website\",\"url\":\"https:\/\/www.vivantdecorations.com\/\",\"name\":\"Vivant\",\"description\":\"Decoration products and luxury packaging\",\"publisher\":{\"@id\":\"https:\/\/www.vivantdecorations.com\/#organization\"},\"potentialAction\":[{\"@type\":\"SearchAction\",\"target\":{\"@type\":\"EntryPoint\",\"urlTemplate\":\"https:\/\/www.vivantdecorations.com\/?s={search_term_string}\"},\"query-input\":{\"@type\":\"PropertyValueSpecification\",\"valueRequired\":true,\"valueName\":\"search_term_string\"}}],\"inLanguage\":\"de\"},{\"@type\":\"Organization\",\"@id\":\"https:\/\/www.vivantdecorations.com\/#organization\",\"name\":\"Vivant\",\"url\":\"https:\/\/www.vivantdecorations.com\/\",\"logo\":{\"@type\":\"ImageObject\",\"inLanguage\":\"de\",\"@id\":\"https:\/\/www.vivantdecorations.com\/#\/schema\/logo\/image\/\",\"url\":\"https:\/\/www.vivantdecorations.com\/wp-content\/uploads\/2017\/10\/vivant-logo-210x60px.png\",\"contentUrl\":\"https:\/\/www.vivantdecorations.com\/wp-content\/uploads\/2017\/10\/vivant-logo-210x60px.png\",\"width\":210,\"height\":60,\"caption\":\"Vivant\"},\"image\":{\"@id\":\"https:\/\/www.vivantdecorations.com\/#\/schema\/logo\/image\/\"}}]}<\/script>\n<!-- \/ Yoast SEO plugin. -->","yoast_head_json":{"title":"Einfache Tischl\u00e4ufer und Stoffe von Vivant als Tischdekoration.","description":"Basic-Tischl\u00e4ufer und Stoffe von Vivant als Raumausstattung und Dekoration. Speziell entwickelt f\u00fcr den professionellen Anwender.","robots":{"index":"index","follow":"follow","max-snippet":"max-snippet:-1","max-image-preview":"max-image-preview:large","max-video-preview":"max-video-preview:-1"},"canonical":"https:\/\/www.vivantdecorations.com\/de\/grundlagen\/grundstoffe-fur-tischlaufer\/","og_locale":"de_DE","og_type":"article","og_title":"Basic tafellopers en stoffen van Vivant als tafelaankleding.","og_description":"Basic tafellopers en stoffen van Vivant als interieuraankleding en decoratie. Speciaal ontworpen voor de professionele gebruiker.","og_url":"https:\/\/www.vivantdecorations.com\/de\/grundlagen\/grundstoffe-fur-tischlaufer\/","og_site_name":"Vivant","article_modified_time":"2026-03-31T06:48:29+00:00","og_image":[{"width":1900,"height":750,"url":"https:\/\/www.vivantdecorations.com\/wp-content\/uploads\/2018\/05\/Basic-tafellopers-en-runners-in-ecru-zwart-en-geel.jpg","type":"image\/jpeg"}],"twitter_card":"summary_large_image","twitter_misc":{"Gesch\u00e4tzte Lesezeit":"2\u00a0Minuten"},"schema":{"@context":"https:\/\/schema.org","@graph":[{"@type":"WebPage","@id":"https:\/\/www.vivantdecorations.com\/basics\/basic-tafellopers-stoffen\/","url":"https:\/\/www.vivantdecorations.com\/basics\/basic-tafellopers-stoffen\/","name":"Einfache Tischl\u00e4ufer und Stoffe von Vivant als Tischdekoration.","isPartOf":{"@id":"https:\/\/www.vivantdecorations.com\/#website"},"primaryImageOfPage":{"@id":"https:\/\/www.vivantdecorations.com\/basics\/basic-tafellopers-stoffen\/#primaryimage"},"image":{"@id":"https:\/\/www.vivantdecorations.com\/basics\/basic-tafellopers-stoffen\/#primaryimage"},"thumbnailUrl":"https:\/\/www.vivantdecorations.com\/wp-content\/uploads\/2018\/05\/Basic-tafellopers-en-runners-in-ecru-zwart-en-geel.jpg","datePublished":"2018-02-14T09:55:35+00:00","dateModified":"2026-03-31T06:48:29+00:00","description":"Basic-Tischl\u00e4ufer und Stoffe von Vivant als Raumausstattung und Dekoration. Speziell entwickelt f\u00fcr den professionellen Anwender.","breadcrumb":{"@id":"https:\/\/www.vivantdecorations.com\/basics\/basic-tafellopers-stoffen\/#breadcrumb"},"inLanguage":"de","potentialAction":[{"@type":"ReadAction","target":["https:\/\/www.vivantdecorations.com\/basics\/basic-tafellopers-stoffen\/"]}]},{"@type":"ImageObject","inLanguage":"de","@id":"https:\/\/www.vivantdecorations.com\/basics\/basic-tafellopers-stoffen\/#primaryimage","url":"https:\/\/www.vivantdecorations.com\/wp-content\/uploads\/2018\/05\/Basic-tafellopers-en-runners-in-ecru-zwart-en-geel.jpg","contentUrl":"https:\/\/www.vivantdecorations.com\/wp-content\/uploads\/2018\/05\/Basic-tafellopers-en-runners-in-ecru-zwart-en-geel.jpg","width":1900,"height":750,"caption":"Basic tafellopers in ecru wit zwart"},{"@type":"BreadcrumbList","@id":"https:\/\/www.vivantdecorations.com\/basics\/basic-tafellopers-stoffen\/#breadcrumb","itemListElement":[{"@type":"ListItem","position":1,"name":"Home","item":"https:\/\/www.vivantdecorations.com\/"},{"@type":"ListItem","position":2,"name":"Basics","item":"https:\/\/www.vivantdecorations.com\/basics\/"},{"@type":"ListItem","position":3,"name":"Basic lopers &#038; stoffen"}]},{"@type":"WebSite","@id":"https:\/\/www.vivantdecorations.com\/#website","url":"https:\/\/www.vivantdecorations.com\/","name":"Vivant","description":"Dekorationsartikel und Luxusverpackungen","publisher":{"@id":"https:\/\/www.vivantdecorations.com\/#organization"},"potentialAction":[{"@type":"SearchAction","target":{"@type":"EntryPoint","urlTemplate":"https:\/\/www.vivantdecorations.com\/?s={search_term_string}"},"query-input":{"@type":"PropertyValueSpecification","valueRequired":true,"valueName":"search_term_string"}}],"inLanguage":"de"},{"@type":"Organization","@id":"https:\/\/www.vivantdecorations.com\/#organization","name":"Vivant","url":"https:\/\/www.vivantdecorations.com\/","logo":{"@type":"ImageObject","inLanguage":"de","@id":"https:\/\/www.vivantdecorations.com\/#\/schema\/logo\/image\/","url":"https:\/\/www.vivantdecorations.com\/wp-content\/uploads\/2017\/10\/vivant-logo-210x60px.png","contentUrl":"https:\/\/www.vivantdecorations.com\/wp-content\/uploads\/2017\/10\/vivant-logo-210x60px.png","width":210,"height":60,"caption":"Vivant"},"image":{"@id":"https:\/\/www.vivantdecorations.com\/#\/schema\/logo\/image\/"}}]}},"_links":{"self":[{"href":"https:\/\/www.vivantdecorations.com\/de\/wp-json\/wp\/v2\/pages\/1977","targetHints":{"allow":["GET"]}}],"collection":[{"href":"https:\/\/www.vivantdecorations.com\/de\/wp-json\/wp\/v2\/pages"}],"about":[{"href":"https:\/\/www.vivantdecorations.com\/de\/wp-json\/wp\/v2\/types\/page"}],"author":[{"embeddable":true,"href":"https:\/\/www.vivantdecorations.com\/de\/wp-json\/wp\/v2\/users\/3"}],"replies":[{"embeddable":true,"href":"https:\/\/www.vivantdecorations.com\/de\/wp-json\/wp\/v2\/comments?post=1977"}],"version-history":[{"count":18,"href":"https:\/\/www.vivantdecorations.com\/de\/wp-json\/wp\/v2\/pages\/1977\/revisions"}],"predecessor-version":[{"id":26915,"href":"https:\/\/www.vivantdecorations.com\/de\/wp-json\/wp\/v2\/pages\/1977\/revisions\/26915"}],"up":[{"embeddable":true,"href":"https:\/\/www.vivantdecorations.com\/de\/wp-json\/wp\/v2\/pages\/686"}],"wp:featuredmedia":[{"embeddable":true,"href":"https:\/\/www.vivantdecorations.com\/de\/wp-json\/wp\/v2\/media\/6247"}],"wp:attachment":[{"href":"https:\/\/www.vivantdecorations.com\/de\/wp-json\/wp\/v2\/media?parent=1977"}],"wp:term":[{"taxonomy":"dipi_cpt_category","embeddable":true,"href":"https:\/\/www.vivantdecorations.com\/de\/wp-json\/wp\/v2\/dipi_cpt_category?post=1977"}],"curies":[{"name":"wp","href":"https:\/\/api.w.org\/{rel}","templated":true}]}}