{"id":1820,"date":"2018-02-08T10:16:44","date_gmt":"2018-02-08T09:16:44","guid":{"rendered":"https:\/\/www.vivantdecorations.com\/?page_id=1820"},"modified":"2026-03-26T11:47:33","modified_gmt":"2026-03-26T10:47:33","slug":"dekorationen","status":"publish","type":"page","link":"https:\/\/www.vivantdecorations.com\/de\/dekorationen\/","title":{"rendered":"Dekorationen"},"content":{"rendered":"<p>[et_pb_section fb_built=&#8221;1&#8243; _builder_version=&#8221;4.27.5&#8243; background_color_gradient_start=&#8221;rgba(255,255,255,0)&#8221; background_color_gradient_end=&#8221;#ffffff&#8221; background_image=&#8221;https:\/\/www.vivantdecorations.com\/wp-content\/uploads\/2026\/03\/Ornament-paper-fir-smal.jpg&#8221; global_colors_info=&#8221;{}&#8221;][et_pb_row _builder_version=&#8221;4.16&#8243; custom_margin=&#8221;0px|||&#8221; custom_padding=&#8221;0px|||&#8221; global_colors_info=&#8221;{}&#8221;][et_pb_column type=&#8221;4_4&#8243; _builder_version=&#8221;4.16&#8243; custom_padding=&#8221;|||&#8221; global_colors_info=&#8221;{}&#8221; custom_padding__hover=&#8221;|||&#8221;][et_pb_text admin_label=&#8221;Paginatitel&#8221; _builder_version=&#8221;4.27.5&#8243; background_color=&#8221;rgba(0,0,0,0.3)&#8221; text_orientation=&#8221;center&#8221; background_layout=&#8221;dark&#8221; module_alignment=&#8221;center&#8221; custom_padding=&#8221;20px|20px|10px|20px&#8221; hover_enabled=&#8221;0&#8243; global_colors_info=&#8221;{}&#8221; sticky_enabled=&#8221;0&#8243;]<\/p>\n<h1><em>DEKORATIONEN<\/em><\/h1>\n<p>[\/et_pb_text][\/et_pb_column][\/et_pb_row][\/et_pb_section][et_pb_section fb_built=&#8221;1&#8243; _builder_version=&#8221;4.16&#8243; background_color_gradient_start=&#8221;rgba(255,255,255,0)&#8221; background_color_gradient_end=&#8221;#ffffff&#8221; background_blend=&#8221;overlay&#8221; custom_padding=&#8221;||0px|&#8221; global_colors_info=&#8221;{}&#8221;][et_pb_row _builder_version=&#8221;4.16&#8243; global_colors_info=&#8221;{}&#8221;][et_pb_column type=&#8221;4_4&#8243; _builder_version=&#8221;4.16&#8243; custom_padding=&#8221;|||&#8221; global_colors_info=&#8221;{}&#8221; custom_padding__hover=&#8221;|||&#8221;][et_pb_text _builder_version=&#8221;4.16&#8243; global_colors_info=&#8221;{}&#8221;]<strong>Trendige Dekoration f\u00fcr jede Gelegenheit<\/strong><br \/>\nVivant stellt luxuri\u00f6se Weihnachtsdekorationen her, aber auch Schaufensterdekorationen und Partydekorationen wie Osterb\u00e4nder, Hochzeitsgirlanden, Quasten oder luxuri\u00f6se H\u00e4ngeetiketten und Schleifen mit Clip. Zu dieser Gruppe von Vivant-Dekorationen geh\u00f6ren Produkte, die unserer Meinung nach besondere Aufmerksamkeit verdienen, wie z. B. Etag\u00e8ren, limitierte Auflagen und sch\u00f6ne Dekorationen.<\/p>\n<p><strong>Sie ben\u00f6tigen Geschenkanh\u00e4nger, Muttertagsanh\u00e4nger oder Hochzeitsdekorationen?<\/strong><br \/>\nBei Vivant finden Sie originelle Dekorationen wie einen Anh\u00e4nger f\u00fcr Pakete, ein Wachssiegel mit einem Herz zum Valentinstag. Oder zum Beispiel silberne Hochzeitsdekorationen in Form von gestickten Blumen aus Stoff. Sehen Sie sich auch unsere Baumwoll- und Papiergirlanden als luxuri\u00f6se Geburtstagsdekoration oder Dekoration f\u00fcr Ihre Party an.<\/p>\n<p><strong>Originelles Dekorationsmaterial nach den neuesten Trends<\/strong><br \/>\nAuch in der Dekorationsbranche gibt es eine steigende Nachfrage nach Dekorationen, die den neuesten Modetrends entsprechen. Denken Sie an botanische Girlanden, b\u00f6hmische Quasten und trendige Perlendekorationen. Sehen Sie sich die neuesten Trends in unserem<a href=\"\/de\/fruhling-sommer\/\"> fr\u00fchling\/sommer<\/a> und <a href=\"\/de\/herbst-winter\/\">herbst\/winter<\/a> Themen unter 'Sammlungen'!<\/p>\n<p><strong>Weihnachts- und Osterdekoration<\/strong><br \/>\nWeihnachts- und Osterdekorationen sind ein wichtiger Bestandteil der Kollektionen von Vivant. Zum Beispiel eine sch\u00f6ne Mistelgirlande aus Papier als Weihnachtsdekoration und gro\u00dfe Gold- oder Samthasen als Dekoration f\u00fcr den Ostertisch. Suchen Sie eine schlichte oder einfach nur glamour\u00f6se Dekoration? Bei Vivant finden Sie exklusive Dekorationen, die jede Party zu einem Erfolg machen.<br \/>\n[\/et_pb_text][\/et_pb_column][\/et_pb_row][\/et_pb_section][et_pb_section fb_built=&#8221;1&#8243; _builder_version=&#8221;4.16&#8243; custom_padding=&#8221;0px|||&#8221; global_colors_info=&#8221;{}&#8221;][et_pb_row _builder_version=&#8221;4.16&#8243; background_size=&#8221;initial&#8221; background_position=&#8221;top_left&#8221; background_repeat=&#8221;repeat&#8221; global_colors_info=&#8221;{}&#8221;][et_pb_column type=&#8221;4_4&#8243; _builder_version=&#8221;4.16&#8243; custom_padding=&#8221;|||&#8221; global_colors_info=&#8221;{}&#8221; custom_padding__hover=&#8221;|||&#8221;][et_pb_text _builder_version=&#8221;4.27.5&#8243; text_orientation=&#8221;center&#8221; module_alignment=&#8221;center&#8221; hover_enabled=&#8221;0&#8243; global_colors_info=&#8221;{}&#8221; sticky_enabled=&#8221;0&#8243;]<\/p>\n<h2>mehr wissen?<\/h2>\n<p>[\/et_pb_text][et_pb_button button_url=&#8221;\/informatie-aanvragen&#8221; button_text=&#8221;neem contact met ons op&#8221; button_alignment=&#8221;center&#8221; _builder_version=&#8221;4.27.5&#8243; background_layout=&#8221;dark&#8221; hover_enabled=&#8221;0&#8243; global_colors_info=&#8221;{}&#8221; button_text_size__hover_enabled=&#8221;off&#8221; button_one_text_size__hover_enabled=&#8221;off&#8221; button_two_text_size__hover_enabled=&#8221;off&#8221; button_text_color__hover_enabled=&#8221;off&#8221; button_one_text_color__hover_enabled=&#8221;off&#8221; button_two_text_color__hover_enabled=&#8221;off&#8221; button_border_width__hover_enabled=&#8221;off&#8221; button_one_border_width__hover_enabled=&#8221;off&#8221; button_two_border_width__hover_enabled=&#8221;off&#8221; button_border_color__hover_enabled=&#8221;off&#8221; button_one_border_color__hover_enabled=&#8221;off&#8221; button_two_border_color__hover_enabled=&#8221;off&#8221; button_border_radius__hover_enabled=&#8221;off&#8221; button_one_border_radius__hover_enabled=&#8221;off&#8221; button_two_border_radius__hover_enabled=&#8221;off&#8221; button_letter_spacing__hover_enabled=&#8221;off&#8221; button_one_letter_spacing__hover_enabled=&#8221;off&#8221; button_two_letter_spacing__hover_enabled=&#8221;off&#8221; button_bg_color__hover_enabled=&#8221;off&#8221; button_one_bg_color__hover_enabled=&#8221;off&#8221; button_two_bg_color__hover_enabled=&#8221;off&#8221; sticky_enabled=&#8221;0&#8243;][\/et_pb_button][\/et_pb_column][\/et_pb_row][\/et_pb_section]<\/p>","protected":false},"excerpt":{"rendered":"<p>DECORATIESHippe decoratie voor elke gelegenheid Vivant maakt luxe kerstdecoratie, maar ook etalagemateriaal en feest decoratie zoals paaslint, bruiloft slinger, kwastjes of luxe hangtags en strikjes met clip. Producten die volgens ons extra aandacht verdienen zoals \u00e9tag\u00e8res, limited edition artikelen en prachtige versieringen vallen onder deze groep van Vivant decoraties. Cadeaulabels, moederdag tags, of bruiloft decoratie [&hellip;]<\/p>","protected":false},"author":3,"featured_media":0,"parent":0,"menu_order":1589,"comment_status":"closed","ping_status":"closed","template":"","meta":{"_et_pb_use_builder":"on","_et_pb_old_content":"","_et_gb_content_width":"","footnotes":""},"dipi_cpt_category":[],"class_list":["post-1820","page","type-page","status-publish","hentry"],"yoast_head":"<!-- This site is optimized with the Yoast SEO plugin v26.6 - https:\/\/yoast.com\/wordpress\/plugins\/seo\/ -->\n<title>Decoraties van Vivant zoals slingers, tags, tassels en cadeaulabels<\/title>\n<meta name=\"description\" content=\"Vivant Decorations maakt luxe decoraties zoals kerstversiering, etalagemateriaal, bruiloftslingers, paasversiering, tags, wax zegels en strikken.\" \/>\n<meta name=\"robots\" content=\"index, follow, max-snippet:-1, max-image-preview:large, max-video-preview:-1\" \/>\n<link rel=\"canonical\" href=\"https:\/\/www.vivantdecorations.com\/de\/dekorationen\/\" \/>\n<meta property=\"og:locale\" content=\"de_DE\" \/>\n<meta property=\"og:type\" content=\"article\" \/>\n<meta property=\"og:title\" content=\"Decoraties van Vivant zoals slingers, tags, tassels en cadeaulabels\" \/>\n<meta property=\"og:description\" content=\"Vivant Decorations maakt luxe decoraties zoals kerstversiering, etalagemateriaal, bruiloftslingers, paasversiering, tags, wax zegels en strikken.\" \/>\n<meta property=\"og:url\" content=\"https:\/\/www.vivantdecorations.com\/de\/dekorationen\/\" \/>\n<meta property=\"og:site_name\" content=\"Vivant\" \/>\n<meta property=\"article:modified_time\" content=\"2026-03-26T10:47:33+00:00\" \/>\n<meta name=\"twitter:card\" content=\"summary_large_image\" \/>\n<meta name=\"twitter:label1\" content=\"Gesch\u00e4tzte Lesezeit\" \/>\n\t<meta name=\"twitter:data1\" content=\"3\u00a0Minuten\" \/>\n<script type=\"application\/ld+json\" class=\"yoast-schema-graph\">{\"@context\":\"https:\/\/schema.org\",\"@graph\":[{\"@type\":\"WebPage\",\"@id\":\"https:\/\/www.vivantdecorations.com\/decoraties\/\",\"url\":\"https:\/\/www.vivantdecorations.com\/decoraties\/\",\"name\":\"Decoraties van Vivant zoals slingers, tags, tassels en cadeaulabels\",\"isPartOf\":{\"@id\":\"https:\/\/www.vivantdecorations.com\/#website\"},\"datePublished\":\"2018-02-08T09:16:44+00:00\",\"dateModified\":\"2026-03-26T10:47:33+00:00\",\"description\":\"Vivant Decorations maakt luxe decoraties zoals kerstversiering, etalagemateriaal, bruiloftslingers, paasversiering, tags, wax zegels en strikken.\",\"breadcrumb\":{\"@id\":\"https:\/\/www.vivantdecorations.com\/decoraties\/#breadcrumb\"},\"inLanguage\":\"de\",\"potentialAction\":[{\"@type\":\"ReadAction\",\"target\":[\"https:\/\/www.vivantdecorations.com\/decoraties\/\"]}]},{\"@type\":\"BreadcrumbList\",\"@id\":\"https:\/\/www.vivantdecorations.com\/decoraties\/#breadcrumb\",\"itemListElement\":[{\"@type\":\"ListItem\",\"position\":1,\"name\":\"Home\",\"item\":\"https:\/\/www.vivantdecorations.com\/\"},{\"@type\":\"ListItem\",\"position\":2,\"name\":\"Decoraties\"}]},{\"@type\":\"WebSite\",\"@id\":\"https:\/\/www.vivantdecorations.com\/#website\",\"url\":\"https:\/\/www.vivantdecorations.com\/\",\"name\":\"Vivant\",\"description\":\"Decoration products and luxury packaging\",\"publisher\":{\"@id\":\"https:\/\/www.vivantdecorations.com\/#organization\"},\"potentialAction\":[{\"@type\":\"SearchAction\",\"target\":{\"@type\":\"EntryPoint\",\"urlTemplate\":\"https:\/\/www.vivantdecorations.com\/?s={search_term_string}\"},\"query-input\":{\"@type\":\"PropertyValueSpecification\",\"valueRequired\":true,\"valueName\":\"search_term_string\"}}],\"inLanguage\":\"de\"},{\"@type\":\"Organization\",\"@id\":\"https:\/\/www.vivantdecorations.com\/#organization\",\"name\":\"Vivant\",\"url\":\"https:\/\/www.vivantdecorations.com\/\",\"logo\":{\"@type\":\"ImageObject\",\"inLanguage\":\"de\",\"@id\":\"https:\/\/www.vivantdecorations.com\/#\/schema\/logo\/image\/\",\"url\":\"https:\/\/www.vivantdecorations.com\/wp-content\/uploads\/2017\/10\/vivant-logo-210x60px.png\",\"contentUrl\":\"https:\/\/www.vivantdecorations.com\/wp-content\/uploads\/2017\/10\/vivant-logo-210x60px.png\",\"width\":210,\"height\":60,\"caption\":\"Vivant\"},\"image\":{\"@id\":\"https:\/\/www.vivantdecorations.com\/#\/schema\/logo\/image\/\"}}]}<\/script>\n<!-- \/ Yoast SEO plugin. -->","yoast_head_json":{"title":"Dekorationen von Vivant wie Girlanden, Anh\u00e4nger, Troddeln und Geschenkanh\u00e4nger","description":"Vivant Decorations stellt Luxusdekorationen wie Weihnachtsdekorationen, Schaufensterdekorationen, Hochzeitsgirlanden, Osterdekorationen, Anh\u00e4nger, Wachssiegel und Schleifen her.","robots":{"index":"index","follow":"follow","max-snippet":"max-snippet:-1","max-image-preview":"max-image-preview:large","max-video-preview":"max-video-preview:-1"},"canonical":"https:\/\/www.vivantdecorations.com\/de\/dekorationen\/","og_locale":"de_DE","og_type":"article","og_title":"Decoraties van Vivant zoals slingers, tags, tassels en cadeaulabels","og_description":"Vivant Decorations maakt luxe decoraties zoals kerstversiering, etalagemateriaal, bruiloftslingers, paasversiering, tags, wax zegels en strikken.","og_url":"https:\/\/www.vivantdecorations.com\/de\/dekorationen\/","og_site_name":"Vivant","article_modified_time":"2026-03-26T10:47:33+00:00","twitter_card":"summary_large_image","twitter_misc":{"Gesch\u00e4tzte Lesezeit":"3\u00a0Minuten"},"schema":{"@context":"https:\/\/schema.org","@graph":[{"@type":"WebPage","@id":"https:\/\/www.vivantdecorations.com\/decoraties\/","url":"https:\/\/www.vivantdecorations.com\/decoraties\/","name":"Dekorationen von Vivant wie Girlanden, Anh\u00e4nger, Troddeln und Geschenkanh\u00e4nger","isPartOf":{"@id":"https:\/\/www.vivantdecorations.com\/#website"},"datePublished":"2018-02-08T09:16:44+00:00","dateModified":"2026-03-26T10:47:33+00:00","description":"Vivant Decorations stellt Luxusdekorationen wie Weihnachtsdekorationen, Schaufensterdekorationen, Hochzeitsgirlanden, Osterdekorationen, Anh\u00e4nger, Wachssiegel und Schleifen her.","breadcrumb":{"@id":"https:\/\/www.vivantdecorations.com\/decoraties\/#breadcrumb"},"inLanguage":"de","potentialAction":[{"@type":"ReadAction","target":["https:\/\/www.vivantdecorations.com\/decoraties\/"]}]},{"@type":"BreadcrumbList","@id":"https:\/\/www.vivantdecorations.com\/decoraties\/#breadcrumb","itemListElement":[{"@type":"ListItem","position":1,"name":"Home","item":"https:\/\/www.vivantdecorations.com\/"},{"@type":"ListItem","position":2,"name":"Decoraties"}]},{"@type":"WebSite","@id":"https:\/\/www.vivantdecorations.com\/#website","url":"https:\/\/www.vivantdecorations.com\/","name":"Vivant","description":"Dekorationsartikel und Luxusverpackungen","publisher":{"@id":"https:\/\/www.vivantdecorations.com\/#organization"},"potentialAction":[{"@type":"SearchAction","target":{"@type":"EntryPoint","urlTemplate":"https:\/\/www.vivantdecorations.com\/?s={search_term_string}"},"query-input":{"@type":"PropertyValueSpecification","valueRequired":true,"valueName":"search_term_string"}}],"inLanguage":"de"},{"@type":"Organization","@id":"https:\/\/www.vivantdecorations.com\/#organization","name":"Vivant","url":"https:\/\/www.vivantdecorations.com\/","logo":{"@type":"ImageObject","inLanguage":"de","@id":"https:\/\/www.vivantdecorations.com\/#\/schema\/logo\/image\/","url":"https:\/\/www.vivantdecorations.com\/wp-content\/uploads\/2017\/10\/vivant-logo-210x60px.png","contentUrl":"https:\/\/www.vivantdecorations.com\/wp-content\/uploads\/2017\/10\/vivant-logo-210x60px.png","width":210,"height":60,"caption":"Vivant"},"image":{"@id":"https:\/\/www.vivantdecorations.com\/#\/schema\/logo\/image\/"}}]}},"_links":{"self":[{"href":"https:\/\/www.vivantdecorations.com\/de\/wp-json\/wp\/v2\/pages\/1820","targetHints":{"allow":["GET"]}}],"collection":[{"href":"https:\/\/www.vivantdecorations.com\/de\/wp-json\/wp\/v2\/pages"}],"about":[{"href":"https:\/\/www.vivantdecorations.com\/de\/wp-json\/wp\/v2\/types\/page"}],"author":[{"embeddable":true,"href":"https:\/\/www.vivantdecorations.com\/de\/wp-json\/wp\/v2\/users\/3"}],"replies":[{"embeddable":true,"href":"https:\/\/www.vivantdecorations.com\/de\/wp-json\/wp\/v2\/comments?post=1820"}],"version-history":[{"count":27,"href":"https:\/\/www.vivantdecorations.com\/de\/wp-json\/wp\/v2\/pages\/1820\/revisions"}],"predecessor-version":[{"id":26784,"href":"https:\/\/www.vivantdecorations.com\/de\/wp-json\/wp\/v2\/pages\/1820\/revisions\/26784"}],"wp:attachment":[{"href":"https:\/\/www.vivantdecorations.com\/de\/wp-json\/wp\/v2\/media?parent=1820"}],"wp:term":[{"taxonomy":"dipi_cpt_category","embeddable":true,"href":"https:\/\/www.vivantdecorations.com\/de\/wp-json\/wp\/v2\/dipi_cpt_category?post=1820"}],"curies":[{"name":"wp","href":"https:\/\/api.w.org\/{rel}","templated":true}]}}