{"id":1803,"date":"2018-02-07T16:28:35","date_gmt":"2018-02-07T15:28:35","guid":{"rendered":"https:\/\/www.vivantdecorations.com\/?page_id=1803"},"modified":"2026-03-26T11:43:17","modified_gmt":"2026-03-26T10:43:17","slug":"bag-boxen","status":"publish","type":"page","link":"https:\/\/www.vivantdecorations.com\/de\/bag-boxen\/","title":{"rendered":"Taschen und Schachteln"},"content":{"rendered":"<p>[et_pb_section fb_built=&#8221;1&#8243; _builder_version=&#8221;4.27.5&#8243; background_image=&#8221;https:\/\/www.vivantdecorations.com\/wp-content\/uploads\/2026\/03\/Tasjes-Doosjes-smal-bovenkant-1.jpg&#8221; global_colors_info=&#8221;{}&#8221;][et_pb_row _builder_version=&#8221;4.16&#8243; custom_margin=&#8221;0px|||&#8221; custom_padding=&#8221;0px|||&#8221; global_colors_info=&#8221;{}&#8221;][et_pb_column type=&#8221;4_4&#8243; _builder_version=&#8221;4.16&#8243; custom_padding=&#8221;|||&#8221; global_colors_info=&#8221;{}&#8221; custom_padding__hover=&#8221;|||&#8221;][et_pb_text admin_label=&#8221;Paginatitel&#8221; _builder_version=&#8221;4.27.5&#8243; background_color=&#8221;rgba(0,0,0,0.3)&#8221; text_orientation=&#8221;center&#8221; background_layout=&#8221;dark&#8221; module_alignment=&#8221;center&#8221; custom_padding=&#8221;20px|20px|10px|20px&#8221; hover_enabled=&#8221;0&#8243; global_colors_info=&#8221;{}&#8221; sticky_enabled=&#8221;0&#8243;]<\/p>\n<h1><em>TASCHEN &amp; SCHACHTELN<\/em><\/h1>\n<p>[\/et_pb_text][\/et_pb_column][\/et_pb_row][\/et_pb_section][et_pb_section fb_built=&#8221;1&#8243; _builder_version=&#8221;4.16&#8243; background_blend=&#8221;overlay&#8221; custom_padding=&#8221;||0px|&#8221; global_colors_info=&#8221;{}&#8221;][et_pb_row _builder_version=&#8221;4.16&#8243; global_colors_info=&#8221;{}&#8221;][et_pb_column type=&#8221;4_4&#8243; _builder_version=&#8221;4.16&#8243; custom_padding=&#8221;|||&#8221; global_colors_info=&#8221;{}&#8221; custom_padding__hover=&#8221;|||&#8221;][et_pb_text _builder_version=&#8221;4.16&#8243; global_colors_info=&#8221;{}&#8221;]<strong>Taschen und Boxen f\u00fcr jede Branche<\/strong><br \/>\nVivant stellt Taschen und Schachteln, Papiert\u00fcten und Pralinenschachteln her, aber auch spezielle Weinbeutel oder -schachteln oder Organzabeutel f\u00fcr die Kosmetikindustrie k\u00f6nnen Sie bei uns finden. Ganz gleich, ob Sie einen kleinen Baumwollbeutel, eine Geschenkbox oder einen XL-Aufbewahrungskorb oder Holzkorb suchen, bei Vivant sind Sie an der richtigen Adresse!<\/p>\n<p><strong>Bonbonschachtel, Weinbeutel und Schmuckk\u00e4stchen <\/strong><br \/>\nWir haben uns auf die Herstellung von Schachteln und Beuteln speziell f\u00fcr die Schokoladenindustrie spezialisiert. Dazu geh\u00f6ren Pralinenschachteln und Ballotins mit lebensmittelechter Einlage. F\u00fcr Spirituosengesch\u00e4fte, Geschenkverpackungsgro\u00dfh\u00e4ndler und Kaufh\u00e4user werden Weinbeutel und stabile Geschenkverpackungen aus Karton f\u00fcr Spirituosenflaschen, Oliven\u00f6l oder Flachm\u00e4nner entwickelt. Dar\u00fcber hinaus ist auch die Schmuck- und Kosmetikindustrie eine wichtige Zielgruppe f\u00fcr Vivant. Denken Sie an ein Schmuckk\u00e4stchen, Voile-Beutel f\u00fcr Seife oder eine passende Tragetasche.<\/p>\n<p>Vivant entwirft mehrmals im Jahr neue Designs, die sich an den neuesten Trends orientieren. So k\u00f6nnen Sie sicher sein, dass Sie eine trendige und originelle Tragetasche, Weintasche oder Geschenktasche erhalten.<\/p>\n<p><strong>Originalbeutel oder -karton als Blumenverpackung<\/strong><br \/>\nSpeziell f\u00fcr Floristen und Gartencenter entwickelte Vivant eine Reihe von Geschenkverpackungen f\u00fcr Blumen und Pflanzen. So wurde der Papier-Weichpapierbeutel+ mit Kunststoff im Inneren zu einem echten Trendartikel. Etwas sp\u00e4ter folgte die laminierte W\u00fcrfeltasche als Papierpflanzentasche mit verschiedenen Designs. Drittens f\u00fcgten wir unserer beschichteten Papierlinie die Papiert\u00fcte als originelle Blumenverpackung f\u00fcr kleine Str\u00e4u\u00dfe hinzu.<br \/>\n[\/et_pb_text][\/et_pb_column][\/et_pb_row][\/et_pb_section][et_pb_section fb_built=&#8221;1&#8243; _builder_version=&#8221;4.16&#8243; custom_padding=&#8221;0px|||&#8221; global_colors_info=&#8221;{}&#8221;][et_pb_row _builder_version=&#8221;4.16&#8243; background_size=&#8221;initial&#8221; background_position=&#8221;top_left&#8221; background_repeat=&#8221;repeat&#8221; global_colors_info=&#8221;{}&#8221;][et_pb_column type=&#8221;4_4&#8243; _builder_version=&#8221;4.16&#8243; custom_padding=&#8221;|||&#8221; global_colors_info=&#8221;{}&#8221; custom_padding__hover=&#8221;|||&#8221;][et_pb_text _builder_version=&#8221;4.27.5&#8243; text_orientation=&#8221;center&#8221; module_alignment=&#8221;center&#8221; hover_enabled=&#8221;0&#8243; global_colors_info=&#8221;{}&#8221; sticky_enabled=&#8221;0&#8243;]<\/p>\n<h2>mehr wissen?<\/h2>\n<p>[\/et_pb_text][et_pb_button button_url=&#8221;\/informatie-aanvragen&#8221; button_text=&#8221;neem contact met ons op&#8221; button_alignment=&#8221;center&#8221; _builder_version=&#8221;4.27.5&#8243; background_layout=&#8221;dark&#8221; hover_enabled=&#8221;0&#8243; global_colors_info=&#8221;{}&#8221; button_text_size__hover_enabled=&#8221;off&#8221; button_one_text_size__hover_enabled=&#8221;off&#8221; button_two_text_size__hover_enabled=&#8221;off&#8221; button_text_color__hover_enabled=&#8221;off&#8221; button_one_text_color__hover_enabled=&#8221;off&#8221; button_two_text_color__hover_enabled=&#8221;off&#8221; button_border_width__hover_enabled=&#8221;off&#8221; button_one_border_width__hover_enabled=&#8221;off&#8221; button_two_border_width__hover_enabled=&#8221;off&#8221; button_border_color__hover_enabled=&#8221;off&#8221; button_one_border_color__hover_enabled=&#8221;off&#8221; button_two_border_color__hover_enabled=&#8221;off&#8221; button_border_radius__hover_enabled=&#8221;off&#8221; button_one_border_radius__hover_enabled=&#8221;off&#8221; button_two_border_radius__hover_enabled=&#8221;off&#8221; button_letter_spacing__hover_enabled=&#8221;off&#8221; button_one_letter_spacing__hover_enabled=&#8221;off&#8221; button_two_letter_spacing__hover_enabled=&#8221;off&#8221; button_bg_color__hover_enabled=&#8221;off&#8221; button_one_bg_color__hover_enabled=&#8221;off&#8221; button_two_bg_color__hover_enabled=&#8221;off&#8221; sticky_enabled=&#8221;0&#8243;][\/et_pb_button][\/et_pb_column][\/et_pb_row][\/et_pb_section]<\/p>","protected":false},"excerpt":{"rendered":"<p>TASJES &amp; DOOSJESTasjes en doosjes speciaal voor elke branche Vivant maakt tasjes en doosjes, papieren zakjes en pralinedozen maar bij ons kunt u ook terecht voor een speciale wijntas \u2013 of box of organza zakjes voor de cosmetica branche. Het maakt niet uit of u op zoek bent naar een klein katoenen buideltje, cadeaudoos of [&hellip;]<\/p>","protected":false},"author":3,"featured_media":0,"parent":0,"menu_order":1588,"comment_status":"closed","ping_status":"closed","template":"","meta":{"_et_pb_use_builder":"on","_et_pb_old_content":"","_et_gb_content_width":"","footnotes":""},"dipi_cpt_category":[],"class_list":["post-1803","page","type-page","status-publish","hentry"],"yoast_head":"<!-- This site is optimized with the Yoast SEO plugin v26.6 - https:\/\/yoast.com\/wordpress\/plugins\/seo\/ -->\n<title>Tasjes en doosjes van Vivant, cadeaudozen, draagtassen en wijnzakken<\/title>\n<meta name=\"description\" content=\"Tasjes en doosjes van Vivant een assortiment van plantenzakjes, draagtassen, bonbondozen, sieradenboxen, wijntassen en andere cadeauverpakkingen.\" \/>\n<meta name=\"robots\" content=\"index, follow, max-snippet:-1, max-image-preview:large, max-video-preview:-1\" \/>\n<link rel=\"canonical\" href=\"https:\/\/www.vivantdecorations.com\/de\/bag-boxen\/\" \/>\n<meta property=\"og:locale\" content=\"de_DE\" \/>\n<meta property=\"og:type\" content=\"article\" \/>\n<meta property=\"og:title\" content=\"Tasjes en doosjes van Vivant, cadeaudozen, draagtassen en wijnzakken\" \/>\n<meta property=\"og:description\" content=\"Tasjes en doosjes van Vivant een assortiment van plantenzakjes, draagtassen, bonbondozen, sieradenboxen, wijntassen en andere cadeauverpakkingen.\" \/>\n<meta property=\"og:url\" content=\"https:\/\/www.vivantdecorations.com\/de\/bag-boxen\/\" \/>\n<meta property=\"og:site_name\" content=\"Vivant\" \/>\n<meta property=\"article:modified_time\" content=\"2026-03-26T10:43:17+00:00\" \/>\n<meta name=\"twitter:card\" content=\"summary_large_image\" \/>\n<meta name=\"twitter:label1\" content=\"Gesch\u00e4tzte Lesezeit\" \/>\n\t<meta name=\"twitter:data1\" content=\"3\u00a0Minuten\" \/>\n<script type=\"application\/ld+json\" class=\"yoast-schema-graph\">{\"@context\":\"https:\/\/schema.org\",\"@graph\":[{\"@type\":\"WebPage\",\"@id\":\"https:\/\/www.vivantdecorations.com\/tasjes-doosjes\/\",\"url\":\"https:\/\/www.vivantdecorations.com\/tasjes-doosjes\/\",\"name\":\"Tasjes en doosjes van Vivant, cadeaudozen, draagtassen en wijnzakken\",\"isPartOf\":{\"@id\":\"https:\/\/www.vivantdecorations.com\/#website\"},\"datePublished\":\"2018-02-07T15:28:35+00:00\",\"dateModified\":\"2026-03-26T10:43:17+00:00\",\"description\":\"Tasjes en doosjes van Vivant een assortiment van plantenzakjes, draagtassen, bonbondozen, sieradenboxen, wijntassen en andere cadeauverpakkingen.\",\"breadcrumb\":{\"@id\":\"https:\/\/www.vivantdecorations.com\/tasjes-doosjes\/#breadcrumb\"},\"inLanguage\":\"de\",\"potentialAction\":[{\"@type\":\"ReadAction\",\"target\":[\"https:\/\/www.vivantdecorations.com\/tasjes-doosjes\/\"]}]},{\"@type\":\"BreadcrumbList\",\"@id\":\"https:\/\/www.vivantdecorations.com\/tasjes-doosjes\/#breadcrumb\",\"itemListElement\":[{\"@type\":\"ListItem\",\"position\":1,\"name\":\"Home\",\"item\":\"https:\/\/www.vivantdecorations.com\/\"},{\"@type\":\"ListItem\",\"position\":2,\"name\":\"Tasjes &#038; doosjes\"}]},{\"@type\":\"WebSite\",\"@id\":\"https:\/\/www.vivantdecorations.com\/#website\",\"url\":\"https:\/\/www.vivantdecorations.com\/\",\"name\":\"Vivant\",\"description\":\"Decoration products and luxury packaging\",\"publisher\":{\"@id\":\"https:\/\/www.vivantdecorations.com\/#organization\"},\"potentialAction\":[{\"@type\":\"SearchAction\",\"target\":{\"@type\":\"EntryPoint\",\"urlTemplate\":\"https:\/\/www.vivantdecorations.com\/?s={search_term_string}\"},\"query-input\":{\"@type\":\"PropertyValueSpecification\",\"valueRequired\":true,\"valueName\":\"search_term_string\"}}],\"inLanguage\":\"de\"},{\"@type\":\"Organization\",\"@id\":\"https:\/\/www.vivantdecorations.com\/#organization\",\"name\":\"Vivant\",\"url\":\"https:\/\/www.vivantdecorations.com\/\",\"logo\":{\"@type\":\"ImageObject\",\"inLanguage\":\"de\",\"@id\":\"https:\/\/www.vivantdecorations.com\/#\/schema\/logo\/image\/\",\"url\":\"https:\/\/www.vivantdecorations.com\/wp-content\/uploads\/2017\/10\/vivant-logo-210x60px.png\",\"contentUrl\":\"https:\/\/www.vivantdecorations.com\/wp-content\/uploads\/2017\/10\/vivant-logo-210x60px.png\",\"width\":210,\"height\":60,\"caption\":\"Vivant\"},\"image\":{\"@id\":\"https:\/\/www.vivantdecorations.com\/#\/schema\/logo\/image\/\"}}]}<\/script>\n<!-- \/ Yoast SEO plugin. -->","yoast_head_json":{"title":"Vivant Taschen und Boxen, Geschenkboxen, Tragetaschen und Weinbeutel","description":"Taschen und Schachteln von Vivant - eine Auswahl an Pflanzentaschen, Tragetaschen, Bonbonschachteln, Schmuckschachteln, Weintaschen und anderen Geschenkverpackungen.","robots":{"index":"index","follow":"follow","max-snippet":"max-snippet:-1","max-image-preview":"max-image-preview:large","max-video-preview":"max-video-preview:-1"},"canonical":"https:\/\/www.vivantdecorations.com\/de\/bag-boxen\/","og_locale":"de_DE","og_type":"article","og_title":"Tasjes en doosjes van Vivant, cadeaudozen, draagtassen en wijnzakken","og_description":"Tasjes en doosjes van Vivant een assortiment van plantenzakjes, draagtassen, bonbondozen, sieradenboxen, wijntassen en andere cadeauverpakkingen.","og_url":"https:\/\/www.vivantdecorations.com\/de\/bag-boxen\/","og_site_name":"Vivant","article_modified_time":"2026-03-26T10:43:17+00:00","twitter_card":"summary_large_image","twitter_misc":{"Gesch\u00e4tzte Lesezeit":"3\u00a0Minuten"},"schema":{"@context":"https:\/\/schema.org","@graph":[{"@type":"WebPage","@id":"https:\/\/www.vivantdecorations.com\/tasjes-doosjes\/","url":"https:\/\/www.vivantdecorations.com\/tasjes-doosjes\/","name":"Vivant Taschen und Boxen, Geschenkboxen, Tragetaschen und Weinbeutel","isPartOf":{"@id":"https:\/\/www.vivantdecorations.com\/#website"},"datePublished":"2018-02-07T15:28:35+00:00","dateModified":"2026-03-26T10:43:17+00:00","description":"Taschen und Schachteln von Vivant - eine Auswahl an Pflanzentaschen, Tragetaschen, Bonbonschachteln, Schmuckschachteln, Weintaschen und anderen Geschenkverpackungen.","breadcrumb":{"@id":"https:\/\/www.vivantdecorations.com\/tasjes-doosjes\/#breadcrumb"},"inLanguage":"de","potentialAction":[{"@type":"ReadAction","target":["https:\/\/www.vivantdecorations.com\/tasjes-doosjes\/"]}]},{"@type":"BreadcrumbList","@id":"https:\/\/www.vivantdecorations.com\/tasjes-doosjes\/#breadcrumb","itemListElement":[{"@type":"ListItem","position":1,"name":"Home","item":"https:\/\/www.vivantdecorations.com\/"},{"@type":"ListItem","position":2,"name":"Tasjes &#038; doosjes"}]},{"@type":"WebSite","@id":"https:\/\/www.vivantdecorations.com\/#website","url":"https:\/\/www.vivantdecorations.com\/","name":"Vivant","description":"Dekorationsartikel und Luxusverpackungen","publisher":{"@id":"https:\/\/www.vivantdecorations.com\/#organization"},"potentialAction":[{"@type":"SearchAction","target":{"@type":"EntryPoint","urlTemplate":"https:\/\/www.vivantdecorations.com\/?s={search_term_string}"},"query-input":{"@type":"PropertyValueSpecification","valueRequired":true,"valueName":"search_term_string"}}],"inLanguage":"de"},{"@type":"Organization","@id":"https:\/\/www.vivantdecorations.com\/#organization","name":"Vivant","url":"https:\/\/www.vivantdecorations.com\/","logo":{"@type":"ImageObject","inLanguage":"de","@id":"https:\/\/www.vivantdecorations.com\/#\/schema\/logo\/image\/","url":"https:\/\/www.vivantdecorations.com\/wp-content\/uploads\/2017\/10\/vivant-logo-210x60px.png","contentUrl":"https:\/\/www.vivantdecorations.com\/wp-content\/uploads\/2017\/10\/vivant-logo-210x60px.png","width":210,"height":60,"caption":"Vivant"},"image":{"@id":"https:\/\/www.vivantdecorations.com\/#\/schema\/logo\/image\/"}}]}},"_links":{"self":[{"href":"https:\/\/www.vivantdecorations.com\/de\/wp-json\/wp\/v2\/pages\/1803","targetHints":{"allow":["GET"]}}],"collection":[{"href":"https:\/\/www.vivantdecorations.com\/de\/wp-json\/wp\/v2\/pages"}],"about":[{"href":"https:\/\/www.vivantdecorations.com\/de\/wp-json\/wp\/v2\/types\/page"}],"author":[{"embeddable":true,"href":"https:\/\/www.vivantdecorations.com\/de\/wp-json\/wp\/v2\/users\/3"}],"replies":[{"embeddable":true,"href":"https:\/\/www.vivantdecorations.com\/de\/wp-json\/wp\/v2\/comments?post=1803"}],"version-history":[{"count":27,"href":"https:\/\/www.vivantdecorations.com\/de\/wp-json\/wp\/v2\/pages\/1803\/revisions"}],"predecessor-version":[{"id":26777,"href":"https:\/\/www.vivantdecorations.com\/de\/wp-json\/wp\/v2\/pages\/1803\/revisions\/26777"}],"wp:attachment":[{"href":"https:\/\/www.vivantdecorations.com\/de\/wp-json\/wp\/v2\/media?parent=1803"}],"wp:term":[{"taxonomy":"dipi_cpt_category","embeddable":true,"href":"https:\/\/www.vivantdecorations.com\/de\/wp-json\/wp\/v2\/dipi_cpt_category?post=1803"}],"curies":[{"name":"wp","href":"https:\/\/api.w.org\/{rel}","templated":true}]}}