{"id":1784,"date":"2018-02-07T15:03:52","date_gmt":"2018-02-07T14:03:52","guid":{"rendered":"https:\/\/www.vivantdecorations.com\/?page_id=1784"},"modified":"2026-03-26T11:41:00","modified_gmt":"2026-03-26T10:41:00","slug":"schnure-seil","status":"publish","type":"page","link":"https:\/\/www.vivantdecorations.com\/de\/schnure-seil\/","title":{"rendered":"Schnur &amp; Seil"},"content":{"rendered":"<p>[et_pb_section fb_built=&#8221;1&#8243; _builder_version=&#8221;4.27.5&#8243; background_color_gradient_start=&#8221;rgba(255,255,255,0)&#8221; background_color_gradient_end=&#8221;#ffffff&#8221; background_image=&#8221;https:\/\/www.vivantdecorations.com\/wp-content\/uploads\/2026\/03\/Koorden-smal-boven.jpg&#8221; global_colors_info=&#8221;{}&#8221;][et_pb_row _builder_version=&#8221;4.16&#8243; custom_margin=&#8221;0px|||&#8221; custom_padding=&#8221;0px|||&#8221; global_colors_info=&#8221;{}&#8221;][et_pb_column type=&#8221;4_4&#8243; _builder_version=&#8221;4.16&#8243; custom_padding=&#8221;|||&#8221; global_colors_info=&#8221;{}&#8221; custom_padding__hover=&#8221;|||&#8221;][et_pb_text admin_label=&#8221;Paginatitel&#8221; _builder_version=&#8221;4.27.5&#8243; background_color=&#8221;rgba(0,0,0,0.3)&#8221; text_orientation=&#8221;center&#8221; background_layout=&#8221;dark&#8221; module_alignment=&#8221;center&#8221; custom_padding=&#8221;20px|20px|10px|20px&#8221; hover_enabled=&#8221;0&#8243; global_colors_info=&#8221;{}&#8221; sticky_enabled=&#8221;0&#8243;]<\/p>\n<h1><em>KORDEL &amp; SEIL<\/em><\/h1>\n<p>[\/et_pb_text][\/et_pb_column][\/et_pb_row][\/et_pb_section][et_pb_section fb_built=&#8221;1&#8243; _builder_version=&#8221;4.16&#8243; background_color_gradient_start=&#8221;rgba(255,255,255,0)&#8221; background_color_gradient_end=&#8221;#ffffff&#8221; background_blend=&#8221;overlay&#8221; custom_padding=&#8221;||0px|&#8221; global_colors_info=&#8221;{}&#8221;][et_pb_row _builder_version=&#8221;4.16&#8243; global_colors_info=&#8221;{}&#8221;][et_pb_column type=&#8221;4_4&#8243; _builder_version=&#8221;4.16&#8243; custom_padding=&#8221;|||&#8221; global_colors_info=&#8221;{}&#8221; custom_padding__hover=&#8221;|||&#8221;][et_pb_text _builder_version=&#8221;4.16&#8243; hover_enabled=&#8221;0&#8243; global_colors_info=&#8221;{}&#8221; sticky_enabled=&#8221;0&#8243;]<strong>B\u00e4ckerschnur, Makramee-Seil oder Kordel als Kurzwaren?<\/strong><\/p>\n<p>Vivant liefert eine breite Palette von Schn\u00fcren und Seilen f\u00fcr verschiedene Branchen. Unsere Kordeln eignen sich f\u00fcr verschiedene Anwendungen wie Wickeln, Flechten, Binden und Makramee. Denken Sie zum Beispiel an Kordeln zum Abbinden f\u00fcr Floristen. <a href=\"https:\/\/www.vivantdecorations.com\/de\/artikel\/cotton-twist-cord-2mm\/\">B\u00e4ckerschnur<\/a> f\u00fcr Gark\u00fcchen, geeignet f\u00fcr einen Vintage-Look Ihrer K\u00f6stlichkeiten. Aber auch zum Ausd\u00fcnnen <a href=\"https:\/\/www.vivantdecorations.com\/de\/artikel\/satin-twist-koord\/\">gedrehte Satinkordel<\/a> f\u00fcr luxuri\u00f6se Verpackungen Ihrer Kosmetika oder als Zusatz zu Ihrer Kleidung.<\/p>\n<p><strong>Packschn\u00fcre und Zierseile <\/strong><\/p>\n<p>Mit den Kordeln aus dieser Kollektion k\u00f6nnen Sie jede Verpackung \u00fcberraschend gestalten. Suchen Sie nach einem handgefertigten Look f\u00fcr Ihre Verpackungen? Dann sollten Sie <a href=\"https:\/\/www.vivantdecorations.com\/de\/artikel\/flaxcord\/\">Jute-Kordel<\/a>, Seegrasschnur oder Raffia. F\u00fcr die Dekoration von Geschenken stellen wir auch Perlenschn\u00fcre und Rundschn\u00fcre mit \u00fcberraschenden Motiven her. Dekorative Kordeln in jeder Farbe und aus jedem Material, passend zu Verpackungen und Schaufenstern. Vivant ist der richtige Ort f\u00fcr besondere Kordeln und Seile mit dem von Ihnen gew\u00fcnschten Aussehen!<\/p>\n<p><strong>Funktionsschnur und DIY-Ideen<\/strong><\/p>\n<p>Vivant ist auch der richtige Ort f\u00fcr Kordeln, die Sie als Kurzwaren verwenden k\u00f6nnen. Sie k\u00f6nnen unsere Baumwoll-Wachskordel, gedrehte Satinkordel oder elastische Kordel verwenden, um Uniformen, Schuhe oder andere Kleidungsst\u00fccke zu verzieren. Binden Sie mit <a href=\"https:\/\/www.vivantdecorations.com\/de\/artikel\/flaxcord\/\">Flachsschnur<\/a> oder <a href=\"https:\/\/www.vivantdecorations.com\/de\/artikel\/cotton-cord-6mm-20mm\/\">Baumwollkordel<\/a> Ihren eigenen H\u00e4ngekorb, Traumf\u00e4nger oder eine andere Makramee-Kreation. Erh\u00e4ltlich in jeder Farbe, die zu Ihrer Einrichtung passt! Kreative K\u00f6pfe verwenden unsere Schn\u00fcre und Seile auch zum Flechten von K\u00f6rben (Seegrasschnur), als Vorhangschnur (<a href=\"https:\/\/www.vivantdecorations.com\/de\/artikel\/cotton-twist-cord-6mm-20mm\/\">Baumwollzwirn<\/a>), Schmuckkordel (Satin-Halsbandkordel) oder als originelle Variante des Schr\u00e4gbandes (<a href=\"https:\/\/www.vivantdecorations.com\/de\/artikel\/franny-koord\/\">100% Quastenschnur aus Baumwolle<\/a>). Schauen Sie sich die Kordel-Kollektion unten an, um noch mehr Inspiration zu erhalten!<br \/>\n[\/et_pb_text][\/et_pb_column][\/et_pb_row][\/et_pb_section][et_pb_section fb_built=&#8221;1&#8243; _builder_version=&#8221;4.16&#8243; custom_padding=&#8221;0px|||&#8221; global_colors_info=&#8221;{}&#8221;][et_pb_row _builder_version=&#8221;4.16&#8243; background_size=&#8221;initial&#8221; background_position=&#8221;top_left&#8221; background_repeat=&#8221;repeat&#8221; global_colors_info=&#8221;{}&#8221;][et_pb_column type=&#8221;4_4&#8243; _builder_version=&#8221;4.16&#8243; custom_padding=&#8221;|||&#8221; global_colors_info=&#8221;{}&#8221; custom_padding__hover=&#8221;|||&#8221;][et_pb_text _builder_version=&#8221;4.27.5&#8243; text_orientation=&#8221;center&#8221; module_alignment=&#8221;center&#8221; hover_enabled=&#8221;0&#8243; global_colors_info=&#8221;{}&#8221; sticky_enabled=&#8221;0&#8243;]<\/p>\n<h2>mehr wissen?<\/h2>\n<p>[\/et_pb_text][et_pb_button button_url=&#8221;\/informatie-aanvragen&#8221; button_text=&#8221;neem contact met ons op&#8221; button_alignment=&#8221;center&#8221; _builder_version=&#8221;4.27.5&#8243; background_layout=&#8221;dark&#8221; hover_enabled=&#8221;0&#8243; global_colors_info=&#8221;{}&#8221; button_text_size__hover_enabled=&#8221;off&#8221; button_one_text_size__hover_enabled=&#8221;off&#8221; button_two_text_size__hover_enabled=&#8221;off&#8221; button_text_color__hover_enabled=&#8221;off&#8221; button_one_text_color__hover_enabled=&#8221;off&#8221; button_two_text_color__hover_enabled=&#8221;off&#8221; button_border_width__hover_enabled=&#8221;off&#8221; button_one_border_width__hover_enabled=&#8221;off&#8221; button_two_border_width__hover_enabled=&#8221;off&#8221; button_border_color__hover_enabled=&#8221;off&#8221; button_one_border_color__hover_enabled=&#8221;off&#8221; button_two_border_color__hover_enabled=&#8221;off&#8221; button_border_radius__hover_enabled=&#8221;off&#8221; button_one_border_radius__hover_enabled=&#8221;off&#8221; button_two_border_radius__hover_enabled=&#8221;off&#8221; button_letter_spacing__hover_enabled=&#8221;off&#8221; button_one_letter_spacing__hover_enabled=&#8221;off&#8221; button_two_letter_spacing__hover_enabled=&#8221;off&#8221; button_bg_color__hover_enabled=&#8221;off&#8221; button_one_bg_color__hover_enabled=&#8221;off&#8221; button_two_bg_color__hover_enabled=&#8221;off&#8221; sticky_enabled=&#8221;0&#8243;][\/et_pb_button][\/et_pb_column][\/et_pb_row][\/et_pb_section]<\/p>","protected":false},"excerpt":{"rendered":"<p>KOORD &amp; TOUWBakkerstouw, macram\u00e9 touw of koord als fournituur? Vivant levert een breed assortiment van koorden en touw voor verschillende sectoren. Onze koorden zijn geschikt voor diverse toepassingen zoals verpakken, vlechten, binden en macram\u00e9. Denk bijvoorbeeld aan afbindkoord voor bloemisten. Bakkerstouw voor kookwinkels, geschikt voor een vintage look van uw lekkernijen. Maar ook aan dun [&hellip;]<\/p>","protected":false},"author":3,"featured_media":0,"parent":0,"menu_order":1583,"comment_status":"closed","ping_status":"closed","template":"","meta":{"_et_pb_use_builder":"on","_et_pb_old_content":"","_et_gb_content_width":"","footnotes":""},"dipi_cpt_category":[],"class_list":["post-1784","page","type-page","status-publish","hentry"],"yoast_head":"<!-- This site is optimized with the Yoast SEO plugin v26.6 - https:\/\/yoast.com\/wordpress\/plugins\/seo\/ -->\n<title>Koord en touw van Vivant Decorations voor binden knopen en verpakken<\/title>\n<meta name=\"description\" content=\"Koord en touw van Vivant Decorations voor binden, knopen en verpakken. Denk aan afbindkoord, jute touw, kookkoord, raffia en rond katoen koord.\" \/>\n<meta name=\"robots\" content=\"index, follow, max-snippet:-1, max-image-preview:large, max-video-preview:-1\" \/>\n<link rel=\"canonical\" href=\"https:\/\/www.vivantdecorations.com\/de\/schnure-seil\/\" \/>\n<meta property=\"og:locale\" content=\"de_DE\" \/>\n<meta property=\"og:type\" content=\"article\" \/>\n<meta property=\"og:title\" content=\"Koord en touw van Vivant Decorations voor binden knopen en verpakken\" \/>\n<meta property=\"og:description\" content=\"Koord en touw van Vivant Decorations voor binden, knopen en verpakken. Denk aan afbindkoord, jute touw, kookkoord, raffia en rond katoen koord.\" \/>\n<meta property=\"og:url\" content=\"https:\/\/www.vivantdecorations.com\/de\/schnure-seil\/\" \/>\n<meta property=\"og:site_name\" content=\"Vivant\" \/>\n<meta property=\"article:modified_time\" content=\"2026-03-26T10:41:00+00:00\" \/>\n<meta name=\"twitter:card\" content=\"summary_large_image\" \/>\n<meta name=\"twitter:label1\" content=\"Gesch\u00e4tzte Lesezeit\" \/>\n\t<meta name=\"twitter:data1\" content=\"3\u00a0Minuten\" \/>\n<script type=\"application\/ld+json\" class=\"yoast-schema-graph\">{\"@context\":\"https:\/\/schema.org\",\"@graph\":[{\"@type\":\"WebPage\",\"@id\":\"https:\/\/www.vivantdecorations.com\/koorden-touw\/\",\"url\":\"https:\/\/www.vivantdecorations.com\/koorden-touw\/\",\"name\":\"Koord en touw van Vivant Decorations voor binden knopen en verpakken\",\"isPartOf\":{\"@id\":\"https:\/\/www.vivantdecorations.com\/#website\"},\"datePublished\":\"2018-02-07T14:03:52+00:00\",\"dateModified\":\"2026-03-26T10:41:00+00:00\",\"description\":\"Koord en touw van Vivant Decorations voor binden, knopen en verpakken. Denk aan afbindkoord, jute touw, kookkoord, raffia en rond katoen koord.\",\"breadcrumb\":{\"@id\":\"https:\/\/www.vivantdecorations.com\/koorden-touw\/#breadcrumb\"},\"inLanguage\":\"de\",\"potentialAction\":[{\"@type\":\"ReadAction\",\"target\":[\"https:\/\/www.vivantdecorations.com\/koorden-touw\/\"]}]},{\"@type\":\"BreadcrumbList\",\"@id\":\"https:\/\/www.vivantdecorations.com\/koorden-touw\/#breadcrumb\",\"itemListElement\":[{\"@type\":\"ListItem\",\"position\":1,\"name\":\"Home\",\"item\":\"https:\/\/www.vivantdecorations.com\/\"},{\"@type\":\"ListItem\",\"position\":2,\"name\":\"Koord &#038; Touw\"}]},{\"@type\":\"WebSite\",\"@id\":\"https:\/\/www.vivantdecorations.com\/#website\",\"url\":\"https:\/\/www.vivantdecorations.com\/\",\"name\":\"Vivant\",\"description\":\"Decoration products and luxury packaging\",\"publisher\":{\"@id\":\"https:\/\/www.vivantdecorations.com\/#organization\"},\"potentialAction\":[{\"@type\":\"SearchAction\",\"target\":{\"@type\":\"EntryPoint\",\"urlTemplate\":\"https:\/\/www.vivantdecorations.com\/?s={search_term_string}\"},\"query-input\":{\"@type\":\"PropertyValueSpecification\",\"valueRequired\":true,\"valueName\":\"search_term_string\"}}],\"inLanguage\":\"de\"},{\"@type\":\"Organization\",\"@id\":\"https:\/\/www.vivantdecorations.com\/#organization\",\"name\":\"Vivant\",\"url\":\"https:\/\/www.vivantdecorations.com\/\",\"logo\":{\"@type\":\"ImageObject\",\"inLanguage\":\"de\",\"@id\":\"https:\/\/www.vivantdecorations.com\/#\/schema\/logo\/image\/\",\"url\":\"https:\/\/www.vivantdecorations.com\/wp-content\/uploads\/2017\/10\/vivant-logo-210x60px.png\",\"contentUrl\":\"https:\/\/www.vivantdecorations.com\/wp-content\/uploads\/2017\/10\/vivant-logo-210x60px.png\",\"width\":210,\"height\":60,\"caption\":\"Vivant\"},\"image\":{\"@id\":\"https:\/\/www.vivantdecorations.com\/#\/schema\/logo\/image\/\"}}]}<\/script>\n<!-- \/ Yoast SEO plugin. -->","yoast_head_json":{"title":"Kordel und Seil von Vivant Decorations zum Binden von Knoten und Wickeln","description":"Kordeln und Seile von Vivant Decorations zum Binden, Kn\u00fcpfen und Wickeln. Denken Sie an Bindekordel, Jutekordel, Kochkordel, Bast und runde Baumwollkordel.","robots":{"index":"index","follow":"follow","max-snippet":"max-snippet:-1","max-image-preview":"max-image-preview:large","max-video-preview":"max-video-preview:-1"},"canonical":"https:\/\/www.vivantdecorations.com\/de\/schnure-seil\/","og_locale":"de_DE","og_type":"article","og_title":"Koord en touw van Vivant Decorations voor binden knopen en verpakken","og_description":"Koord en touw van Vivant Decorations voor binden, knopen en verpakken. Denk aan afbindkoord, jute touw, kookkoord, raffia en rond katoen koord.","og_url":"https:\/\/www.vivantdecorations.com\/de\/schnure-seil\/","og_site_name":"Vivant","article_modified_time":"2026-03-26T10:41:00+00:00","twitter_card":"summary_large_image","twitter_misc":{"Gesch\u00e4tzte Lesezeit":"3\u00a0Minuten"},"schema":{"@context":"https:\/\/schema.org","@graph":[{"@type":"WebPage","@id":"https:\/\/www.vivantdecorations.com\/koorden-touw\/","url":"https:\/\/www.vivantdecorations.com\/koorden-touw\/","name":"Kordel und Seil von Vivant Decorations zum Binden von Knoten und Wickeln","isPartOf":{"@id":"https:\/\/www.vivantdecorations.com\/#website"},"datePublished":"2018-02-07T14:03:52+00:00","dateModified":"2026-03-26T10:41:00+00:00","description":"Kordeln und Seile von Vivant Decorations zum Binden, Kn\u00fcpfen und Wickeln. Denken Sie an Bindekordel, Jutekordel, Kochkordel, Bast und runde Baumwollkordel.","breadcrumb":{"@id":"https:\/\/www.vivantdecorations.com\/koorden-touw\/#breadcrumb"},"inLanguage":"de","potentialAction":[{"@type":"ReadAction","target":["https:\/\/www.vivantdecorations.com\/koorden-touw\/"]}]},{"@type":"BreadcrumbList","@id":"https:\/\/www.vivantdecorations.com\/koorden-touw\/#breadcrumb","itemListElement":[{"@type":"ListItem","position":1,"name":"Home","item":"https:\/\/www.vivantdecorations.com\/"},{"@type":"ListItem","position":2,"name":"Koord &#038; Touw"}]},{"@type":"WebSite","@id":"https:\/\/www.vivantdecorations.com\/#website","url":"https:\/\/www.vivantdecorations.com\/","name":"Vivant","description":"Dekorationsartikel und Luxusverpackungen","publisher":{"@id":"https:\/\/www.vivantdecorations.com\/#organization"},"potentialAction":[{"@type":"SearchAction","target":{"@type":"EntryPoint","urlTemplate":"https:\/\/www.vivantdecorations.com\/?s={search_term_string}"},"query-input":{"@type":"PropertyValueSpecification","valueRequired":true,"valueName":"search_term_string"}}],"inLanguage":"de"},{"@type":"Organization","@id":"https:\/\/www.vivantdecorations.com\/#organization","name":"Vivant","url":"https:\/\/www.vivantdecorations.com\/","logo":{"@type":"ImageObject","inLanguage":"de","@id":"https:\/\/www.vivantdecorations.com\/#\/schema\/logo\/image\/","url":"https:\/\/www.vivantdecorations.com\/wp-content\/uploads\/2017\/10\/vivant-logo-210x60px.png","contentUrl":"https:\/\/www.vivantdecorations.com\/wp-content\/uploads\/2017\/10\/vivant-logo-210x60px.png","width":210,"height":60,"caption":"Vivant"},"image":{"@id":"https:\/\/www.vivantdecorations.com\/#\/schema\/logo\/image\/"}}]}},"_links":{"self":[{"href":"https:\/\/www.vivantdecorations.com\/de\/wp-json\/wp\/v2\/pages\/1784","targetHints":{"allow":["GET"]}}],"collection":[{"href":"https:\/\/www.vivantdecorations.com\/de\/wp-json\/wp\/v2\/pages"}],"about":[{"href":"https:\/\/www.vivantdecorations.com\/de\/wp-json\/wp\/v2\/types\/page"}],"author":[{"embeddable":true,"href":"https:\/\/www.vivantdecorations.com\/de\/wp-json\/wp\/v2\/users\/3"}],"replies":[{"embeddable":true,"href":"https:\/\/www.vivantdecorations.com\/de\/wp-json\/wp\/v2\/comments?post=1784"}],"version-history":[{"count":36,"href":"https:\/\/www.vivantdecorations.com\/de\/wp-json\/wp\/v2\/pages\/1784\/revisions"}],"predecessor-version":[{"id":26775,"href":"https:\/\/www.vivantdecorations.com\/de\/wp-json\/wp\/v2\/pages\/1784\/revisions\/26775"}],"wp:attachment":[{"href":"https:\/\/www.vivantdecorations.com\/de\/wp-json\/wp\/v2\/media?parent=1784"}],"wp:term":[{"taxonomy":"dipi_cpt_category","embeddable":true,"href":"https:\/\/www.vivantdecorations.com\/de\/wp-json\/wp\/v2\/dipi_cpt_category?post=1784"}],"curies":[{"name":"wp","href":"https:\/\/api.w.org\/{rel}","templated":true}]}}