{"id":17718,"date":"2024-06-17T11:18:43","date_gmt":"2024-06-17T09:18:43","guid":{"rendered":"https:\/\/www.vivantdecorations.com\/?page_id=17718"},"modified":"2026-03-26T11:44:34","modified_gmt":"2026-03-26T10:44:34","slug":"papier","status":"publish","type":"page","link":"https:\/\/www.vivantdecorations.com\/de\/papier\/","title":{"rendered":"Papier"},"content":{"rendered":"<p>[et_pb_section fb_built=&#8221;1&#8243; _builder_version=&#8221;4.27.5&#8243; background_color_gradient_start=&#8221;rgba(255,255,255,0)&#8221; background_color_gradient_end=&#8221;#ffffff&#8221; background_image=&#8221;https:\/\/www.vivantdecorations.com\/wp-content\/uploads\/2026\/03\/Breed-Header-bovenkant-voorstel-1.jpg&#8221; global_colors_info=&#8221;{}&#8221;][et_pb_row _builder_version=&#8221;4.16&#8243; custom_margin=&#8221;0px|||&#8221; custom_padding=&#8221;0px|||&#8221; global_colors_info=&#8221;{}&#8221;][et_pb_column type=&#8221;4_4&#8243; _builder_version=&#8221;4.16&#8243; custom_padding=&#8221;|||&#8221; global_colors_info=&#8221;{}&#8221; custom_padding__hover=&#8221;|||&#8221;][et_pb_text admin_label=&#8221;Paginatitel&#8221; _builder_version=&#8221;4.27.5&#8243; background_color=&#8221;rgba(0,0,0,0.3)&#8221; text_orientation=&#8221;center&#8221; background_layout=&#8221;dark&#8221; module_alignment=&#8221;center&#8221; custom_padding=&#8221;20px|20px|10px|20px&#8221; hover_enabled=&#8221;0&#8243; global_colors_info=&#8221;{}&#8221; sticky_enabled=&#8221;0&#8243;]<\/p>\n<h1><em>PAPIER<\/em><\/h1>\n<p>[\/et_pb_text][\/et_pb_column][\/et_pb_row][\/et_pb_section][et_pb_section fb_built=&#8221;1&#8243; _builder_version=&#8221;4.16&#8243; global_colors_info=&#8221;{}&#8221;][et_pb_row _builder_version=&#8221;4.16&#8243; background_size=&#8221;initial&#8221; background_position=&#8221;top_left&#8221; background_repeat=&#8221;repeat&#8221; global_colors_info=&#8221;{}&#8221;][et_pb_column type=&#8221;4_4&#8243; _builder_version=&#8221;4.16&#8243; custom_padding=&#8221;|||&#8221; global_colors_info=&#8221;{}&#8221; custom_padding__hover=&#8221;|||&#8221;][et_pb_text _builder_version=&#8221;4.16&#8243; global_colors_info=&#8221;{}&#8221;]<strong>Geschenkpapier an\u00a0<\/strong><strong>Ihre sch\u00f6nsten Geschenke verpacken!<\/strong><\/p>\n<p>Vivant liefert seit jeher luxuri\u00f6se Verpackungsmaterialien wie Seidenpapier, handgesch\u00f6pftes Geschenkpapier und andere Papierdekorationsartikel wie Girlanden, Tischl\u00e4ufer und Geschenkanh\u00e4nger. Seit einem Jahrzehnt stellt Vivant Decorations auch stilvolles Geschenkpapier auf Rollen her. In den meisten F\u00e4llen sind sowohl Verbrauchsrollen als auch Gro\u00dfverbrauchsrollen f\u00fcr den Gro\u00dfhandel, Kaufh\u00e4user und Einzelhandelsketten erh\u00e4ltlich.<\/p>\n<p>Ein Geschenk zu erhalten oder zu \u00fcberreichen macht noch mehr Spa\u00df, wenn es in einer eleganten und originellen Geschenkverpackung verpackt ist! Mit zwei Kollektionen pro Jahr kreiert Vivant immer wieder neue Designs entsprechend den neuesten Modetrends, so dass Sie sicher sein k\u00f6nnen, dass Sie einzigartiges und trendiges Geschenkpapier erhalten.<\/p>\n<p><strong>Naturpapier wie B\u00fctten- und Seidenpapier<\/strong><\/p>\n<p>Neben der Verwendung als Geschenkpapier kann unser hochwertiges Naturpapier auch f\u00fcr viele andere Anwendungen genutzt werden. Zum Beispiel als Einlage oder Umschlag f\u00fcr luxuri\u00f6se Kleider- und Geschenkschachteln, als Bastelmaterial f\u00fcr Scrapbooking oder zur Dekoration von Gestecken, Windlichtern oder zum Abdecken von Wohnaccessoires. Unser wasserfestes beschichtetes Seidenpapier wurde speziell f\u00fcr das Einwickeln von Blumenstr\u00e4u\u00dfen entwickelt. Tischsets aus dem sch\u00f6nen Seidenpapier sind f\u00fcr das Gastst\u00e4ttengewerbe oder den Gro\u00dfhandel erh\u00e4ltlich. Einige Artikel der Vivant-Papierkollektion werden sogar zu Dekopapierb\u00e4ndern auf Rollen verarbeitet, wie unser Seidenpapier und unser Bananenpapier.<br \/>\n[\/et_pb_text][\/et_pb_column][\/et_pb_row][et_pb_row column_structure=&#8221;1_2,1_2&#8243; use_custom_gutter=&#8221;on&#8221; gutter_width=&#8221;2&#8243; module_class=&#8221;dmm_fp_producten&#8221; _builder_version=&#8221;4.16&#8243; global_colors_info=&#8221;{}&#8221;][et_pb_column type=&#8221;1_2&#8243; _builder_version=&#8221;4.16&#8243; background_position=&#8221;top_left&#8221; custom_padding=&#8221;|||&#8221; global_colors_info=&#8221;{}&#8221; custom_padding__hover=&#8221;|||&#8221;][et_pb_image src=&#8221;https:\/\/www.vivantdecorations.com\/wp-content\/uploads\/2026\/03\/Papier-vierkant-2.jpg&#8221; alt=&#8221;Linten&#8221; title_text=&#8221;Papier vierkant 2&#8243; url=&#8221;https:\/\/www.vivantdecorations.com\/cadeaupapier&#8221; use_overlay=&#8221;on&#8221; hover_icon=&#8221;&#xe050;||divi||400&#8243; show_bottom_space=&#8221;off&#8221; force_fullwidth=&#8221;on&#8221; align_tablet=&#8221;center&#8221; align_phone=&#8221;center&#8221; align_last_edited=&#8221;on|desktop&#8221; module_class=&#8221;dmm_fp_blockimage&#8221; _builder_version=&#8221;4.27.5&#8243; global_colors_info=&#8221;{}&#8221;][\/et_pb_image][et_pb_blurb title=&#8221;cadeaupapier&#8221; url=&#8221;https:\/\/www.vivantdecorations.com\/cadeaupapier&#8221; _builder_version=&#8221;4.27.5&#8243; text_orientation=&#8221;center&#8221; max_width_tablet=&#8221;50px&#8221; global_colors_info=&#8221;{}&#8221;]<\/p>\n<p>Luxuri\u00f6ses Geschenkpapier auf Rollen f\u00fcr den Endverbraucher oder in gro\u00dfen Mengen f\u00fcr den Gro\u00df- und Einzelhandel mit Designs, die den neuesten Trends entsprechen.<\/p>\n<p>[\/et_pb_blurb][\/et_pb_column][et_pb_column type=&#8221;1_2&#8243; _builder_version=&#8221;4.16&#8243; background_position=&#8221;top_left&#8221; custom_padding=&#8221;|||&#8221; global_colors_info=&#8221;{}&#8221; custom_padding__hover=&#8221;|||&#8221;][et_pb_image src=&#8221;https:\/\/www.vivantdecorations.com\/wp-content\/uploads\/2026\/03\/Papier.jpg&#8221; alt=&#8221;Linten&#8221; title_text=&#8221;Papier&#8221; url=&#8221;\/vivant-natuurpapier&#8221; use_overlay=&#8221;on&#8221; hover_icon=&#8221;&#xe050;||divi||400&#8243; show_bottom_space=&#8221;off&#8221; force_fullwidth=&#8221;on&#8221; align_tablet=&#8221;center&#8221; align_phone=&#8221;center&#8221; align_last_edited=&#8221;on|desktop&#8221; module_class=&#8221;dmm_fp_blockimage&#8221; _builder_version=&#8221;4.27.5&#8243; animation=&#8221;off&#8221; sticky=&#8221;on&#8221; global_colors_info=&#8221;{}&#8221;][\/et_pb_image][et_pb_blurb title=&#8221;vivant natuurpapier&#8221; url=&#8221;\/vivant-natuurpapier&#8221; _builder_version=&#8221;4.27.5&#8243; text_orientation=&#8221;center&#8221; max_width_tablet=&#8221;50px&#8221; hover_enabled=&#8221;0&#8243; global_colors_info=&#8221;{}&#8221; sticky_enabled=&#8221;0&#8243;]<\/p>\n<p>Vivant liefert traditionell luxuri\u00f6se Verpackungsmaterialien und Spezialpapiere wie Seidenpapier und handgesch\u00f6pftes Papier in B\u00f6gen.<\/p>\n<p>[\/et_pb_blurb][\/et_pb_column][\/et_pb_row][\/et_pb_section][et_pb_section fb_built=&#8221;1&#8243; _builder_version=&#8221;4.16&#8243; custom_padding=&#8221;0px|||&#8221; global_colors_info=&#8221;{}&#8221;][et_pb_row _builder_version=&#8221;4.16&#8243; background_size=&#8221;initial&#8221; background_position=&#8221;top_left&#8221; background_repeat=&#8221;repeat&#8221; global_colors_info=&#8221;{}&#8221;][et_pb_column type=&#8221;4_4&#8243; _builder_version=&#8221;4.16&#8243; custom_padding=&#8221;|||&#8221; global_colors_info=&#8221;{}&#8221; custom_padding__hover=&#8221;|||&#8221;][et_pb_text _builder_version=&#8221;4.27.5&#8243; text_orientation=&#8221;center&#8221; module_alignment=&#8221;center&#8221; hover_enabled=&#8221;0&#8243; global_colors_info=&#8221;{}&#8221; sticky_enabled=&#8221;0&#8243;]<\/p>\n<h2>meer weten over ons papier?<\/h2>\n<p>[\/et_pb_text][et_pb_button button_url=&#8221;\/informatie-aanvragen&#8221; button_text=&#8221;neem contact met ons op&#8221; button_alignment=&#8221;center&#8221; _builder_version=&#8221;4.27.5&#8243; background_layout=&#8221;dark&#8221; hover_enabled=&#8221;0&#8243; global_colors_info=&#8221;{}&#8221; button_text_size__hover_enabled=&#8221;off&#8221; button_one_text_size__hover_enabled=&#8221;off&#8221; button_two_text_size__hover_enabled=&#8221;off&#8221; button_text_color__hover_enabled=&#8221;off&#8221; button_one_text_color__hover_enabled=&#8221;off&#8221; button_two_text_color__hover_enabled=&#8221;off&#8221; button_border_width__hover_enabled=&#8221;off&#8221; button_one_border_width__hover_enabled=&#8221;off&#8221; button_two_border_width__hover_enabled=&#8221;off&#8221; button_border_color__hover_enabled=&#8221;off&#8221; button_one_border_color__hover_enabled=&#8221;off&#8221; button_two_border_color__hover_enabled=&#8221;off&#8221; button_border_radius__hover_enabled=&#8221;off&#8221; button_one_border_radius__hover_enabled=&#8221;off&#8221; button_two_border_radius__hover_enabled=&#8221;off&#8221; button_letter_spacing__hover_enabled=&#8221;off&#8221; button_one_letter_spacing__hover_enabled=&#8221;off&#8221; button_two_letter_spacing__hover_enabled=&#8221;off&#8221; button_bg_color__hover_enabled=&#8221;off&#8221; button_one_bg_color__hover_enabled=&#8221;off&#8221; button_two_bg_color__hover_enabled=&#8221;off&#8221; sticky_enabled=&#8221;0&#8243;][\/et_pb_button][\/et_pb_column][\/et_pb_row][\/et_pb_section]<\/p>","protected":false},"excerpt":{"rendered":"<p>PAPIERCadeaupapier om\u00a0uw mooiste geschenken te verpakken! Van oudsher levert Vivant luxe verpakkingsmateriaal zoals zijdepapier, handgemaakt inpakpapier en andere papieren decoratieartikelen zoals slingers, tafellopers en cadeaulabels. Sinds een tiental jaren maakt Vivant Decorations ook stijlvol cadeaupapier op rol. Er zijn in de meeste gevallen zowel consumentenrollen als groot verbruik rollen verkrijgbaar voor groothandel, warenhuizen en retail [&hellip;]<\/p>","protected":false},"author":3,"featured_media":0,"parent":0,"menu_order":1599,"comment_status":"closed","ping_status":"closed","template":"","meta":{"_et_pb_use_builder":"on","_et_pb_old_content":"","_et_gb_content_width":"","footnotes":""},"dipi_cpt_category":[],"class_list":["post-17718","page","type-page","status-publish","hentry"],"yoast_head":"<!-- This site is optimized with the Yoast SEO plugin v26.6 - https:\/\/yoast.com\/wordpress\/plugins\/seo\/ -->\n<title>Papier - Cadeaupapier en handgeschept papier<\/title>\n<meta name=\"description\" content=\"Versieren en verpakken met het mooiste cadeaupapier en ecologisch papier uit de Papiercollectie van Vivant.\" \/>\n<meta name=\"robots\" content=\"index, follow, max-snippet:-1, max-image-preview:large, max-video-preview:-1\" \/>\n<link rel=\"canonical\" href=\"https:\/\/www.vivantdecorations.com\/de\/papier\/\" \/>\n<meta property=\"og:locale\" content=\"de_DE\" \/>\n<meta property=\"og:type\" content=\"article\" \/>\n<meta property=\"og:title\" content=\"Papier - Cadeaupapier en handgeschept papier\" \/>\n<meta property=\"og:description\" content=\"Versieren en verpakken met het mooiste cadeaupapier en ecologisch papier uit de Papiercollectie van Vivant.\" \/>\n<meta property=\"og:url\" content=\"https:\/\/www.vivantdecorations.com\/de\/papier\/\" \/>\n<meta property=\"og:site_name\" content=\"Vivant\" \/>\n<meta property=\"article:modified_time\" content=\"2026-03-26T10:44:34+00:00\" \/>\n<meta name=\"twitter:card\" content=\"summary_large_image\" \/>\n<meta name=\"twitter:label1\" content=\"Gesch\u00e4tzte Lesezeit\" \/>\n\t<meta name=\"twitter:data1\" content=\"4\u00a0Minuten\" \/>\n<script type=\"application\/ld+json\" class=\"yoast-schema-graph\">{\"@context\":\"https:\/\/schema.org\",\"@graph\":[{\"@type\":\"WebPage\",\"@id\":\"https:\/\/www.vivantdecorations.com\/papier\/\",\"url\":\"https:\/\/www.vivantdecorations.com\/papier\/\",\"name\":\"Papier - Cadeaupapier en handgeschept papier\",\"isPartOf\":{\"@id\":\"https:\/\/www.vivantdecorations.com\/#website\"},\"datePublished\":\"2024-06-17T09:18:43+00:00\",\"dateModified\":\"2026-03-26T10:44:34+00:00\",\"description\":\"Versieren en verpakken met het mooiste cadeaupapier en ecologisch papier uit de Papiercollectie van Vivant.\",\"breadcrumb\":{\"@id\":\"https:\/\/www.vivantdecorations.com\/papier\/#breadcrumb\"},\"inLanguage\":\"de\",\"potentialAction\":[{\"@type\":\"ReadAction\",\"target\":[\"https:\/\/www.vivantdecorations.com\/papier\/\"]}]},{\"@type\":\"BreadcrumbList\",\"@id\":\"https:\/\/www.vivantdecorations.com\/papier\/#breadcrumb\",\"itemListElement\":[{\"@type\":\"ListItem\",\"position\":1,\"name\":\"Home\",\"item\":\"https:\/\/www.vivantdecorations.com\/\"},{\"@type\":\"ListItem\",\"position\":2,\"name\":\"Papier\"}]},{\"@type\":\"WebSite\",\"@id\":\"https:\/\/www.vivantdecorations.com\/#website\",\"url\":\"https:\/\/www.vivantdecorations.com\/\",\"name\":\"Vivant\",\"description\":\"Decoration products and luxury packaging\",\"publisher\":{\"@id\":\"https:\/\/www.vivantdecorations.com\/#organization\"},\"potentialAction\":[{\"@type\":\"SearchAction\",\"target\":{\"@type\":\"EntryPoint\",\"urlTemplate\":\"https:\/\/www.vivantdecorations.com\/?s={search_term_string}\"},\"query-input\":{\"@type\":\"PropertyValueSpecification\",\"valueRequired\":true,\"valueName\":\"search_term_string\"}}],\"inLanguage\":\"de\"},{\"@type\":\"Organization\",\"@id\":\"https:\/\/www.vivantdecorations.com\/#organization\",\"name\":\"Vivant\",\"url\":\"https:\/\/www.vivantdecorations.com\/\",\"logo\":{\"@type\":\"ImageObject\",\"inLanguage\":\"de\",\"@id\":\"https:\/\/www.vivantdecorations.com\/#\/schema\/logo\/image\/\",\"url\":\"https:\/\/www.vivantdecorations.com\/wp-content\/uploads\/2017\/10\/vivant-logo-210x60px.png\",\"contentUrl\":\"https:\/\/www.vivantdecorations.com\/wp-content\/uploads\/2017\/10\/vivant-logo-210x60px.png\",\"width\":210,\"height\":60,\"caption\":\"Vivant\"},\"image\":{\"@id\":\"https:\/\/www.vivantdecorations.com\/#\/schema\/logo\/image\/\"}}]}<\/script>\n<!-- \/ Yoast SEO plugin. -->","yoast_head_json":{"title":"Papier - Geschenkpapier und handgesch\u00f6pftes Papier","description":"Dekorieren und verpacken Sie mit feinstem Geschenkpapier und \u00f6kologischem Papier aus der Vivant Paper Collection.","robots":{"index":"index","follow":"follow","max-snippet":"max-snippet:-1","max-image-preview":"max-image-preview:large","max-video-preview":"max-video-preview:-1"},"canonical":"https:\/\/www.vivantdecorations.com\/de\/papier\/","og_locale":"de_DE","og_type":"article","og_title":"Papier - Cadeaupapier en handgeschept papier","og_description":"Versieren en verpakken met het mooiste cadeaupapier en ecologisch papier uit de Papiercollectie van Vivant.","og_url":"https:\/\/www.vivantdecorations.com\/de\/papier\/","og_site_name":"Vivant","article_modified_time":"2026-03-26T10:44:34+00:00","twitter_card":"summary_large_image","twitter_misc":{"Gesch\u00e4tzte Lesezeit":"4\u00a0Minuten"},"schema":{"@context":"https:\/\/schema.org","@graph":[{"@type":"WebPage","@id":"https:\/\/www.vivantdecorations.com\/papier\/","url":"https:\/\/www.vivantdecorations.com\/papier\/","name":"Papier - Geschenkpapier und handgesch\u00f6pftes Papier","isPartOf":{"@id":"https:\/\/www.vivantdecorations.com\/#website"},"datePublished":"2024-06-17T09:18:43+00:00","dateModified":"2026-03-26T10:44:34+00:00","description":"Dekorieren und verpacken Sie mit feinstem Geschenkpapier und \u00f6kologischem Papier aus der Vivant Paper Collection.","breadcrumb":{"@id":"https:\/\/www.vivantdecorations.com\/papier\/#breadcrumb"},"inLanguage":"de","potentialAction":[{"@type":"ReadAction","target":["https:\/\/www.vivantdecorations.com\/papier\/"]}]},{"@type":"BreadcrumbList","@id":"https:\/\/www.vivantdecorations.com\/papier\/#breadcrumb","itemListElement":[{"@type":"ListItem","position":1,"name":"Home","item":"https:\/\/www.vivantdecorations.com\/"},{"@type":"ListItem","position":2,"name":"Papier"}]},{"@type":"WebSite","@id":"https:\/\/www.vivantdecorations.com\/#website","url":"https:\/\/www.vivantdecorations.com\/","name":"Vivant","description":"Dekorationsartikel und Luxusverpackungen","publisher":{"@id":"https:\/\/www.vivantdecorations.com\/#organization"},"potentialAction":[{"@type":"SearchAction","target":{"@type":"EntryPoint","urlTemplate":"https:\/\/www.vivantdecorations.com\/?s={search_term_string}"},"query-input":{"@type":"PropertyValueSpecification","valueRequired":true,"valueName":"search_term_string"}}],"inLanguage":"de"},{"@type":"Organization","@id":"https:\/\/www.vivantdecorations.com\/#organization","name":"Vivant","url":"https:\/\/www.vivantdecorations.com\/","logo":{"@type":"ImageObject","inLanguage":"de","@id":"https:\/\/www.vivantdecorations.com\/#\/schema\/logo\/image\/","url":"https:\/\/www.vivantdecorations.com\/wp-content\/uploads\/2017\/10\/vivant-logo-210x60px.png","contentUrl":"https:\/\/www.vivantdecorations.com\/wp-content\/uploads\/2017\/10\/vivant-logo-210x60px.png","width":210,"height":60,"caption":"Vivant"},"image":{"@id":"https:\/\/www.vivantdecorations.com\/#\/schema\/logo\/image\/"}}]}},"_links":{"self":[{"href":"https:\/\/www.vivantdecorations.com\/de\/wp-json\/wp\/v2\/pages\/17718","targetHints":{"allow":["GET"]}}],"collection":[{"href":"https:\/\/www.vivantdecorations.com\/de\/wp-json\/wp\/v2\/pages"}],"about":[{"href":"https:\/\/www.vivantdecorations.com\/de\/wp-json\/wp\/v2\/types\/page"}],"author":[{"embeddable":true,"href":"https:\/\/www.vivantdecorations.com\/de\/wp-json\/wp\/v2\/users\/3"}],"replies":[{"embeddable":true,"href":"https:\/\/www.vivantdecorations.com\/de\/wp-json\/wp\/v2\/comments?post=17718"}],"version-history":[{"count":4,"href":"https:\/\/www.vivantdecorations.com\/de\/wp-json\/wp\/v2\/pages\/17718\/revisions"}],"predecessor-version":[{"id":26779,"href":"https:\/\/www.vivantdecorations.com\/de\/wp-json\/wp\/v2\/pages\/17718\/revisions\/26779"}],"wp:attachment":[{"href":"https:\/\/www.vivantdecorations.com\/de\/wp-json\/wp\/v2\/media?parent=17718"}],"wp:term":[{"taxonomy":"dipi_cpt_category","embeddable":true,"href":"https:\/\/www.vivantdecorations.com\/de\/wp-json\/wp\/v2\/dipi_cpt_category?post=17718"}],"curies":[{"name":"wp","href":"https:\/\/api.w.org\/{rel}","templated":true}]}}