{"id":17713,"date":"2021-07-05T22:11:08","date_gmt":"2021-07-05T20:11:08","guid":{"rendered":"https:\/\/www.vivantdecorations.com\/?page_id=17713"},"modified":"2026-03-26T12:35:15","modified_gmt":"2026-03-26T11:35:15","slug":"kundenportal","status":"publish","type":"page","link":"https:\/\/www.vivantdecorations.com\/de\/kundenportal\/","title":{"rendered":"Kundenportal"},"content":{"rendered":"<p>[et_pb_section fb_built=&#8221;1&#8243; admin_label=&#8221;Sectie&#8221; _builder_version=&#8221;4.27.5&#8243; background_image=&#8221;https:\/\/www.vivantdecorations.com\/wp-content\/uploads\/2026\/02\/nordic-bliss-1.jpg&#8221; hover_enabled=&#8221;0&#8243; collapsed=&#8221;off&#8221; global_colors_info=&#8221;{}&#8221; title_text=&#8221;nordic bliss&#8221; sticky_enabled=&#8221;0&#8243;][et_pb_row _builder_version=&#8221;4.27.4&#8243; custom_margin=&#8221;0px|||&#8221; custom_padding=&#8221;0px|||&#8221; global_colors_info=&#8221;{}&#8221;][et_pb_column type=&#8221;4_4&#8243; _builder_version=&#8221;4.16&#8243; custom_padding=&#8221;|||&#8221; global_colors_info=&#8221;{}&#8221; custom_padding__hover=&#8221;|||&#8221;][et_pb_text admin_label=&#8221;Paginatitel&#8221; _builder_version=&#8221;4.27.5&#8243; background_color=&#8221;rgba(0,0,0,0.3)&#8221; text_orientation=&#8221;center&#8221; background_layout=&#8221;dark&#8221; module_alignment=&#8221;center&#8221; custom_padding=&#8221;20px|20px|10px|20px&#8221; global_colors_info=&#8221;{}&#8221;]<\/p>\n<h1>KLANTPORTAL<\/h1>\n<p>[\/et_pb_text][\/et_pb_column][\/et_pb_row][\/et_pb_section][et_pb_section fb_built=&#8221;1&#8243; admin_label=&#8221;Sectie&#8221; _builder_version=&#8221;4.16&#8243; collapsed=&#8221;off&#8221; global_colors_info=&#8221;{}&#8221;][et_pb_row _builder_version=&#8221;4.27.4&#8243; background_size=&#8221;initial&#8221; background_position=&#8221;top_left&#8221; background_repeat=&#8221;repeat&#8221; global_colors_info=&#8221;{}&#8221;][et_pb_column type=&#8221;4_4&#8243; _builder_version=&#8221;4.16&#8243; custom_padding=&#8221;|||&#8221; global_colors_info=&#8221;{}&#8221; custom_padding__hover=&#8221;|||&#8221;][et_pb_text _builder_version=&#8221;4.27.5&#8243; global_colors_info=&#8221;{}&#8221;]<\/p>\n<p>De Vivant Portal4Sales, ist unser B2B-Portal, wo Sie unseren Katalog ansehen k\u00f6nnen, um Ihre Lieblingsartikel zu suchen oder selbst online Bestellungen aufgeben.<\/p>\n<p>Im Vivant Portal4Sales k\u00f6nnen Sie unser gesamtes momentan verf\u00fcgbares Sortiment einsehen. Dieses wird t\u00e4glich aktualisiert, sodass alle Informationen aktuell abgerufen werden k\u00f6nnen. Das Vivant Portal4Sales ist \u2018Plug and Play\u2019 und erfordert keine Installation. Sie ben\u00f6tigen lediglich einen Internetbrowser und Ihre pers\u00f6nlichen Zugangsdaten.<\/p>\n<p>[\/et_pb_text][\/et_pb_column][\/et_pb_row][et_pb_row column_structure=&#8221;1_3,1_3,1_3&#8243; use_custom_gutter=&#8221;on&#8221; gutter_width=&#8221;2&#8243; module_class=&#8221;dmm_fp_producten&#8221; _builder_version=&#8221;4.16&#8243; global_colors_info=&#8221;{}&#8221;][et_pb_column type=&#8221;1_3&#8243; _builder_version=&#8221;4.16&#8243; background_position=&#8221;top_left&#8221; custom_padding=&#8221;|||&#8221; global_colors_info=&#8221;{}&#8221; custom_padding__hover=&#8221;|||&#8221;][\/et_pb_column][et_pb_column type=&#8221;1_3&#8243; _builder_version=&#8221;4.16&#8243; background_position=&#8221;top_left&#8221; custom_padding=&#8221;|||&#8221; global_colors_info=&#8221;{}&#8221; custom_padding__hover=&#8221;|||&#8221;][et_pb_image src=&#8221;https:\/\/www.vivantdecorations.com\/wp-content\/uploads\/2021\/02\/app4sales.jpg&#8221; alt=&#8221;Vivant portal for sales op mobiel en desktop&#8221; title_text=&#8221;app4sales&#8221; url=&#8221;https:\/\/shop.app4sales.net\/Vivantdecorations\/#&#8221; url_new_window=&#8221;on&#8221; use_overlay=&#8221;on&#8221; hover_icon=&#8221;&#xe050;||divi||400&#8243; show_bottom_space=&#8221;off&#8221; force_fullwidth=&#8221;on&#8221; align_tablet=&#8221;center&#8221; align_phone=&#8221;&#8221; align_last_edited=&#8221;on|desktop&#8221; admin_label=&#8221;Afbeelding&#8221; module_class=&#8221;dmm_fp_blockimage&#8221; _builder_version=&#8221;4.23.1&#8243; animation_direction=&#8221;off&#8221; animation=&#8221;off&#8221; sticky=&#8221;on&#8221; always_center_on_mobile=&#8221;on&#8221; global_colors_info=&#8221;{}&#8221;][\/et_pb_image][et_pb_blurb title=&#8221;Klantportal&#8221; url=&#8221;https:\/\/shop.app4sales.net\/Vivantdecorations\/#&#8221; url_new_window=&#8221;on&#8221; admin_label=&#8221;Tekst&#8221; _builder_version=&#8221;4.27.4&#8243; text_orientation=&#8221;center&#8221; max_width_tablet=&#8221;50px&#8221; global_colors_info=&#8221;{}&#8221;][\/et_pb_blurb][\/et_pb_column][et_pb_column type=&#8221;1_3&#8243; _builder_version=&#8221;4.16&#8243; background_position=&#8221;top_left&#8221; custom_padding=&#8221;|||&#8221; global_colors_info=&#8221;{}&#8221; custom_padding__hover=&#8221;|||&#8221;][\/et_pb_column][\/et_pb_row][\/et_pb_section][et_pb_section fb_built=&#8221;1&#8243; admin_label=&#8221;Sectie&#8221; _builder_version=&#8221;4.23.1&#8243; custom_padding=&#8221;0px|||&#8221; locked=&#8221;off&#8221; collapsed=&#8221;off&#8221; global_colors_info=&#8221;{}&#8221;][et_pb_row _builder_version=&#8221;4.16&#8243; background_size=&#8221;initial&#8221; background_position=&#8221;top_left&#8221; background_repeat=&#8221;repeat&#8221; collapsed=&#8221;off&#8221; global_colors_info=&#8221;{}&#8221;][et_pb_column type=&#8221;4_4&#8243; _builder_version=&#8221;4.16&#8243; custom_padding=&#8221;|||&#8221; global_colors_info=&#8221;{}&#8221; custom_padding__hover=&#8221;|||&#8221;][et_pb_text admin_label=&#8221;Tekst&#8221; _builder_version=&#8221;4.27.4&#8243; text_orientation=&#8221;center&#8221; module_alignment=&#8221;center&#8221; global_colors_info=&#8221;{}&#8221;]<\/p>\n<h2>geen login?<\/h2>\n<p>[\/et_pb_text][et_pb_button button_url=&#8221;https:\/\/www.vivantdecorations.com\/login-aanvragen\/&#8221; button_text=&#8221;aanvragen&#8221; button_alignment=&#8221;center&#8221; _builder_version=&#8221;4.27.5&#8243; background_layout=&#8221;dark&#8221; hover_enabled=&#8221;0&#8243; global_colors_info=&#8221;{}&#8221; button_text_size__hover_enabled=&#8221;off&#8221; button_one_text_size__hover_enabled=&#8221;off&#8221; button_two_text_size__hover_enabled=&#8221;off&#8221; button_text_color__hover_enabled=&#8221;off&#8221; button_one_text_color__hover_enabled=&#8221;off&#8221; button_two_text_color__hover_enabled=&#8221;off&#8221; button_border_width__hover_enabled=&#8221;off&#8221; button_one_border_width__hover_enabled=&#8221;off&#8221; button_two_border_width__hover_enabled=&#8221;off&#8221; button_border_color__hover_enabled=&#8221;off&#8221; button_one_border_color__hover_enabled=&#8221;off&#8221; button_two_border_color__hover_enabled=&#8221;off&#8221; button_border_radius__hover_enabled=&#8221;off&#8221; button_one_border_radius__hover_enabled=&#8221;off&#8221; button_two_border_radius__hover_enabled=&#8221;off&#8221; button_letter_spacing__hover_enabled=&#8221;off&#8221; button_one_letter_spacing__hover_enabled=&#8221;off&#8221; button_two_letter_spacing__hover_enabled=&#8221;off&#8221; button_bg_color__hover_enabled=&#8221;off&#8221; button_one_bg_color__hover_enabled=&#8221;off&#8221; button_two_bg_color__hover_enabled=&#8221;off&#8221; sticky_enabled=&#8221;0&#8243;][\/et_pb_button][\/et_pb_column][\/et_pb_row][\/et_pb_section]<\/p>","protected":false},"excerpt":{"rendered":"<p>KLANTPORTALDe Vivant Portal4Sales, is onze B2B portal waar u onze catalogus kunt bekijken om uw favoriete artikelen te zoeken of z\u00e9lf online bestellingen te plaatsen. In de Vivant Portal4Sales kunt u ons gehele assortiment zien dat momenteel beschikbaar is. Dit wordt dagelijks geactualiseerd zodat alle informatie up-to-date kan worden opgevraagd. De Vivant Portal4Sales is \u2018plug [&hellip;]<\/p>","protected":false},"author":3,"featured_media":0,"parent":0,"menu_order":1597,"comment_status":"closed","ping_status":"closed","template":"","meta":{"_et_pb_use_builder":"on","_et_pb_old_content":"","_et_gb_content_width":"","footnotes":""},"dipi_cpt_category":[],"class_list":["post-17713","page","type-page","status-publish","hentry"],"yoast_head":"<!-- This site is optimized with the Yoast SEO plugin v26.6 - https:\/\/yoast.com\/wordpress\/plugins\/seo\/ -->\n<title>Naar de Klantportal van Vivant Decorations<\/title>\n<meta name=\"description\" content=\"Naar de klantportal voor de mooiste linten, decoratiematerialen en geschenkverpakkingen uit de collectie van Vivant.\" \/>\n<meta name=\"robots\" content=\"index, follow, max-snippet:-1, max-image-preview:large, max-video-preview:-1\" \/>\n<link rel=\"canonical\" href=\"https:\/\/www.vivantdecorations.com\/de\/kundenportal\/\" \/>\n<meta property=\"og:locale\" content=\"de_DE\" \/>\n<meta property=\"og:type\" content=\"article\" \/>\n<meta property=\"og:title\" content=\"Naar de Klantportal van Vivant Decorations\" \/>\n<meta property=\"og:description\" content=\"Naar de klantportal voor de mooiste linten, decoratiematerialen en geschenkverpakkingen uit de collectie van Vivant.\" \/>\n<meta property=\"og:url\" content=\"https:\/\/www.vivantdecorations.com\/de\/kundenportal\/\" \/>\n<meta property=\"og:site_name\" content=\"Vivant\" \/>\n<meta property=\"article:modified_time\" content=\"2026-03-26T11:35:15+00:00\" \/>\n<meta name=\"twitter:card\" content=\"summary_large_image\" \/>\n<meta name=\"twitter:label1\" content=\"Gesch\u00e4tzte Lesezeit\" \/>\n\t<meta name=\"twitter:data1\" content=\"4\u00a0Minuten\" \/>\n<script type=\"application\/ld+json\" class=\"yoast-schema-graph\">{\"@context\":\"https:\/\/schema.org\",\"@graph\":[{\"@type\":\"WebPage\",\"@id\":\"https:\/\/www.vivantdecorations.com\/klantportal\/\",\"url\":\"https:\/\/www.vivantdecorations.com\/klantportal\/\",\"name\":\"Naar de Klantportal van Vivant Decorations\",\"isPartOf\":{\"@id\":\"https:\/\/www.vivantdecorations.com\/#website\"},\"datePublished\":\"2021-07-05T20:11:08+00:00\",\"dateModified\":\"2026-03-26T11:35:15+00:00\",\"description\":\"Naar de klantportal voor de mooiste linten, decoratiematerialen en geschenkverpakkingen uit de collectie van Vivant.\",\"breadcrumb\":{\"@id\":\"https:\/\/www.vivantdecorations.com\/klantportal\/#breadcrumb\"},\"inLanguage\":\"de\",\"potentialAction\":[{\"@type\":\"ReadAction\",\"target\":[\"https:\/\/www.vivantdecorations.com\/klantportal\/\"]}]},{\"@type\":\"BreadcrumbList\",\"@id\":\"https:\/\/www.vivantdecorations.com\/klantportal\/#breadcrumb\",\"itemListElement\":[{\"@type\":\"ListItem\",\"position\":1,\"name\":\"Home\",\"item\":\"https:\/\/www.vivantdecorations.com\/\"},{\"@type\":\"ListItem\",\"position\":2,\"name\":\"Klantportal\"}]},{\"@type\":\"WebSite\",\"@id\":\"https:\/\/www.vivantdecorations.com\/#website\",\"url\":\"https:\/\/www.vivantdecorations.com\/\",\"name\":\"Vivant\",\"description\":\"Decoration products and luxury packaging\",\"publisher\":{\"@id\":\"https:\/\/www.vivantdecorations.com\/#organization\"},\"potentialAction\":[{\"@type\":\"SearchAction\",\"target\":{\"@type\":\"EntryPoint\",\"urlTemplate\":\"https:\/\/www.vivantdecorations.com\/?s={search_term_string}\"},\"query-input\":{\"@type\":\"PropertyValueSpecification\",\"valueRequired\":true,\"valueName\":\"search_term_string\"}}],\"inLanguage\":\"de\"},{\"@type\":\"Organization\",\"@id\":\"https:\/\/www.vivantdecorations.com\/#organization\",\"name\":\"Vivant\",\"url\":\"https:\/\/www.vivantdecorations.com\/\",\"logo\":{\"@type\":\"ImageObject\",\"inLanguage\":\"de\",\"@id\":\"https:\/\/www.vivantdecorations.com\/#\/schema\/logo\/image\/\",\"url\":\"https:\/\/www.vivantdecorations.com\/wp-content\/uploads\/2017\/10\/vivant-logo-210x60px.png\",\"contentUrl\":\"https:\/\/www.vivantdecorations.com\/wp-content\/uploads\/2017\/10\/vivant-logo-210x60px.png\",\"width\":210,\"height\":60,\"caption\":\"Vivant\"},\"image\":{\"@id\":\"https:\/\/www.vivantdecorations.com\/#\/schema\/logo\/image\/\"}}]}<\/script>\n<!-- \/ Yoast SEO plugin. -->","yoast_head_json":{"title":"Zum Kundenportal von Vivant Decorations","description":"Zum Kundenportal f\u00fcr die sch\u00f6nsten B\u00e4nder, Dekorationsmaterialien und Geschenkverpackungen aus der Vivant-Kollektion.","robots":{"index":"index","follow":"follow","max-snippet":"max-snippet:-1","max-image-preview":"max-image-preview:large","max-video-preview":"max-video-preview:-1"},"canonical":"https:\/\/www.vivantdecorations.com\/de\/kundenportal\/","og_locale":"de_DE","og_type":"article","og_title":"Naar de Klantportal van Vivant Decorations","og_description":"Naar de klantportal voor de mooiste linten, decoratiematerialen en geschenkverpakkingen uit de collectie van Vivant.","og_url":"https:\/\/www.vivantdecorations.com\/de\/kundenportal\/","og_site_name":"Vivant","article_modified_time":"2026-03-26T11:35:15+00:00","twitter_card":"summary_large_image","twitter_misc":{"Gesch\u00e4tzte Lesezeit":"4\u00a0Minuten"},"schema":{"@context":"https:\/\/schema.org","@graph":[{"@type":"WebPage","@id":"https:\/\/www.vivantdecorations.com\/klantportal\/","url":"https:\/\/www.vivantdecorations.com\/klantportal\/","name":"Zum Kundenportal von Vivant Decorations","isPartOf":{"@id":"https:\/\/www.vivantdecorations.com\/#website"},"datePublished":"2021-07-05T20:11:08+00:00","dateModified":"2026-03-26T11:35:15+00:00","description":"Zum Kundenportal f\u00fcr die sch\u00f6nsten B\u00e4nder, Dekorationsmaterialien und Geschenkverpackungen aus der Vivant-Kollektion.","breadcrumb":{"@id":"https:\/\/www.vivantdecorations.com\/klantportal\/#breadcrumb"},"inLanguage":"de","potentialAction":[{"@type":"ReadAction","target":["https:\/\/www.vivantdecorations.com\/klantportal\/"]}]},{"@type":"BreadcrumbList","@id":"https:\/\/www.vivantdecorations.com\/klantportal\/#breadcrumb","itemListElement":[{"@type":"ListItem","position":1,"name":"Home","item":"https:\/\/www.vivantdecorations.com\/"},{"@type":"ListItem","position":2,"name":"Klantportal"}]},{"@type":"WebSite","@id":"https:\/\/www.vivantdecorations.com\/#website","url":"https:\/\/www.vivantdecorations.com\/","name":"Vivant","description":"Dekorationsartikel und Luxusverpackungen","publisher":{"@id":"https:\/\/www.vivantdecorations.com\/#organization"},"potentialAction":[{"@type":"SearchAction","target":{"@type":"EntryPoint","urlTemplate":"https:\/\/www.vivantdecorations.com\/?s={search_term_string}"},"query-input":{"@type":"PropertyValueSpecification","valueRequired":true,"valueName":"search_term_string"}}],"inLanguage":"de"},{"@type":"Organization","@id":"https:\/\/www.vivantdecorations.com\/#organization","name":"Vivant","url":"https:\/\/www.vivantdecorations.com\/","logo":{"@type":"ImageObject","inLanguage":"de","@id":"https:\/\/www.vivantdecorations.com\/#\/schema\/logo\/image\/","url":"https:\/\/www.vivantdecorations.com\/wp-content\/uploads\/2017\/10\/vivant-logo-210x60px.png","contentUrl":"https:\/\/www.vivantdecorations.com\/wp-content\/uploads\/2017\/10\/vivant-logo-210x60px.png","width":210,"height":60,"caption":"Vivant"},"image":{"@id":"https:\/\/www.vivantdecorations.com\/#\/schema\/logo\/image\/"}}]}},"_links":{"self":[{"href":"https:\/\/www.vivantdecorations.com\/de\/wp-json\/wp\/v2\/pages\/17713","targetHints":{"allow":["GET"]}}],"collection":[{"href":"https:\/\/www.vivantdecorations.com\/de\/wp-json\/wp\/v2\/pages"}],"about":[{"href":"https:\/\/www.vivantdecorations.com\/de\/wp-json\/wp\/v2\/types\/page"}],"author":[{"embeddable":true,"href":"https:\/\/www.vivantdecorations.com\/de\/wp-json\/wp\/v2\/users\/3"}],"replies":[{"embeddable":true,"href":"https:\/\/www.vivantdecorations.com\/de\/wp-json\/wp\/v2\/comments?post=17713"}],"version-history":[{"count":65,"href":"https:\/\/www.vivantdecorations.com\/de\/wp-json\/wp\/v2\/pages\/17713\/revisions"}],"predecessor-version":[{"id":26837,"href":"https:\/\/www.vivantdecorations.com\/de\/wp-json\/wp\/v2\/pages\/17713\/revisions\/26837"}],"wp:attachment":[{"href":"https:\/\/www.vivantdecorations.com\/de\/wp-json\/wp\/v2\/media?parent=17713"}],"wp:term":[{"taxonomy":"dipi_cpt_category","embeddable":true,"href":"https:\/\/www.vivantdecorations.com\/de\/wp-json\/wp\/v2\/dipi_cpt_category?post=17713"}],"curies":[{"name":"wp","href":"https:\/\/api.w.org\/{rel}","templated":true}]}}