{"id":1206,"date":"2017-12-06T11:26:07","date_gmt":"2017-12-06T10:26:07","guid":{"rendered":"https:\/\/www.vivantdecorations.com\/?page_id=1206"},"modified":"2026-03-26T11:42:20","modified_gmt":"2026-03-26T10:42:20","slug":"tischlaufer-stoffbanner","status":"publish","type":"page","link":"https:\/\/www.vivantdecorations.com\/de\/tischlaufer-stoffbanner\/","title":{"rendered":"Tischl\u00e4ufer, Stoffe und Banner"},"content":{"rendered":"<p>[et_pb_section fb_built=&#8221;1&#8243; _builder_version=&#8221;4.27.5&#8243; background_color_gradient_start=&#8221;rgba(255,255,255,0)&#8221; background_color_gradient_end=&#8221;#ffffff&#8221; background_image=&#8221;https:\/\/www.vivantdecorations.com\/wp-content\/uploads\/2026\/03\/Tafellopers-stoffen-smal-2.jpg&#8221; background_position=&#8221;bottom_left&#8221; global_colors_info=&#8221;{}&#8221;][et_pb_row _builder_version=&#8221;4.16&#8243; custom_margin=&#8221;0px|||&#8221; custom_padding=&#8221;0px|||&#8221; global_colors_info=&#8221;{}&#8221;][et_pb_column type=&#8221;4_4&#8243; _builder_version=&#8221;4.16&#8243; custom_padding=&#8221;|||&#8221; global_colors_info=&#8221;{}&#8221; custom_padding__hover=&#8221;|||&#8221;][et_pb_text admin_label=&#8221;Paginatitel&#8221; _builder_version=&#8221;4.27.5&#8243; background_color=&#8221;rgba(0,0,0,0.3)&#8221; text_orientation=&#8221;center&#8221; background_layout=&#8221;dark&#8221; module_alignment=&#8221;center&#8221; custom_padding=&#8221;20px|20px|10px|20px&#8221; hover_enabled=&#8221;0&#8243; global_colors_info=&#8221;{}&#8221; sticky_enabled=&#8221;0&#8243;]<\/p>\n<h1><em>TISCHL\u00c4UFER, STOFFE &amp; BANNER<\/em><\/h1>\n<p>[\/et_pb_text][\/et_pb_column][\/et_pb_row][\/et_pb_section][et_pb_section fb_built=&#8221;1&#8243; _builder_version=&#8221;4.16&#8243; background_color_gradient_start=&#8221;rgba(255,255,255,0)&#8221; background_color_gradient_end=&#8221;#ffffff&#8221; background_blend=&#8221;overlay&#8221; custom_padding=&#8221;||0px|&#8221; global_colors_info=&#8221;{}&#8221;][et_pb_row _builder_version=&#8221;4.16&#8243; global_colors_info=&#8221;{}&#8221;][et_pb_column type=&#8221;4_4&#8243; _builder_version=&#8221;4.16&#8243; custom_padding=&#8221;|||&#8221; global_colors_info=&#8221;{}&#8221; custom_padding__hover=&#8221;|||&#8221;][et_pb_text _builder_version=&#8221;4.16&#8243; global_colors_info=&#8221;{}&#8221;]<strong>Kreieren Sie Ihren eigenen Stil mit unseren dekorativen Tischl\u00e4ufern, Stoffen und Bannern<\/strong><\/p>\n<p>In der Vivant-Kollektion von L\u00e4ufern, Bannern und Stoffen finden Sie Tischdekoration f\u00fcr den professionellen Markt in sch\u00f6nen Materialien und atemberaubenden Farben, Mustern und Texturen. Diese Deko-L\u00e4ufer aus Baumwolle, Mesh, Papier oder Polyester, die zum Beispiel wie Leinen oder Jute aussehen, schm\u00fccken jeden Tisch. F\u00fcr eine romantische Tischdekoration verwenden Sie z. B. einen Organza-Tischl\u00e4ufer oder eine Spitzenunterlage. F\u00fcr einen authentischen Look bevorzugen Sie zum Beispiel einen Baumwoll- oder einen Samtl\u00e4ufer. Es gibt sogar Tischl\u00e4ufer aus Papier f\u00fcr Catering, Kinderfeste oder Eventdekorationen.<br \/>\nSie haben die Wahl zwischen Tischl\u00e4ufern mit einer Breite von 28 bis 40 Zentimetern und einer L\u00e4nge von 2,5 bis 5 Metern. Auch bei der Ausf\u00fchrung der Tischl\u00e4ufer haben Sie die Qual der Wahl. Es gibt L\u00e4ufer mit geschnittenen, dekorativen oder ges\u00e4umten Kanten. Matt, gl\u00e4nzend, transparent, metallisch, einfarbig oder gemustert - was gef\u00e4llt Ihnen f\u00fcr Ihr Interieur oder das Ihrer Kunden?<\/p>\n<p><strong>Besondere Tischdekoration <\/strong><\/p>\n<p>Noch kein Weihnachten oder Ostern? Mit unseren L\u00e4ufern k\u00f6nnen Sie jede Mahlzeit in etwas Besonderes verwandeln. Horizontal oder vertikal auf den Tisch gelegt, bilden sie eine originelle Grundlage f\u00fcr eine attraktive Tischdekoration. Verwenden Sie unsere Tischl\u00e4ufer anstelle einer Tischdecke, zwei nebeneinander, als Untersetzer oder zugeschnitten als Tischsets. Zus\u00e4tzlich zu unseren L\u00e4ufern k\u00f6nnen Sie auch eine attraktive Tischdecke oder ein Tischset im Stil w\u00e4hlen. So wird es am Tisch gem\u00fctlich!<\/p>\n<p><strong>Banner und Stoffe als Raumteiler, Gardinen und Wanddekorationen<\/strong><\/p>\n<p>Unsere sch\u00f6nen Banner sind oben und unten mit einem 4 cm langen Tunnel versehen, der das Aufh\u00e4ngen erleichtert. H\u00e4ngen Sie ein Banner von der Decke und Sie k\u00f6nnen im Handumdrehen die richtige Atmosph\u00e4re und den richtigen Hintergrund in Ihrem Schaufenster oder Gesch\u00e4ft schaffen. Als Raumteiler, Wand- oder Fensterdekoration bringen die L\u00e4ufer und Banner Farbe in jedes Interieur. Unsere 2,5 m langen Banner k\u00f6nnen auch als Dekoration f\u00fcr lange Tische verwendet werden. Verwenden Sie unsere (halb-)transparenten Stoffe wie Voile, Organza und New Palette, wenn Sie das Licht (teilweise) durchlassen wollen. F\u00fcr einen Verdunkelungseffekt w\u00e4hlen Sie Banner oder L\u00e4ufer aus Jute, Satin oder Baumwolle. Tischl\u00e4ufer, Banner und Stoffe nach Ma\u00df sind nat\u00fcrlich auch bei Vivant m\u00f6glich! Aber.... vergessen Sie nicht, zuerst einen Blick auf unsere Kollektion von einfachen L\u00e4ufern, Tischl\u00e4ufern f\u00fcr Ostern und unseren sch\u00f6nen Weihnachtsl\u00e4ufern zu werfen!<br \/>\n[\/et_pb_text][\/et_pb_column][\/et_pb_row][\/et_pb_section][et_pb_section fb_built=&#8221;1&#8243; _builder_version=&#8221;4.16&#8243; custom_padding=&#8221;0px|||&#8221; global_colors_info=&#8221;{}&#8221;][et_pb_row _builder_version=&#8221;4.16&#8243; background_size=&#8221;initial&#8221; background_position=&#8221;top_left&#8221; background_repeat=&#8221;repeat&#8221; global_colors_info=&#8221;{}&#8221;][et_pb_column type=&#8221;4_4&#8243; _builder_version=&#8221;4.16&#8243; custom_padding=&#8221;|||&#8221; global_colors_info=&#8221;{}&#8221; custom_padding__hover=&#8221;|||&#8221;][et_pb_text _builder_version=&#8221;4.27.5&#8243; text_orientation=&#8221;center&#8221; module_alignment=&#8221;center&#8221; hover_enabled=&#8221;0&#8243; global_colors_info=&#8221;{}&#8221; sticky_enabled=&#8221;0&#8243;]<\/p>\n<h2>mehr wissen?<\/h2>\n<p>[\/et_pb_text][et_pb_button button_url=&#8221;\/informatie-aanvragen&#8221; button_text=&#8221;neem contact met ons op&#8221; button_alignment=&#8221;center&#8221; _builder_version=&#8221;4.27.5&#8243; background_layout=&#8221;dark&#8221; hover_enabled=&#8221;0&#8243; global_colors_info=&#8221;{}&#8221; button_text_size__hover_enabled=&#8221;off&#8221; button_one_text_size__hover_enabled=&#8221;off&#8221; button_two_text_size__hover_enabled=&#8221;off&#8221; button_text_color__hover_enabled=&#8221;off&#8221; button_one_text_color__hover_enabled=&#8221;off&#8221; button_two_text_color__hover_enabled=&#8221;off&#8221; button_border_width__hover_enabled=&#8221;off&#8221; button_one_border_width__hover_enabled=&#8221;off&#8221; button_two_border_width__hover_enabled=&#8221;off&#8221; button_border_color__hover_enabled=&#8221;off&#8221; button_one_border_color__hover_enabled=&#8221;off&#8221; button_two_border_color__hover_enabled=&#8221;off&#8221; button_border_radius__hover_enabled=&#8221;off&#8221; button_one_border_radius__hover_enabled=&#8221;off&#8221; button_two_border_radius__hover_enabled=&#8221;off&#8221; button_letter_spacing__hover_enabled=&#8221;off&#8221; button_one_letter_spacing__hover_enabled=&#8221;off&#8221; button_two_letter_spacing__hover_enabled=&#8221;off&#8221; button_bg_color__hover_enabled=&#8221;off&#8221; button_one_bg_color__hover_enabled=&#8221;off&#8221; button_two_bg_color__hover_enabled=&#8221;off&#8221; sticky_enabled=&#8221;0&#8243;][\/et_pb_button][\/et_pb_column][\/et_pb_row][\/et_pb_section]<\/p>","protected":false},"excerpt":{"rendered":"<p>TAFELLOPERS, STOFFEN &amp; BANNERSCre\u00eber uw eigen stijl met onze decoratieve tafellopers, stoffen &amp; banners In de collectie lopers, banners en stoffen van Vivant vindt u tafeldecoratie voor de professionele markt in mooie materialen en prachtige kleuren, patronen en texturen. Gemaakt van katoen, mesh, papier of polyester dat er uit ziet als bijvoorbeeld linnen of jute, [&hellip;]<\/p>","protected":false},"author":3,"featured_media":0,"parent":0,"menu_order":1585,"comment_status":"closed","ping_status":"closed","template":"","meta":{"_et_pb_use_builder":"on","_et_pb_old_content":"","_et_gb_content_width":"","footnotes":""},"dipi_cpt_category":[],"class_list":["post-1206","page","type-page","status-publish","hentry"],"yoast_head":"<!-- This site is optimized with the Yoast SEO plugin v26.6 - https:\/\/yoast.com\/wordpress\/plugins\/seo\/ -->\n<title>Tafellopers, stoffen &amp; banners van Vivant<\/title>\n<meta name=\"description\" content=\"Originele tafellopers, stoffen &amp; banners voor detailhandel en grootwinkelbedrijf. Maak van elke tafel en etalage iets bijzonders met Vivant.\" \/>\n<meta name=\"robots\" content=\"index, follow, max-snippet:-1, max-image-preview:large, max-video-preview:-1\" \/>\n<link rel=\"canonical\" href=\"https:\/\/www.vivantdecorations.com\/de\/tischlaufer-stoffbanner\/\" \/>\n<meta property=\"og:locale\" content=\"de_DE\" \/>\n<meta property=\"og:type\" content=\"article\" \/>\n<meta property=\"og:title\" content=\"Tafellopers, stoffen &amp; banners van Vivant\" \/>\n<meta property=\"og:description\" content=\"Originele tafellopers, stoffen &amp; banners voor detailhandel en grootwinkelbedrijf. Maak van elke tafel en etalage iets bijzonders met Vivant.\" \/>\n<meta property=\"og:url\" content=\"https:\/\/www.vivantdecorations.com\/de\/tischlaufer-stoffbanner\/\" \/>\n<meta property=\"og:site_name\" content=\"Vivant\" \/>\n<meta property=\"article:modified_time\" content=\"2026-03-26T10:42:20+00:00\" \/>\n<meta name=\"twitter:card\" content=\"summary_large_image\" \/>\n<meta name=\"twitter:label1\" content=\"Gesch\u00e4tzte Lesezeit\" \/>\n\t<meta name=\"twitter:data1\" content=\"4\u00a0Minuten\" \/>\n<script type=\"application\/ld+json\" class=\"yoast-schema-graph\">{\"@context\":\"https:\/\/schema.org\",\"@graph\":[{\"@type\":\"WebPage\",\"@id\":\"https:\/\/www.vivantdecorations.com\/tafellopers-stoffen-banners\/\",\"url\":\"https:\/\/www.vivantdecorations.com\/tafellopers-stoffen-banners\/\",\"name\":\"Tafellopers, stoffen & banners van Vivant\",\"isPartOf\":{\"@id\":\"https:\/\/www.vivantdecorations.com\/#website\"},\"datePublished\":\"2017-12-06T10:26:07+00:00\",\"dateModified\":\"2026-03-26T10:42:20+00:00\",\"description\":\"Originele tafellopers, stoffen & banners voor detailhandel en grootwinkelbedrijf. Maak van elke tafel en etalage iets bijzonders met Vivant.\",\"breadcrumb\":{\"@id\":\"https:\/\/www.vivantdecorations.com\/tafellopers-stoffen-banners\/#breadcrumb\"},\"inLanguage\":\"de\",\"potentialAction\":[{\"@type\":\"ReadAction\",\"target\":[\"https:\/\/www.vivantdecorations.com\/tafellopers-stoffen-banners\/\"]}]},{\"@type\":\"BreadcrumbList\",\"@id\":\"https:\/\/www.vivantdecorations.com\/tafellopers-stoffen-banners\/#breadcrumb\",\"itemListElement\":[{\"@type\":\"ListItem\",\"position\":1,\"name\":\"Home\",\"item\":\"https:\/\/www.vivantdecorations.com\/\"},{\"@type\":\"ListItem\",\"position\":2,\"name\":\"Tafellopers, stoffen &#038; banners\"}]},{\"@type\":\"WebSite\",\"@id\":\"https:\/\/www.vivantdecorations.com\/#website\",\"url\":\"https:\/\/www.vivantdecorations.com\/\",\"name\":\"Vivant\",\"description\":\"Decoration products and luxury packaging\",\"publisher\":{\"@id\":\"https:\/\/www.vivantdecorations.com\/#organization\"},\"potentialAction\":[{\"@type\":\"SearchAction\",\"target\":{\"@type\":\"EntryPoint\",\"urlTemplate\":\"https:\/\/www.vivantdecorations.com\/?s={search_term_string}\"},\"query-input\":{\"@type\":\"PropertyValueSpecification\",\"valueRequired\":true,\"valueName\":\"search_term_string\"}}],\"inLanguage\":\"de\"},{\"@type\":\"Organization\",\"@id\":\"https:\/\/www.vivantdecorations.com\/#organization\",\"name\":\"Vivant\",\"url\":\"https:\/\/www.vivantdecorations.com\/\",\"logo\":{\"@type\":\"ImageObject\",\"inLanguage\":\"de\",\"@id\":\"https:\/\/www.vivantdecorations.com\/#\/schema\/logo\/image\/\",\"url\":\"https:\/\/www.vivantdecorations.com\/wp-content\/uploads\/2017\/10\/vivant-logo-210x60px.png\",\"contentUrl\":\"https:\/\/www.vivantdecorations.com\/wp-content\/uploads\/2017\/10\/vivant-logo-210x60px.png\",\"width\":210,\"height\":60,\"caption\":\"Vivant\"},\"image\":{\"@id\":\"https:\/\/www.vivantdecorations.com\/#\/schema\/logo\/image\/\"}}]}<\/script>\n<!-- \/ Yoast SEO plugin. -->","yoast_head_json":{"title":"Tischl\u00e4ufer, Stoffe und Banner von Vivant","description":"Originelle Tischl\u00e4ufer, Stoffe und Banner f\u00fcr Einzelhandel und Handelsketten. Verwandeln Sie jeden Tisch und jedes Schaufenster mit Vivant in etwas Besonderes.","robots":{"index":"index","follow":"follow","max-snippet":"max-snippet:-1","max-image-preview":"max-image-preview:large","max-video-preview":"max-video-preview:-1"},"canonical":"https:\/\/www.vivantdecorations.com\/de\/tischlaufer-stoffbanner\/","og_locale":"de_DE","og_type":"article","og_title":"Tafellopers, stoffen & banners van Vivant","og_description":"Originele tafellopers, stoffen & banners voor detailhandel en grootwinkelbedrijf. Maak van elke tafel en etalage iets bijzonders met Vivant.","og_url":"https:\/\/www.vivantdecorations.com\/de\/tischlaufer-stoffbanner\/","og_site_name":"Vivant","article_modified_time":"2026-03-26T10:42:20+00:00","twitter_card":"summary_large_image","twitter_misc":{"Gesch\u00e4tzte Lesezeit":"4\u00a0Minuten"},"schema":{"@context":"https:\/\/schema.org","@graph":[{"@type":"WebPage","@id":"https:\/\/www.vivantdecorations.com\/tafellopers-stoffen-banners\/","url":"https:\/\/www.vivantdecorations.com\/tafellopers-stoffen-banners\/","name":"Tischl\u00e4ufer, Stoffe und Banner von Vivant","isPartOf":{"@id":"https:\/\/www.vivantdecorations.com\/#website"},"datePublished":"2017-12-06T10:26:07+00:00","dateModified":"2026-03-26T10:42:20+00:00","description":"Originelle Tischl\u00e4ufer, Stoffe und Banner f\u00fcr Einzelhandel und Handelsketten. Verwandeln Sie jeden Tisch und jedes Schaufenster mit Vivant in etwas Besonderes.","breadcrumb":{"@id":"https:\/\/www.vivantdecorations.com\/tafellopers-stoffen-banners\/#breadcrumb"},"inLanguage":"de","potentialAction":[{"@type":"ReadAction","target":["https:\/\/www.vivantdecorations.com\/tafellopers-stoffen-banners\/"]}]},{"@type":"BreadcrumbList","@id":"https:\/\/www.vivantdecorations.com\/tafellopers-stoffen-banners\/#breadcrumb","itemListElement":[{"@type":"ListItem","position":1,"name":"Home","item":"https:\/\/www.vivantdecorations.com\/"},{"@type":"ListItem","position":2,"name":"Tafellopers, stoffen &#038; banners"}]},{"@type":"WebSite","@id":"https:\/\/www.vivantdecorations.com\/#website","url":"https:\/\/www.vivantdecorations.com\/","name":"Vivant","description":"Dekorationsartikel und Luxusverpackungen","publisher":{"@id":"https:\/\/www.vivantdecorations.com\/#organization"},"potentialAction":[{"@type":"SearchAction","target":{"@type":"EntryPoint","urlTemplate":"https:\/\/www.vivantdecorations.com\/?s={search_term_string}"},"query-input":{"@type":"PropertyValueSpecification","valueRequired":true,"valueName":"search_term_string"}}],"inLanguage":"de"},{"@type":"Organization","@id":"https:\/\/www.vivantdecorations.com\/#organization","name":"Vivant","url":"https:\/\/www.vivantdecorations.com\/","logo":{"@type":"ImageObject","inLanguage":"de","@id":"https:\/\/www.vivantdecorations.com\/#\/schema\/logo\/image\/","url":"https:\/\/www.vivantdecorations.com\/wp-content\/uploads\/2017\/10\/vivant-logo-210x60px.png","contentUrl":"https:\/\/www.vivantdecorations.com\/wp-content\/uploads\/2017\/10\/vivant-logo-210x60px.png","width":210,"height":60,"caption":"Vivant"},"image":{"@id":"https:\/\/www.vivantdecorations.com\/#\/schema\/logo\/image\/"}}]}},"_links":{"self":[{"href":"https:\/\/www.vivantdecorations.com\/de\/wp-json\/wp\/v2\/pages\/1206","targetHints":{"allow":["GET"]}}],"collection":[{"href":"https:\/\/www.vivantdecorations.com\/de\/wp-json\/wp\/v2\/pages"}],"about":[{"href":"https:\/\/www.vivantdecorations.com\/de\/wp-json\/wp\/v2\/types\/page"}],"author":[{"embeddable":true,"href":"https:\/\/www.vivantdecorations.com\/de\/wp-json\/wp\/v2\/users\/3"}],"replies":[{"embeddable":true,"href":"https:\/\/www.vivantdecorations.com\/de\/wp-json\/wp\/v2\/comments?post=1206"}],"version-history":[{"count":35,"href":"https:\/\/www.vivantdecorations.com\/de\/wp-json\/wp\/v2\/pages\/1206\/revisions"}],"predecessor-version":[{"id":26776,"href":"https:\/\/www.vivantdecorations.com\/de\/wp-json\/wp\/v2\/pages\/1206\/revisions\/26776"}],"wp:attachment":[{"href":"https:\/\/www.vivantdecorations.com\/de\/wp-json\/wp\/v2\/media?parent=1206"}],"wp:term":[{"taxonomy":"dipi_cpt_category","embeddable":true,"href":"https:\/\/www.vivantdecorations.com\/de\/wp-json\/wp\/v2\/dipi_cpt_category?post=1206"}],"curies":[{"name":"wp","href":"https:\/\/api.w.org\/{rel}","templated":true}]}}